{"id":10346,"date":"2024-07-29T10:43:39","date_gmt":"2024-07-29T14:43:39","guid":{"rendered":"https:\/\/www.militarychile.cl\/?post_type=product&#038;p=10346"},"modified":"2026-05-04T11:08:05","modified_gmt":"2026-05-04T15:08:05","slug":"rifle-avenge-x1-bt-tac-synt-5-5","status":"publish","type":"product","link":"https:\/\/www.militarychile.cl\/?product=rifle-avenge-x1-bt-tac-synt-5-5","title":{"rendered":"RIFLE AVENGE X1-BT TAC SYNT 5.5"},"content":{"rendered":"<ul>\n<li>Rifle de Aire comprimido PCP<br \/>\nModelo Avenge X \u2013 X1-BT<br \/>\nCalibre: 5,5 mm (.22)<br \/>\nCulata de pol\u00edmero;<br \/>\nVelocidad de munici\u00f3n: hasta 1000 fps; | hasta 950 fps;<br \/>\nCapacidad\u00a0 cargador : 10 disparos;<br \/>\nCapacidad de aire (dep\u00f3sito): 360 ml;<br \/>\nPresi\u00f3n m\u00e1xima: hasta 250 bar;<br \/>\nV\u00e1lvula reguladora: S\u00ed;<br \/>\nBot\u00f3n de ajuste del puerto de transferencia: S\u00ed;<br \/>\nGatillo con ajuste de carrera y peso;<br \/>\nAcci\u00f3n: Palanca (side lever) lateral;<br \/>\nBloqueo de seguridad: S\u00ed.<\/li>\n<li>3.1 kg<\/li>\n<li>304m\/s<\/li>\n<\/ul>\n<p>&nbsp;<\/p>\n","protected":false},"excerpt":{"rendered":"<p>Rifle de Aire comprimido PCP Modelo Avenge X \u2013 X1-BT Calibre: 5,5 mm (.22) Culata de pol\u00edmero; Velocidad de munici\u00f3n: hasta 1000 fps; | hasta 950 fps; Capacidad\u00a0 cargador : 10 disparos; Capacidad de aire (dep\u00f3sito): 360 ml; Presi\u00f3n m\u00e1xima: hasta 250 bar; V\u00e1lvula reguladora: S\u00ed; Bot\u00f3n de ajuste del puerto de transferencia: S\u00ed; Gatillo [&hellip;]<\/p>\n","protected":false},"featured_media":12365,"template":"","meta":{"_et_pb_use_builder":"","_et_pb_old_content":"","_et_gb_content_width":""},"product_cat":[210,993,246],"product_tag":[],"class_list":{"0":"post-10346","1":"product","2":"type-product","3":"status-publish","4":"has-post-thumbnail","6":"product_cat-caza","7":"product_cat-rifles-aire","8":"product_cat-rifles-pcp","10":"first","11":"instock","12":"sale","13":"shipping-taxable","14":"purchasable","15":"product-type-simple"},"_links":{"self":[{"href":"https:\/\/www.militarychile.cl\/index.php?rest_route=\/wp\/v2\/product\/10346"}],"collection":[{"href":"https:\/\/www.militarychile.cl\/index.php?rest_route=\/wp\/v2\/product"}],"about":[{"href":"https:\/\/www.militarychile.cl\/index.php?rest_route=\/wp\/v2\/types\/product"}],"wp:featuredmedia":[{"embeddable":true,"href":"https:\/\/www.militarychile.cl\/index.php?rest_route=\/wp\/v2\/media\/12365"}],"wp:attachment":[{"href":"https:\/\/www.militarychile.cl\/index.php?rest_route=%2Fwp%2Fv2%2Fmedia&parent=10346"}],"wp:term":[{"taxonomy":"product_cat","embeddable":true,"href":"https:\/\/www.militarychile.cl\/index.php?rest_route=%2Fwp%2Fv2%2Fproduct_cat&post=10346"},{"taxonomy":"product_tag","embeddable":true,"href":"https:\/\/www.militarychile.cl\/index.php?rest_route=%2Fwp%2Fv2%2Fproduct_tag&post=10346"}],"curies":[{"name":"wp","href":"https:\/\/api.w.org\/{rel}","templated":true}]}}