{"id":10797,"date":"2025-01-14T10:58:37","date_gmt":"2025-01-14T13:58:37","guid":{"rendered":"https:\/\/www.militarychile.cl\/?post_type=product&#038;p=10797"},"modified":"2026-04-16T16:52:13","modified_gmt":"2026-04-16T20:52:13","slug":"rifle-beeman-raider-5-5","status":"publish","type":"product","link":"https:\/\/www.militarychile.cl\/?product=rifle-beeman-raider-5-5","title":{"rendered":"RIFLE BEEMAN RAIDER 5.5"},"content":{"rendered":"<p><strong>Ca\u00f1\u00f3n revestido con sistema de reducci\u00f3n de ruido.<br \/>\nPresi\u00f3n de llenado: 3500 PSI (241 BAR)<br \/>\nCargador: 10 disparos (.22)<br \/>\nVelocidad m\u00e1xima: 900 FPS (.22)<br \/>\nRiel \u00f3ptico de cola de milano de 11 mm<br \/>\nSeguro manual<br \/>\nLongitud total: 101 cm<br \/>\nPeso: 2.67 kg<br \/>\nIncluye 2 cargadores<\/strong><\/p>\n","protected":false},"excerpt":{"rendered":"<p>Ca\u00f1\u00f3n revestido con sistema de reducci\u00f3n de ruido. Presi\u00f3n de llenado: 3500 PSI (241 BAR) Cargador: 10 disparos (.22) Velocidad m\u00e1xima: 900 FPS (.22) Riel \u00f3ptico de cola de milano de 11 mm Seguro manual Longitud total: 101 cm Peso: 2.67 kg Incluye 2 cargadores<\/p>\n","protected":false},"featured_media":10798,"template":"","meta":{"_et_pb_use_builder":"","_et_pb_old_content":"","_et_gb_content_width":""},"product_cat":[210,246],"product_tag":[],"class_list":{"0":"post-10797","1":"product","2":"type-product","3":"status-publish","4":"has-post-thumbnail","6":"product_cat-caza","7":"product_cat-rifles-pcp","9":"first","10":"instock","11":"sale","12":"shipping-taxable","13":"purchasable","14":"product-type-simple"},"_links":{"self":[{"href":"https:\/\/www.militarychile.cl\/index.php?rest_route=\/wp\/v2\/product\/10797"}],"collection":[{"href":"https:\/\/www.militarychile.cl\/index.php?rest_route=\/wp\/v2\/product"}],"about":[{"href":"https:\/\/www.militarychile.cl\/index.php?rest_route=\/wp\/v2\/types\/product"}],"wp:featuredmedia":[{"embeddable":true,"href":"https:\/\/www.militarychile.cl\/index.php?rest_route=\/wp\/v2\/media\/10798"}],"wp:attachment":[{"href":"https:\/\/www.militarychile.cl\/index.php?rest_route=%2Fwp%2Fv2%2Fmedia&parent=10797"}],"wp:term":[{"taxonomy":"product_cat","embeddable":true,"href":"https:\/\/www.militarychile.cl\/index.php?rest_route=%2Fwp%2Fv2%2Fproduct_cat&post=10797"},{"taxonomy":"product_tag","embeddable":true,"href":"https:\/\/www.militarychile.cl\/index.php?rest_route=%2Fwp%2Fv2%2Fproduct_tag&post=10797"}],"curies":[{"name":"wp","href":"https:\/\/api.w.org\/{rel}","templated":true}]}}