{"id":10809,"date":"2025-01-14T11:31:13","date_gmt":"2025-01-14T14:31:13","guid":{"rendered":"https:\/\/www.militarychile.cl\/?post_type=product&#038;p=10809"},"modified":"2025-06-13T11:13:21","modified_gmt":"2025-06-13T15:13:21","slug":"mira-konuspro-3-9x40","status":"publish","type":"product","link":"https:\/\/www.militarychile.cl\/?product=mira-konuspro-3-9x40","title":{"rendered":"MIRA KONUSPRO 3-9X40"},"content":{"rendered":"<p>Torretas regulables a mano<br \/>\nRet\u00edculo 30\/30 grabado<br \/>\nImpermeables rellenos de nitro\u0301geno<br \/>\nResistentes a los golpes<br \/>\nResistentes a la humedad<br \/>\n\u00d3pticas multitratadas<br \/>\nDi\u00e1metro del tubo 1\u2033 (25,4mm)<\/p>\n<p>Aumento por \u00d8 objetivo: 3-9\u00d740<br \/>\nRet\u00ed\u00adculo: 30\/30<br \/>\nCampo visual \u00e1 100m: 11,5m a\u0301 3x \u2022 3,8m a\u0301 9x<br \/>\nPeso: 399gr<br \/>\nLongitud: 325mm<br \/>\nEye relief: 76mm<br \/>\nPupila de salida: 13,3 a\u0301 3x \u2022 4,4 a\u0301 9x<br \/>\nValor del Click \u00e1 100m: 1\/4 M.O.A. (7,25mm)<br \/>\nGama de regulaci\u00f3n \u00e1 100m: 1,3m<br \/>\nDistancia de montaje: 142mm<\/p>\n","protected":false},"excerpt":{"rendered":"<p>Torretas regulables a mano Ret\u00edculo 30\/30 grabado Impermeables rellenos de nitro\u0301geno Resistentes a los golpes Resistentes a la humedad \u00d3pticas multitratadas Di\u00e1metro del tubo 1\u2033 (25,4mm) Aumento por \u00d8 objetivo: 3-9\u00d740 Ret\u00ed\u00adculo: 30\/30 Campo visual \u00e1 100m: 11,5m a\u0301 3x \u2022 3,8m a\u0301 9x Peso: 399gr Longitud: 325mm Eye relief: 76mm Pupila de salida: 13,3 [&hellip;]<\/p>\n","protected":false},"featured_media":10810,"template":"","meta":{"_et_pb_use_builder":"","_et_pb_old_content":"","_et_gb_content_width":""},"product_cat":[210,858],"product_tag":[],"class_list":{"0":"post-10809","1":"product","2":"type-product","3":"status-publish","4":"has-post-thumbnail","6":"product_cat-caza","7":"product_cat-miras-telescopicas","9":"first","10":"instock","11":"shipping-taxable","12":"purchasable","13":"product-type-simple"},"_links":{"self":[{"href":"https:\/\/www.militarychile.cl\/index.php?rest_route=\/wp\/v2\/product\/10809"}],"collection":[{"href":"https:\/\/www.militarychile.cl\/index.php?rest_route=\/wp\/v2\/product"}],"about":[{"href":"https:\/\/www.militarychile.cl\/index.php?rest_route=\/wp\/v2\/types\/product"}],"wp:featuredmedia":[{"embeddable":true,"href":"https:\/\/www.militarychile.cl\/index.php?rest_route=\/wp\/v2\/media\/10810"}],"wp:attachment":[{"href":"https:\/\/www.militarychile.cl\/index.php?rest_route=%2Fwp%2Fv2%2Fmedia&parent=10809"}],"wp:term":[{"taxonomy":"product_cat","embeddable":true,"href":"https:\/\/www.militarychile.cl\/index.php?rest_route=%2Fwp%2Fv2%2Fproduct_cat&post=10809"},{"taxonomy":"product_tag","embeddable":true,"href":"https:\/\/www.militarychile.cl\/index.php?rest_route=%2Fwp%2Fv2%2Fproduct_tag&post=10809"}],"curies":[{"name":"wp","href":"https:\/\/api.w.org\/{rel}","templated":true}]}}