{"id":10843,"date":"2025-01-22T13:47:23","date_gmt":"2025-01-22T16:47:23","guid":{"rendered":"https:\/\/www.militarychile.cl\/?post_type=product&#038;p=10843"},"modified":"2026-04-15T15:16:14","modified_gmt":"2026-04-15T19:16:14","slug":"rifle-t-rex-bullpup-5-5","status":"publish","type":"product","link":"https:\/\/www.militarychile.cl\/?product=rifle-t-rex-bullpup-5-5","title":{"rendered":"RIFLE T-REX BULLPUP 5.5"},"content":{"rendered":"<ul>\n<li>Acci\u00f3n: SIDE LEVER (Palanca Lateral)<\/li>\n<li>Hasta 40 disparos regulados por carga<\/li>\n<li>850 fps en Cal. 5.5<\/li>\n<li>Seguro manual<\/li>\n<li>Culata Pol\u00edmero de alta resistencia dise\u00f1o moderno y aerodin\u00e1mico<\/li>\n<li>Riel de 22 mm para montaje de mira telesc\u00f3pica<\/li>\n<li>Man\u00f3metro integrado<\/li>\n<li>Capacidad de aire 150 CC<\/li>\n<li>Presi\u00f3n de llenado de 250 BAR\/3600 psi<\/li>\n<li>Cargador para 10 postones<\/li>\n<li>Peso: 2.4 Kilos<\/li>\n<li>Longitud del ca\u00f1\u00f3n: 40 cm<\/li>\n<li>Longitud total: 85 cm<\/li>\n<\/ul>\n","protected":false},"excerpt":{"rendered":"<p>Acci\u00f3n: SIDE LEVER (Palanca Lateral) Hasta 40 disparos regulados por carga 850 fps en Cal. 5.5 Seguro manual Culata Pol\u00edmero de alta resistencia dise\u00f1o moderno y aerodin\u00e1mico Riel de 22 mm para montaje de mira telesc\u00f3pica Man\u00f3metro integrado Capacidad de aire 150 CC Presi\u00f3n de llenado de 250 BAR\/3600 psi Cargador para 10 postones Peso: [&hellip;]<\/p>\n","protected":false},"featured_media":10844,"template":"","meta":{"_et_pb_use_builder":"","_et_pb_old_content":"","_et_gb_content_width":""},"product_cat":[210,246],"product_tag":[],"class_list":{"0":"post-10843","1":"product","2":"type-product","3":"status-publish","4":"has-post-thumbnail","6":"product_cat-caza","7":"product_cat-rifles-pcp","9":"first","10":"instock","11":"sale","12":"shipping-taxable","13":"purchasable","14":"product-type-simple"},"_links":{"self":[{"href":"https:\/\/www.militarychile.cl\/index.php?rest_route=\/wp\/v2\/product\/10843"}],"collection":[{"href":"https:\/\/www.militarychile.cl\/index.php?rest_route=\/wp\/v2\/product"}],"about":[{"href":"https:\/\/www.militarychile.cl\/index.php?rest_route=\/wp\/v2\/types\/product"}],"wp:featuredmedia":[{"embeddable":true,"href":"https:\/\/www.militarychile.cl\/index.php?rest_route=\/wp\/v2\/media\/10844"}],"wp:attachment":[{"href":"https:\/\/www.militarychile.cl\/index.php?rest_route=%2Fwp%2Fv2%2Fmedia&parent=10843"}],"wp:term":[{"taxonomy":"product_cat","embeddable":true,"href":"https:\/\/www.militarychile.cl\/index.php?rest_route=%2Fwp%2Fv2%2Fproduct_cat&post=10843"},{"taxonomy":"product_tag","embeddable":true,"href":"https:\/\/www.militarychile.cl\/index.php?rest_route=%2Fwp%2Fv2%2Fproduct_tag&post=10843"}],"curies":[{"name":"wp","href":"https:\/\/api.w.org\/{rel}","templated":true}]}}