{"id":11089,"date":"2025-05-19T12:07:34","date_gmt":"2025-05-19T16:07:34","guid":{"rendered":"https:\/\/www.militarychile.cl\/?post_type=product&#038;p=11089"},"modified":"2026-04-17T15:56:31","modified_gmt":"2026-04-17T19:56:31","slug":"beeman-chief-iii-s-5-5-regulado","status":"publish","type":"product","link":"https:\/\/www.militarychile.cl\/?product=beeman-chief-iii-s-5-5-regulado","title":{"rendered":"BEEMAN CHIEF III-S 5.5 REGULADO"},"content":{"rendered":"<p><strong>Acci\u00f3n de palanca lateral<br \/>\nModerador integrado NO EXTRAIBLE<br \/>\nPresi\u00f3n de llenado: 3500 PSI (241 BAR)<br \/>\nMan\u00f3metro de presi\u00f3n incorporado<br \/>\nCargador de 10 disparos (.22)<br \/>\nVelocidad m\u00e1xima: 1000 FPS (.22)<br \/>\nGatillo ajustable de 2 etapas<br \/>\nRiel \u00f3ptico de cola de milano de 11 mm<br \/>\nAlmohadilla de goma para el trasero<br \/>\nLongitud total: 43\u2033<br \/>\nPeso: 7,1 libras.<\/strong><\/p>\n","protected":false},"excerpt":{"rendered":"<p>Acci\u00f3n de palanca lateral Moderador integrado NO EXTRAIBLE Presi\u00f3n de llenado: 3500 PSI (241 BAR) Man\u00f3metro de presi\u00f3n incorporado Cargador de 10 disparos (.22) Velocidad m\u00e1xima: 1000 FPS (.22) Gatillo ajustable de 2 etapas Riel \u00f3ptico de cola de milano de 11 mm Almohadilla de goma para el trasero Longitud total: 43\u2033 Peso: 7,1 libras.<\/p>\n","protected":false},"featured_media":11090,"template":"","meta":{"_et_pb_use_builder":"","_et_pb_old_content":"","_et_gb_content_width":""},"product_cat":[210,246],"product_tag":[],"class_list":{"0":"post-11089","1":"product","2":"type-product","3":"status-publish","4":"has-post-thumbnail","6":"product_cat-caza","7":"product_cat-rifles-pcp","9":"first","10":"instock","11":"shipping-taxable","12":"purchasable","13":"product-type-simple"},"_links":{"self":[{"href":"https:\/\/www.militarychile.cl\/index.php?rest_route=\/wp\/v2\/product\/11089"}],"collection":[{"href":"https:\/\/www.militarychile.cl\/index.php?rest_route=\/wp\/v2\/product"}],"about":[{"href":"https:\/\/www.militarychile.cl\/index.php?rest_route=\/wp\/v2\/types\/product"}],"wp:featuredmedia":[{"embeddable":true,"href":"https:\/\/www.militarychile.cl\/index.php?rest_route=\/wp\/v2\/media\/11090"}],"wp:attachment":[{"href":"https:\/\/www.militarychile.cl\/index.php?rest_route=%2Fwp%2Fv2%2Fmedia&parent=11089"}],"wp:term":[{"taxonomy":"product_cat","embeddable":true,"href":"https:\/\/www.militarychile.cl\/index.php?rest_route=%2Fwp%2Fv2%2Fproduct_cat&post=11089"},{"taxonomy":"product_tag","embeddable":true,"href":"https:\/\/www.militarychile.cl\/index.php?rest_route=%2Fwp%2Fv2%2Fproduct_tag&post=11089"}],"curies":[{"name":"wp","href":"https:\/\/api.w.org\/{rel}","templated":true}]}}