{"id":11118,"date":"2025-05-29T15:56:59","date_gmt":"2025-05-29T19:56:59","guid":{"rendered":"https:\/\/www.militarychile.cl\/?post_type=product&#038;p=11118"},"modified":"2025-10-22T23:14:47","modified_gmt":"2025-10-23T02:14:47","slug":"mega-fit-cytac-derecho-con-low-ride-verde","status":"publish","type":"product","link":"https:\/\/www.militarychile.cl\/?product=mega-fit-cytac-derecho-con-low-ride-verde","title":{"rendered":"MEGA FIT CYTAC DERECHO  CON LOW RIDE VERDE"},"content":{"rendered":"<p>&#8211; Holster universal Mega Fit<\/p>\n<p>&#8211; Para mas de 170 modelos de pistola entre ellos Taurus PT917 \/ Jericho 941 \/ Glock 19<\/p>\n<p>&#8211; 5 Tornillos de ajuste para el calce de la pistola<\/p>\n<p>&#8211; Anclaje dentado rotaci\u00f3n 360\u00b0<\/p>\n<p>&#8211; Pol\u00edmero de grado militar<\/p>\n<p>&#8211; Nivel II de seguridad<\/p>\n<p>&#8211; Bot\u00f3n de retenci\u00f3n al \u00edndice<\/p>\n<p>&#8211; Incorporada Plataforma Low Ride Belt Loop.<\/p>\n<p>&#8211; Ajuste de altura de hoslter<\/p>\n<p>&#8211; Correa pierna para mayor seguridad c<\/p>\n","protected":false},"excerpt":{"rendered":"<p>&#8211; Holster universal Mega Fit &#8211; Para mas de 170 modelos de pistola entre ellos Taurus PT917 \/ Jericho 941 \/ Glock 19 &#8211; 5 Tornillos de ajuste para el calce de la pistola &#8211; Anclaje dentado rotaci\u00f3n 360\u00b0 &#8211; Pol\u00edmero de grado militar &#8211; Nivel II de seguridad &#8211; Bot\u00f3n de retenci\u00f3n al \u00edndice [&hellip;]<\/p>\n","protected":false},"featured_media":11119,"template":"","meta":{"_et_pb_use_builder":"","_et_pb_old_content":"","_et_gb_content_width":""},"product_cat":[20,34],"product_tag":[],"class_list":{"0":"post-11118","1":"product","2":"type-product","3":"status-publish","4":"has-post-thumbnail","6":"product_cat-airsoft-y-fa","7":"product_cat-cytac","9":"first","10":"outofstock","11":"shipping-taxable","12":"purchasable","13":"product-type-simple"},"_links":{"self":[{"href":"https:\/\/www.militarychile.cl\/index.php?rest_route=\/wp\/v2\/product\/11118"}],"collection":[{"href":"https:\/\/www.militarychile.cl\/index.php?rest_route=\/wp\/v2\/product"}],"about":[{"href":"https:\/\/www.militarychile.cl\/index.php?rest_route=\/wp\/v2\/types\/product"}],"wp:featuredmedia":[{"embeddable":true,"href":"https:\/\/www.militarychile.cl\/index.php?rest_route=\/wp\/v2\/media\/11119"}],"wp:attachment":[{"href":"https:\/\/www.militarychile.cl\/index.php?rest_route=%2Fwp%2Fv2%2Fmedia&parent=11118"}],"wp:term":[{"taxonomy":"product_cat","embeddable":true,"href":"https:\/\/www.militarychile.cl\/index.php?rest_route=%2Fwp%2Fv2%2Fproduct_cat&post=11118"},{"taxonomy":"product_tag","embeddable":true,"href":"https:\/\/www.militarychile.cl\/index.php?rest_route=%2Fwp%2Fv2%2Fproduct_tag&post=11118"}],"curies":[{"name":"wp","href":"https:\/\/api.w.org\/{rel}","templated":true}]}}