{"id":11134,"date":"2025-06-02T12:04:48","date_gmt":"2025-06-02T16:04:48","guid":{"rendered":"https:\/\/www.militarychile.cl\/?post_type=product&#038;p=11134"},"modified":"2026-02-23T11:21:54","modified_gmt":"2026-02-23T14:21:54","slug":"mira-discovery-vt-z-4-16x42-sfir","status":"publish","type":"product","link":"https:\/\/www.militarychile.cl\/?product=mira-discovery-vt-z-4-16x42-sfir","title":{"rendered":"MIRA DISCOVERY VT-Z 4-16X42 SFIR"},"content":{"rendered":"<p>-Marca: Discovery<br \/>\n-Segundo Plano Focal.<br \/>\n-Di\u00e1metro de la lente: 42 mm.<br \/>\n-Iluminaci\u00f3n : SI. ( No Incluye Pilas )<br \/>\n-Di\u00e1metro del tubo :25,4 mm.<br \/>\n\u2013 1 Haga clic 1\/4 pulgadas.<br \/>\n\u2013 Peso : 465 gramos.<br \/>\n\u2013 Enfoque lateral : 15 yardas.<br \/>\n\u2013 Revestimiento \u00d3ptica con revestimiento totalmente verde m\u00faltiple.<br \/>\n\u2013 A prueba de golpes \/ A prueba de agua \/ A prueba de niebla.<\/p>\n","protected":false},"excerpt":{"rendered":"<p>-Marca: Discovery -Segundo Plano Focal. -Di\u00e1metro de la lente: 42 mm. -Iluminaci\u00f3n : SI. ( No Incluye Pilas ) -Di\u00e1metro del tubo :25,4 mm. \u2013 1 Haga clic 1\/4 pulgadas. \u2013 Peso : 465 gramos. \u2013 Enfoque lateral : 15 yardas. \u2013 Revestimiento \u00d3ptica con revestimiento totalmente verde m\u00faltiple. \u2013 A prueba de golpes \/ [&hellip;]<\/p>\n","protected":false},"featured_media":11135,"template":"","meta":{"_et_pb_use_builder":"","_et_pb_old_content":"","_et_gb_content_width":""},"product_cat":[210,858],"product_tag":[],"class_list":{"0":"post-11134","1":"product","2":"type-product","3":"status-publish","4":"has-post-thumbnail","6":"product_cat-caza","7":"product_cat-miras-telescopicas","9":"first","10":"outofstock","11":"shipping-taxable","12":"purchasable","13":"product-type-simple"},"_links":{"self":[{"href":"https:\/\/www.militarychile.cl\/index.php?rest_route=\/wp\/v2\/product\/11134"}],"collection":[{"href":"https:\/\/www.militarychile.cl\/index.php?rest_route=\/wp\/v2\/product"}],"about":[{"href":"https:\/\/www.militarychile.cl\/index.php?rest_route=\/wp\/v2\/types\/product"}],"wp:featuredmedia":[{"embeddable":true,"href":"https:\/\/www.militarychile.cl\/index.php?rest_route=\/wp\/v2\/media\/11135"}],"wp:attachment":[{"href":"https:\/\/www.militarychile.cl\/index.php?rest_route=%2Fwp%2Fv2%2Fmedia&parent=11134"}],"wp:term":[{"taxonomy":"product_cat","embeddable":true,"href":"https:\/\/www.militarychile.cl\/index.php?rest_route=%2Fwp%2Fv2%2Fproduct_cat&post=11134"},{"taxonomy":"product_tag","embeddable":true,"href":"https:\/\/www.militarychile.cl\/index.php?rest_route=%2Fwp%2Fv2%2Fproduct_tag&post=11134"}],"curies":[{"name":"wp","href":"https:\/\/api.w.org\/{rel}","templated":true}]}}