{"id":11592,"date":"2025-11-11T14:00:14","date_gmt":"2025-11-11T17:00:14","guid":{"rendered":"https:\/\/www.militarychile.cl\/?post_type=product&#038;p=11592"},"modified":"2025-11-11T14:00:14","modified_gmt":"2025-11-11T17:00:14","slug":"cana-cinnetic-blue-line-sea-bass-330","status":"publish","type":"product","link":"https:\/\/www.militarychile.cl\/?product=cana-cinnetic-blue-line-sea-bass-330","title":{"rendered":"CA\u00d1A CINNETIC BLUE LINE SEA BASS 330"},"content":{"rendered":"<p>La Cinnetic Blue Line Sea Bass es una ca\u00f1a de spinning para pesca costera con blank de carbono 24T y acci\u00f3n regular. Su construcci\u00f3n liviana en dos tramos ofrece buen control de lance y capacidad de trabajo con se\u00f1uelos desde 15 hasta 120 gramos, seg\u00fan el modelo. Equipada con anillas SiC y portacarrete Cinnetic DPS, permite abordar especies como corvina, lenguado o sargo desde orilla, tanto en playas como zonas rocosas.<\/p>\n","protected":false},"excerpt":{"rendered":"<p>La Cinnetic Blue Line Sea Bass es una ca\u00f1a de spinning para pesca costera con blank de carbono 24T y acci\u00f3n regular. Su construcci\u00f3n liviana en dos tramos ofrece buen control de lance y capacidad de trabajo con se\u00f1uelos desde 15 hasta 120 gramos, seg\u00fan el modelo. Equipada con anillas SiC y portacarrete Cinnetic DPS, [&hellip;]<\/p>\n","protected":false},"featured_media":11593,"template":"","meta":{"_et_pb_use_builder":"","_et_pb_old_content":"","_et_gb_content_width":""},"product_cat":[1026,248],"product_tag":[],"class_list":{"0":"post-11592","1":"product","2":"type-product","3":"status-publish","4":"has-post-thumbnail","6":"product_cat-canas-mar","7":"product_cat-pesca","9":"first","10":"instock","11":"shipping-taxable","12":"purchasable","13":"product-type-simple"},"_links":{"self":[{"href":"https:\/\/www.militarychile.cl\/index.php?rest_route=\/wp\/v2\/product\/11592"}],"collection":[{"href":"https:\/\/www.militarychile.cl\/index.php?rest_route=\/wp\/v2\/product"}],"about":[{"href":"https:\/\/www.militarychile.cl\/index.php?rest_route=\/wp\/v2\/types\/product"}],"wp:featuredmedia":[{"embeddable":true,"href":"https:\/\/www.militarychile.cl\/index.php?rest_route=\/wp\/v2\/media\/11593"}],"wp:attachment":[{"href":"https:\/\/www.militarychile.cl\/index.php?rest_route=%2Fwp%2Fv2%2Fmedia&parent=11592"}],"wp:term":[{"taxonomy":"product_cat","embeddable":true,"href":"https:\/\/www.militarychile.cl\/index.php?rest_route=%2Fwp%2Fv2%2Fproduct_cat&post=11592"},{"taxonomy":"product_tag","embeddable":true,"href":"https:\/\/www.militarychile.cl\/index.php?rest_route=%2Fwp%2Fv2%2Fproduct_tag&post=11592"}],"curies":[{"name":"wp","href":"https:\/\/api.w.org\/{rel}","templated":true}]}}