{"id":11661,"date":"2025-11-12T11:11:01","date_gmt":"2025-11-12T14:11:01","guid":{"rendered":"https:\/\/www.militarychile.cl\/?post_type=product&#038;p=11661"},"modified":"2026-04-21T21:23:28","modified_gmt":"2026-04-22T01:23:28","slug":"carrete-okuma-acuador","status":"publish","type":"product","link":"https:\/\/www.militarychile.cl\/?product=carrete-okuma-acuador","title":{"rendered":"CARRETE OKUMA ACUADOR"},"content":{"rendered":"<p>El reci\u00e9n redise\u00f1ado Acuador Spinning reels ha sido reconstruido de arriba a abajo. Ahora cuenta con arandelas de arrastre de fieltro aceitado japon\u00e9s y un sistema de transmisi\u00f3n de acero inoxidable 3BB+1RB, son resistentes. Con el mango de metal y el carrete de aluminio mecanizado, anodizado en 2 tonos con labio LCS, tendr\u00e1s lanzamientos largos con una recuperaci\u00f3n suave.<\/p>\n<ul>\n<li>Juntas de arrastre de fieltro engrasado japon\u00e9s de m\u00faltiples discos<\/li>\n<li>Rodamientos de acero inoxidable 3BB+1RB<\/li>\n<li>Rodamiento anti-retroceso de ajuste r\u00e1pido<\/li>\n<li>Engranaje de pi\u00f1\u00f3n de lat\u00f3n cortado con precisi\u00f3n<\/li>\n<li>Marco, placa lateral y rotor resistentes a la corrosi\u00f3n<\/li>\n<li>CFR: Rotor de Flujo Cicl\u00f3nico Technology<\/li>\n<li>Dise\u00f1o de mango de metal r\u00edgido para mayor resistencia<\/li>\n<li>Bobina de aluminio mecanizado, anodizada en 2 tonos con labio LCS<\/li>\n<li>RESII: Sistema de Equalizaci\u00f3n de Rotor Balanceado por Computadora<\/li>\n<\/ul>\n","protected":false},"excerpt":{"rendered":"<p>El reci\u00e9n redise\u00f1ado Acuador Spinning reels ha sido reconstruido de arriba a abajo. Ahora cuenta con arandelas de arrastre de fieltro aceitado japon\u00e9s y un sistema de transmisi\u00f3n de acero inoxidable 3BB+1RB, son resistentes. Con el mango de metal y el carrete de aluminio mecanizado, anodizado en 2 tonos con labio LCS, tendr\u00e1s lanzamientos largos [&hellip;]<\/p>\n","protected":false},"featured_media":11665,"template":"","meta":{"_et_pb_use_builder":"","_et_pb_old_content":"","_et_gb_content_width":""},"product_cat":[1092,249,248],"product_tag":[],"class_list":{"0":"post-11661","1":"product","2":"type-product","3":"status-publish","4":"has-post-thumbnail","6":"product_cat-carrete-rio-lago","7":"product_cat-carretes","8":"product_cat-pesca","10":"first","11":"instock","12":"shipping-taxable","13":"purchasable","14":"product-type-variable"},"_links":{"self":[{"href":"https:\/\/www.militarychile.cl\/index.php?rest_route=\/wp\/v2\/product\/11661"}],"collection":[{"href":"https:\/\/www.militarychile.cl\/index.php?rest_route=\/wp\/v2\/product"}],"about":[{"href":"https:\/\/www.militarychile.cl\/index.php?rest_route=\/wp\/v2\/types\/product"}],"wp:featuredmedia":[{"embeddable":true,"href":"https:\/\/www.militarychile.cl\/index.php?rest_route=\/wp\/v2\/media\/11665"}],"wp:attachment":[{"href":"https:\/\/www.militarychile.cl\/index.php?rest_route=%2Fwp%2Fv2%2Fmedia&parent=11661"}],"wp:term":[{"taxonomy":"product_cat","embeddable":true,"href":"https:\/\/www.militarychile.cl\/index.php?rest_route=%2Fwp%2Fv2%2Fproduct_cat&post=11661"},{"taxonomy":"product_tag","embeddable":true,"href":"https:\/\/www.militarychile.cl\/index.php?rest_route=%2Fwp%2Fv2%2Fproduct_tag&post=11661"}],"curies":[{"name":"wp","href":"https:\/\/api.w.org\/{rel}","templated":true}]}}