{"id":11671,"date":"2025-11-12T11:26:00","date_gmt":"2025-11-12T14:26:00","guid":{"rendered":"https:\/\/www.militarychile.cl\/?post_type=product&#038;p=11671"},"modified":"2026-03-16T11:37:48","modified_gmt":"2026-03-16T14:37:48","slug":"carrete-okuma-inspira","status":"publish","type":"product","link":"https:\/\/www.militarychile.cl\/?product=carrete-okuma-inspira","title":{"rendered":"CARRETE OKUMA INSPIRA"},"content":{"rendered":"<ul>\n<li>Cuerpo de aluminio r\u00edgido con tecnolog\u00eda TCA de doble brazo<\/li>\n<li>Engranaje principal HDGII sobredimensionado con pi\u00f1\u00f3n mecanizado<\/li>\n<li>Sistema de arrastre Carbonite + acero inoxidable multidisco<\/li>\n<li>Rodamientos inoxidables: 8BB + 1RB para m\u00e1xima suavidad<\/li>\n<li>Sistema Flite Drive para mayor estabilidad del engranaje<\/li>\n<li>Bail de aluminio s\u00f3lido de alta resistencia<\/li>\n<li>Manivela atornillable de aluminio mecanizado<\/li>\n<li>Pomo tipo T (modelos 4000XA1 y 4000A) o pomo redondo grande (C5000XA1)<\/li>\n<li>Carrete listo para multifilamento con dise\u00f1o sin holgura<\/li>\n<li>Rotor balanceado por computadora (RESII) y sistema EFR-II en el gu\u00eda hilos<\/li>\n<\/ul>\n","protected":false},"excerpt":{"rendered":"<p>Cuerpo de aluminio r\u00edgido con tecnolog\u00eda TCA de doble brazo Engranaje principal HDGII sobredimensionado con pi\u00f1\u00f3n mecanizado Sistema de arrastre Carbonite + acero inoxidable multidisco Rodamientos inoxidables: 8BB + 1RB para m\u00e1xima suavidad Sistema Flite Drive para mayor estabilidad del engranaje Bail de aluminio s\u00f3lido de alta resistencia Manivela atornillable de aluminio mecanizado Pomo tipo [&hellip;]<\/p>\n","protected":false},"featured_media":11674,"template":"","meta":{"_et_pb_use_builder":"","_et_pb_old_content":"","_et_gb_content_width":""},"product_cat":[1091,249,1014,248],"product_tag":[],"class_list":{"0":"post-11671","1":"product","2":"type-product","3":"status-publish","4":"has-post-thumbnail","6":"product_cat-carrete-mar","7":"product_cat-carretes","8":"product_cat-major-craft","9":"product_cat-pesca","11":"first","12":"instock","13":"shipping-taxable","14":"purchasable","15":"product-type-variable"},"_links":{"self":[{"href":"https:\/\/www.militarychile.cl\/index.php?rest_route=\/wp\/v2\/product\/11671"}],"collection":[{"href":"https:\/\/www.militarychile.cl\/index.php?rest_route=\/wp\/v2\/product"}],"about":[{"href":"https:\/\/www.militarychile.cl\/index.php?rest_route=\/wp\/v2\/types\/product"}],"wp:featuredmedia":[{"embeddable":true,"href":"https:\/\/www.militarychile.cl\/index.php?rest_route=\/wp\/v2\/media\/11674"}],"wp:attachment":[{"href":"https:\/\/www.militarychile.cl\/index.php?rest_route=%2Fwp%2Fv2%2Fmedia&parent=11671"}],"wp:term":[{"taxonomy":"product_cat","embeddable":true,"href":"https:\/\/www.militarychile.cl\/index.php?rest_route=%2Fwp%2Fv2%2Fproduct_cat&post=11671"},{"taxonomy":"product_tag","embeddable":true,"href":"https:\/\/www.militarychile.cl\/index.php?rest_route=%2Fwp%2Fv2%2Fproduct_tag&post=11671"}],"curies":[{"name":"wp","href":"https:\/\/api.w.org\/{rel}","templated":true}]}}