{"id":11747,"date":"2025-11-28T12:06:06","date_gmt":"2025-11-28T15:06:06","guid":{"rendered":"https:\/\/www.militarychile.cl\/?post_type=product&#038;p=11747"},"modified":"2026-02-16T10:18:10","modified_gmt":"2026-02-16T13:18:10","slug":"carrete-shimano-nasci-4000","status":"publish","type":"product","link":"https:\/\/www.militarychile.cl\/?product=carrete-shimano-nasci-4000","title":{"rendered":"CARRETE SHIMANO NASCI"},"content":{"rendered":"<p>El\u00a0<strong>carrete Shimano Nasci FC<\/strong>\u00a0representa la evoluci\u00f3n del spinning de alto rendimiento. Redise\u00f1ado para quienes buscan la\u00a0<strong>mejor relaci\u00f3n calidad-precio<\/strong>\u00a0en pesca costera y de agua dulce, este carrete cuenta con\u00a0<strong>CoreProtect<\/strong>\u00a0para resistencia al agua, y engranajes\u00a0<strong>HAGANE<\/strong>\u00a0forjados en fr\u00edo que aseguran durabilidad frente al uso intensivo. Incorpora\u00a0<strong>SilentDrive<\/strong>, tecnolog\u00eda de precisi\u00f3n de micrones que reduce el ruido y la vibraci\u00f3n al m\u00ednimo.<\/p>\n","protected":false},"excerpt":{"rendered":"<p>El\u00a0carrete Shimano Nasci FC\u00a0representa la evoluci\u00f3n del spinning de alto rendimiento. Redise\u00f1ado para quienes buscan la\u00a0mejor relaci\u00f3n calidad-precio\u00a0en pesca costera y de agua dulce, este carrete cuenta con\u00a0CoreProtect\u00a0para resistencia al agua, y engranajes\u00a0HAGANE\u00a0forjados en fr\u00edo que aseguran durabilidad frente al uso intensivo. Incorpora\u00a0SilentDrive, tecnolog\u00eda de precisi\u00f3n de micrones que reduce el ruido y la vibraci\u00f3n [&hellip;]<\/p>\n","protected":false},"featured_media":11751,"template":"","meta":{"_et_pb_use_builder":"","_et_pb_old_content":"","_et_gb_content_width":""},"product_cat":[1091,1092,249],"product_tag":[],"class_list":{"0":"post-11747","1":"product","2":"type-product","3":"status-publish","4":"has-post-thumbnail","6":"product_cat-carrete-mar","7":"product_cat-carrete-rio-lago","8":"product_cat-carretes","10":"first","11":"instock","12":"sale","13":"shipping-taxable","14":"purchasable","15":"product-type-variable"},"_links":{"self":[{"href":"https:\/\/www.militarychile.cl\/index.php?rest_route=\/wp\/v2\/product\/11747"}],"collection":[{"href":"https:\/\/www.militarychile.cl\/index.php?rest_route=\/wp\/v2\/product"}],"about":[{"href":"https:\/\/www.militarychile.cl\/index.php?rest_route=\/wp\/v2\/types\/product"}],"wp:featuredmedia":[{"embeddable":true,"href":"https:\/\/www.militarychile.cl\/index.php?rest_route=\/wp\/v2\/media\/11751"}],"wp:attachment":[{"href":"https:\/\/www.militarychile.cl\/index.php?rest_route=%2Fwp%2Fv2%2Fmedia&parent=11747"}],"wp:term":[{"taxonomy":"product_cat","embeddable":true,"href":"https:\/\/www.militarychile.cl\/index.php?rest_route=%2Fwp%2Fv2%2Fproduct_cat&post=11747"},{"taxonomy":"product_tag","embeddable":true,"href":"https:\/\/www.militarychile.cl\/index.php?rest_route=%2Fwp%2Fv2%2Fproduct_tag&post=11747"}],"curies":[{"name":"wp","href":"https:\/\/api.w.org\/{rel}","templated":true}]}}