{"id":11767,"date":"2025-11-28T12:32:38","date_gmt":"2025-11-28T15:32:38","guid":{"rendered":"https:\/\/www.militarychile.cl\/?post_type=product&#038;p=11767"},"modified":"2026-02-23T11:01:51","modified_gmt":"2026-02-23T14:01:51","slug":"carrete-shimano-miravel","status":"publish","type":"product","link":"https:\/\/www.militarychile.cl\/?product=carrete-shimano-miravel","title":{"rendered":"CARRETE SHIMANO MIRAVEL"},"content":{"rendered":"<p><span class=\"goog-text-highlight\">El Miravel es el modelo de precio m\u00e1s bajo de la popular serie Magnumlite.\u00a0<\/span>El peso total reducido, combinado con una sensaci\u00f3n de rotaci\u00f3n liviana, es perfecto para los pescadores que desean un rendimiento avanzado combinado con una excelente asequibilidad.\u00a0La apariencia discreta del Miravel te llenar\u00e1 de confianza.\u00a0El dise\u00f1o elegante contrasta con su asequibilidad y se combinar\u00e1 a la perfecci\u00f3n con cualquier ca\u00f1a Shimano, creando la armon\u00eda perfecta de ligereza y equilibrio.\u00a0Y el rendimiento sofisticado realmente te atraer\u00e1 si eres un pescador t\u00e9cnico que aprecia la ligereza de peso y la ligereza de rotaci\u00f3n.\u00a0Como parte de la serie Magnumlite, puede estar seguro de que el Miravel est\u00e1 repleto de tecnolog\u00eda avanzada para hacer que su pesca sea m\u00e1s eficiente y placentera.\u00a0Con compuesto CI4+ en toda su construcci\u00f3n,\u00a0el Miravel tiene un cuerpo G-FREE que es notablemente ligero y bien equilibrado, incluso en los tama\u00f1os m\u00e1s grandes.\u00a0Y como todos los carretes Magnumlite, la ligereza de la rotaci\u00f3n casi desaf\u00eda la l\u00f3gica, ya que solo se requiere una presi\u00f3n m\u00ednima para poner el rotor en movimiento.\u00a0Esto lo convierte en el carrete perfecto para la pesca avanzada con se\u00f1uelos, especialmente cuando se combina con las \u00faltimas ca\u00f1as ligeras.\u00a0Internamente, la tecnolog\u00eda Provegear de Shimano funciona a la perfecci\u00f3n para brindar potencia y suavidad en medidas iguales.\u00a0La famosa combinaci\u00f3n HAGANE GEAR, X-SHIP se mejora con Silent Drive y el mango atornillado le da una franqueza casi antinatural.\u00a0En uso, el carrete se lanza como un sue\u00f1o gracias a la excelente disposici\u00f3n de la l\u00ednea y el carrete AR-C, y se puede confiar totalmente en el freno delantero resistente al agua en las situaciones m\u00e1s exigentes.<\/p>\n","protected":false},"excerpt":{"rendered":"<p>El Miravel es el modelo de precio m\u00e1s bajo de la popular serie Magnumlite.\u00a0El peso total reducido, combinado con una sensaci\u00f3n de rotaci\u00f3n liviana, es perfecto para los pescadores que desean un rendimiento avanzado combinado con una excelente asequibilidad.\u00a0La apariencia discreta del Miravel te llenar\u00e1 de confianza.\u00a0El dise\u00f1o elegante contrasta con su asequibilidad y se [&hellip;]<\/p>\n","protected":false},"featured_media":11776,"template":"","meta":{"_et_pb_use_builder":"","_et_pb_old_content":"","_et_gb_content_width":""},"product_cat":[16,1091,1092,249,248],"product_tag":[],"class_list":{"0":"post-11767","1":"product","2":"type-product","3":"status-publish","4":"has-post-thumbnail","6":"product_cat-sin-categorizar","7":"product_cat-carrete-mar","8":"product_cat-carrete-rio-lago","9":"product_cat-carretes","10":"product_cat-pesca","12":"first","13":"instock","14":"sale","15":"shipping-taxable","16":"purchasable","17":"product-type-variable"},"_links":{"self":[{"href":"https:\/\/www.militarychile.cl\/index.php?rest_route=\/wp\/v2\/product\/11767"}],"collection":[{"href":"https:\/\/www.militarychile.cl\/index.php?rest_route=\/wp\/v2\/product"}],"about":[{"href":"https:\/\/www.militarychile.cl\/index.php?rest_route=\/wp\/v2\/types\/product"}],"wp:featuredmedia":[{"embeddable":true,"href":"https:\/\/www.militarychile.cl\/index.php?rest_route=\/wp\/v2\/media\/11776"}],"wp:attachment":[{"href":"https:\/\/www.militarychile.cl\/index.php?rest_route=%2Fwp%2Fv2%2Fmedia&parent=11767"}],"wp:term":[{"taxonomy":"product_cat","embeddable":true,"href":"https:\/\/www.militarychile.cl\/index.php?rest_route=%2Fwp%2Fv2%2Fproduct_cat&post=11767"},{"taxonomy":"product_tag","embeddable":true,"href":"https:\/\/www.militarychile.cl\/index.php?rest_route=%2Fwp%2Fv2%2Fproduct_tag&post=11767"}],"curies":[{"name":"wp","href":"https:\/\/api.w.org\/{rel}","templated":true}]}}