{"id":11778,"date":"2025-11-28T12:45:22","date_gmt":"2025-11-28T15:45:22","guid":{"rendered":"https:\/\/www.militarychile.cl\/?post_type=product&#038;p=11778"},"modified":"2026-02-23T11:01:11","modified_gmt":"2026-02-23T14:01:11","slug":"carrete-shimano-spheros","status":"publish","type":"product","link":"https:\/\/www.militarychile.cl\/?product=carrete-shimano-spheros","title":{"rendered":"CARRETE SHIMANO SPHEROS"},"content":{"rendered":"<p>Nuevo concepto SW (saltwater), completamente redise\u00f1ado para la pesca en agua salada. Exclusivo sistema X Shield que proporciona un blindaje especial, preservando sus engranajes contra cualquier efecto de la corrosi\u00f3n. Con un cuerpo fabricado en aluminio, engranajes Paladin (especial durabilidad debido a aleaci\u00f3n de metal ultra resistente) adem\u00e1s del concepto X Ship (engranajes con ajustes milim\u00e9tricos resultando en mayor precisi\u00f3n, apoyados por rodamiento auxiliar. Evitando desgastes, generando mucha m\u00e1s fuerza y \u200b\u200bsuavidad). Para un bobinado de l\u00ednea perfecto, Spheros cuenta con tecnolog\u00edas Dyna Balance Anti Wobble y Varispeed II Oscillating que evitan la vibraci\u00f3n y controlan la velocidad de bobinado.<\/p>\n","protected":false},"excerpt":{"rendered":"<p>Nuevo concepto SW (saltwater), completamente redise\u00f1ado para la pesca en agua salada. Exclusivo sistema X Shield que proporciona un blindaje especial, preservando sus engranajes contra cualquier efecto de la corrosi\u00f3n. Con un cuerpo fabricado en aluminio, engranajes Paladin (especial durabilidad debido a aleaci\u00f3n de metal ultra resistente) adem\u00e1s del concepto X Ship (engranajes con ajustes [&hellip;]<\/p>\n","protected":false},"featured_media":11781,"template":"","meta":{"_et_pb_use_builder":"","_et_pb_old_content":"","_et_gb_content_width":""},"product_cat":[1091,1092,249,248],"product_tag":[],"class_list":{"0":"post-11778","1":"product","2":"type-product","3":"status-publish","4":"has-post-thumbnail","6":"product_cat-carrete-mar","7":"product_cat-carrete-rio-lago","8":"product_cat-carretes","9":"product_cat-pesca","11":"first","12":"instock","13":"sale","14":"shipping-taxable","15":"purchasable","16":"product-type-variable"},"_links":{"self":[{"href":"https:\/\/www.militarychile.cl\/index.php?rest_route=\/wp\/v2\/product\/11778"}],"collection":[{"href":"https:\/\/www.militarychile.cl\/index.php?rest_route=\/wp\/v2\/product"}],"about":[{"href":"https:\/\/www.militarychile.cl\/index.php?rest_route=\/wp\/v2\/types\/product"}],"wp:featuredmedia":[{"embeddable":true,"href":"https:\/\/www.militarychile.cl\/index.php?rest_route=\/wp\/v2\/media\/11781"}],"wp:attachment":[{"href":"https:\/\/www.militarychile.cl\/index.php?rest_route=%2Fwp%2Fv2%2Fmedia&parent=11778"}],"wp:term":[{"taxonomy":"product_cat","embeddable":true,"href":"https:\/\/www.militarychile.cl\/index.php?rest_route=%2Fwp%2Fv2%2Fproduct_cat&post=11778"},{"taxonomy":"product_tag","embeddable":true,"href":"https:\/\/www.militarychile.cl\/index.php?rest_route=%2Fwp%2Fv2%2Fproduct_tag&post=11778"}],"curies":[{"name":"wp","href":"https:\/\/api.w.org\/{rel}","templated":true}]}}