{"id":11787,"date":"2025-11-28T13:05:15","date_gmt":"2025-11-28T16:05:15","guid":{"rendered":"https:\/\/www.militarychile.cl\/?post_type=product&#038;p=11787"},"modified":"2025-12-10T10:40:56","modified_gmt":"2025-12-10T13:40:56","slug":"carrete-shimano-23stradic","status":"publish","type":"product","link":"https:\/\/www.militarychile.cl\/?product=carrete-shimano-23stradic","title":{"rendered":"CARRETE SHIMANO 23STRADIC"},"content":{"rendered":"<p>El Shimano Stradic\u00a0 es un carrete para pesca de spinning, vers\u00e1til tanto para agua dulce como salada que combina un cuerpo de aluminio HAGANE con tecnolog\u00edas internas como X-SHIP, Micro Module II y Silent Drive para ofrecer suavidad y potencia. Su bobina AR-C y su anti-torsi\u00f3n (ANTI-TWIST) mejoran la distancia de lance y la gu\u00eda del hilo.<span class=\"uJ19be notranslate\" data-wiz-uids=\"W0D7xf_c,W0D7xf_d,W0D7xf_e\"><span class=\"vKEkVd\" data-animation-atomic=\"\">\u00a0<\/span><\/span><\/p>\n","protected":false},"excerpt":{"rendered":"<p>El Shimano Stradic\u00a0 es un carrete para pesca de spinning, vers\u00e1til tanto para agua dulce como salada que combina un cuerpo de aluminio HAGANE con tecnolog\u00edas internas como X-SHIP, Micro Module II y Silent Drive para ofrecer suavidad y potencia. Su bobina AR-C y su anti-torsi\u00f3n (ANTI-TWIST) mejoran la distancia de lance y la gu\u00eda [&hellip;]<\/p>\n","protected":false},"featured_media":11791,"template":"","meta":{"_et_pb_use_builder":"","_et_pb_old_content":"","_et_gb_content_width":""},"product_cat":[1091,1092,249,248],"product_tag":[],"class_list":{"0":"post-11787","1":"product","2":"type-product","3":"status-publish","4":"has-post-thumbnail","6":"product_cat-carrete-mar","7":"product_cat-carrete-rio-lago","8":"product_cat-carretes","9":"product_cat-pesca","11":"first","12":"instock","13":"sale","14":"shipping-taxable","15":"purchasable","16":"product-type-variable"},"_links":{"self":[{"href":"https:\/\/www.militarychile.cl\/index.php?rest_route=\/wp\/v2\/product\/11787"}],"collection":[{"href":"https:\/\/www.militarychile.cl\/index.php?rest_route=\/wp\/v2\/product"}],"about":[{"href":"https:\/\/www.militarychile.cl\/index.php?rest_route=\/wp\/v2\/types\/product"}],"wp:featuredmedia":[{"embeddable":true,"href":"https:\/\/www.militarychile.cl\/index.php?rest_route=\/wp\/v2\/media\/11791"}],"wp:attachment":[{"href":"https:\/\/www.militarychile.cl\/index.php?rest_route=%2Fwp%2Fv2%2Fmedia&parent=11787"}],"wp:term":[{"taxonomy":"product_cat","embeddable":true,"href":"https:\/\/www.militarychile.cl\/index.php?rest_route=%2Fwp%2Fv2%2Fproduct_cat&post=11787"},{"taxonomy":"product_tag","embeddable":true,"href":"https:\/\/www.militarychile.cl\/index.php?rest_route=%2Fwp%2Fv2%2Fproduct_tag&post=11787"}],"curies":[{"name":"wp","href":"https:\/\/api.w.org\/{rel}","templated":true}]}}