{"id":12368,"date":"2026-05-04T11:24:34","date_gmt":"2026-05-04T15:24:34","guid":{"rendered":"https:\/\/www.militarychile.cl\/?post_type=product&#038;p=12368"},"modified":"2026-05-04T11:25:51","modified_gmt":"2026-05-04T15:25:51","slug":"rifle-acutac-a1-t-5-5-synt","status":"publish","type":"product","link":"https:\/\/www.militarychile.cl\/?product=rifle-acutac-a1-t-5-5-synt","title":{"rendered":"RIFLE ACUTAC A1-T 5.5 SYNT"},"content":{"rendered":"<ul>\n<li>Excelente precisi\u00f3n<\/li>\n<li>Carrila ajustable y cantonera de goma<\/li>\n<li>Tanque de aire de 200 cc<\/li>\n<li>Gatillo de competici\u00f3n<\/li>\n<li>Regulador integrado<\/li>\n<li>Ca\u00f1on completamente blindado con roscas de 1\/2&#215;20<\/li>\n<li>Ajuste de potencia H y L<\/li>\n<li>Acci\u00f3n de palanca lateral<\/li>\n<li>Incluye cargador rotatorio y bandeja monotiro<\/li>\n<li>238M\/S<\/li>\n<li>3.4KG<\/li>\n<\/ul>\n","protected":false},"excerpt":{"rendered":"<p>Excelente precisi\u00f3n Carrila ajustable y cantonera de goma Tanque de aire de 200 cc Gatillo de competici\u00f3n Regulador integrado Ca\u00f1on completamente blindado con roscas de 1\/2&#215;20 Ajuste de potencia H y L Acci\u00f3n de palanca lateral Incluye cargador rotatorio y bandeja monotiro 238M\/S 3.4KG<\/p>\n","protected":false},"featured_media":12369,"template":"","meta":{"_et_pb_use_builder":"","_et_pb_old_content":"","_et_gb_content_width":""},"product_cat":[16,210,246],"product_tag":[],"class_list":{"0":"post-12368","1":"product","2":"type-product","3":"status-publish","4":"has-post-thumbnail","6":"product_cat-sin-categorizar","7":"product_cat-caza","8":"product_cat-rifles-pcp","10":"first","11":"instock","12":"shipping-taxable","13":"purchasable","14":"product-type-simple"},"_links":{"self":[{"href":"https:\/\/www.militarychile.cl\/index.php?rest_route=\/wp\/v2\/product\/12368"}],"collection":[{"href":"https:\/\/www.militarychile.cl\/index.php?rest_route=\/wp\/v2\/product"}],"about":[{"href":"https:\/\/www.militarychile.cl\/index.php?rest_route=\/wp\/v2\/types\/product"}],"wp:featuredmedia":[{"embeddable":true,"href":"https:\/\/www.militarychile.cl\/index.php?rest_route=\/wp\/v2\/media\/12369"}],"wp:attachment":[{"href":"https:\/\/www.militarychile.cl\/index.php?rest_route=%2Fwp%2Fv2%2Fmedia&parent=12368"}],"wp:term":[{"taxonomy":"product_cat","embeddable":true,"href":"https:\/\/www.militarychile.cl\/index.php?rest_route=%2Fwp%2Fv2%2Fproduct_cat&post=12368"},{"taxonomy":"product_tag","embeddable":true,"href":"https:\/\/www.militarychile.cl\/index.php?rest_route=%2Fwp%2Fv2%2Fproduct_tag&post=12368"}],"curies":[{"name":"wp","href":"https:\/\/api.w.org\/{rel}","templated":true}]}}