{"id":12372,"date":"2026-05-04T11:43:13","date_gmt":"2026-05-04T15:43:13","guid":{"rendered":"https:\/\/www.militarychile.cl\/?post_type=product&#038;p=12372"},"modified":"2026-05-04T11:59:26","modified_gmt":"2026-05-04T15:59:26","slug":"rifle-acutac-a2-b-5-5-madera","status":"publish","type":"product","link":"https:\/\/www.militarychile.cl\/?product=rifle-acutac-a2-b-5-5-madera","title":{"rendered":"RIFLE ACUTAC A2-B 5.5 MADERA"},"content":{"rendered":"<ul>\n<li>Excelente precisi\u00f3n<\/li>\n<li>Carilla ajustable y cantonera de goma<\/li>\n<li>Bombona de 500cc<\/li>\n<li>Calibre 5.5<\/li>\n<li>Gatillo de competici\u00f3n<\/li>\n<li>regulador integrado<\/li>\n<li>ca\u00f1on completamente blindado con roscas de 1\/2&#215;20<\/li>\n<li>ajuste de potencia H y L<\/li>\n<li>accion de palanca lateral<\/li>\n<li>incluye cargador rotatorio y bandeja monotiro<\/li>\n<li>3.6kg<\/li>\n<li>283m\/s<\/li>\n<\/ul>\n","protected":false},"excerpt":{"rendered":"<p>Excelente precisi\u00f3n Carilla ajustable y cantonera de goma Bombona de 500cc Calibre 5.5 Gatillo de competici\u00f3n regulador integrado ca\u00f1on completamente blindado con roscas de 1\/2&#215;20 ajuste de potencia H y L accion de palanca lateral incluye cargador rotatorio y bandeja monotiro 3.6kg 283m\/s<\/p>\n","protected":false},"featured_media":12380,"template":"","meta":{"_et_pb_use_builder":"","_et_pb_old_content":"","_et_gb_content_width":""},"product_cat":[16,210,246],"product_tag":[],"class_list":{"0":"post-12372","1":"product","2":"type-product","3":"status-publish","4":"has-post-thumbnail","6":"product_cat-sin-categorizar","7":"product_cat-caza","8":"product_cat-rifles-pcp","10":"first","11":"instock","12":"shipping-taxable","13":"purchasable","14":"product-type-simple"},"_links":{"self":[{"href":"https:\/\/www.militarychile.cl\/index.php?rest_route=\/wp\/v2\/product\/12372"}],"collection":[{"href":"https:\/\/www.militarychile.cl\/index.php?rest_route=\/wp\/v2\/product"}],"about":[{"href":"https:\/\/www.militarychile.cl\/index.php?rest_route=\/wp\/v2\/types\/product"}],"wp:featuredmedia":[{"embeddable":true,"href":"https:\/\/www.militarychile.cl\/index.php?rest_route=\/wp\/v2\/media\/12380"}],"wp:attachment":[{"href":"https:\/\/www.militarychile.cl\/index.php?rest_route=%2Fwp%2Fv2%2Fmedia&parent=12372"}],"wp:term":[{"taxonomy":"product_cat","embeddable":true,"href":"https:\/\/www.militarychile.cl\/index.php?rest_route=%2Fwp%2Fv2%2Fproduct_cat&post=12372"},{"taxonomy":"product_tag","embeddable":true,"href":"https:\/\/www.militarychile.cl\/index.php?rest_route=%2Fwp%2Fv2%2Fproduct_tag&post=12372"}],"curies":[{"name":"wp","href":"https:\/\/api.w.org\/{rel}","templated":true}]}}