{"id":12386,"date":"2026-05-08T15:18:35","date_gmt":"2026-05-08T19:18:35","guid":{"rendered":"https:\/\/www.militarychile.cl\/?post_type=product&#038;p=12386"},"modified":"2026-05-08T15:18:35","modified_gmt":"2026-05-08T19:18:35","slug":"rifle-letal-v-8","status":"publish","type":"product","link":"https:\/\/www.militarychile.cl\/?product=rifle-letal-v-8","title":{"rendered":"RIFLE LETAL V-8"},"content":{"rendered":"<ul>\n<li>Marca \/ ModeloLetal \/ V-8 Doble Calibre<\/li>\n<li>Calibres Incluidos 5.5 mm (.22) y 6.35 mm (.25)<\/li>\n<li>Tipo de Ca\u00f1\u00f3n Acero Estriado con Enfundado (Shrouded)<\/li>\n<li>Regulador S\u00ed, con Ajuste Externo<\/li>\n<li>Capacidad de Aire 250 cc<\/li>\n<li>Presi\u00f3n de Llenado 300 BAR \/ 4350 PSI<\/li>\n<li>Ajuste de Potencia Tensi\u00f3n de Martillo Externa<\/li>\n<li>Acci\u00f3n Palanca Lateral (Side Lever)<\/li>\n<li>Gatillo Ajustable de 2 Etapa<\/li>\n<li>Culata MaderaLargo Total 765 mm<\/li>\n<li>incluye dos cargadores 5.5, 1 cargador 6.35<\/li>\n<\/ul>\n<p>&nbsp;<\/p>\n","protected":false},"excerpt":{"rendered":"<p>Marca \/ ModeloLetal \/ V-8 Doble Calibre Calibres Incluidos 5.5 mm (.22) y 6.35 mm (.25) Tipo de Ca\u00f1\u00f3n Acero Estriado con Enfundado (Shrouded) Regulador S\u00ed, con Ajuste Externo Capacidad de Aire 250 cc Presi\u00f3n de Llenado 300 BAR \/ 4350 PSI Ajuste de Potencia Tensi\u00f3n de Martillo Externa Acci\u00f3n Palanca Lateral (Side Lever) Gatillo [&hellip;]<\/p>\n","protected":false},"featured_media":12387,"template":"","meta":{"_et_pb_use_builder":"","_et_pb_old_content":"","_et_gb_content_width":""},"product_cat":[210,246],"product_tag":[],"class_list":{"0":"post-12386","1":"product","2":"type-product","3":"status-publish","4":"has-post-thumbnail","6":"product_cat-caza","7":"product_cat-rifles-pcp","9":"first","10":"instock","11":"shipping-taxable","12":"purchasable","13":"product-type-simple"},"_links":{"self":[{"href":"https:\/\/www.militarychile.cl\/index.php?rest_route=\/wp\/v2\/product\/12386"}],"collection":[{"href":"https:\/\/www.militarychile.cl\/index.php?rest_route=\/wp\/v2\/product"}],"about":[{"href":"https:\/\/www.militarychile.cl\/index.php?rest_route=\/wp\/v2\/types\/product"}],"wp:featuredmedia":[{"embeddable":true,"href":"https:\/\/www.militarychile.cl\/index.php?rest_route=\/wp\/v2\/media\/12387"}],"wp:attachment":[{"href":"https:\/\/www.militarychile.cl\/index.php?rest_route=%2Fwp%2Fv2%2Fmedia&parent=12386"}],"wp:term":[{"taxonomy":"product_cat","embeddable":true,"href":"https:\/\/www.militarychile.cl\/index.php?rest_route=%2Fwp%2Fv2%2Fproduct_cat&post=12386"},{"taxonomy":"product_tag","embeddable":true,"href":"https:\/\/www.militarychile.cl\/index.php?rest_route=%2Fwp%2Fv2%2Fproduct_tag&post=12386"}],"curies":[{"name":"wp","href":"https:\/\/api.w.org\/{rel}","templated":true}]}}