{"id":12388,"date":"2026-05-08T15:38:59","date_gmt":"2026-05-08T19:38:59","guid":{"rendered":"https:\/\/www.militarychile.cl\/?post_type=product&#038;p=12388"},"modified":"2026-05-08T15:38:59","modified_gmt":"2026-05-08T19:38:59","slug":"rifle-letal-v-2","status":"publish","type":"product","link":"https:\/\/www.militarychile.cl\/?product=rifle-letal-v-2","title":{"rendered":"RIFLE LETAL V-2"},"content":{"rendered":"<ul>\n<li>Marca \/ ModeloLetal \/ V-2 (Formato Carabina)<\/li>\n<li>Calibre5.5 mm (.22)<\/li>\n<li>Capacidad de Aire 150 cc<\/li>\n<li>Presi\u00f3n de Llenado 250 BAR \/ 3625 PSI<\/li>\n<li>Velocidad M\u00e1xima ~800 a 900 FPS (Ajustable)<\/li>\n<li>Ajuste de Potencia Tensi\u00f3n de Martillo ExternaAcci\u00f3n<\/li>\n<li>Palanca Lateral (Side Lever) Capacidad del Cargador 10 Tiros (Incluye 2 Cargadores)<\/li>\n<li>Montura \u00d3ptica Riel Dovetail (Cola de Milano 11mm)<\/li>\n<li>Culata Madera Cl\u00e1sica<\/li>\n<\/ul>\n","protected":false},"excerpt":{"rendered":"<p>Marca \/ ModeloLetal \/ V-2 (Formato Carabina) Calibre5.5 mm (.22) Capacidad de Aire 150 cc Presi\u00f3n de Llenado 250 BAR \/ 3625 PSI Velocidad M\u00e1xima ~800 a 900 FPS (Ajustable) Ajuste de Potencia Tensi\u00f3n de Martillo ExternaAcci\u00f3n Palanca Lateral (Side Lever) Capacidad del Cargador 10 Tiros (Incluye 2 Cargadores) Montura \u00d3ptica Riel Dovetail (Cola de [&hellip;]<\/p>\n","protected":false},"featured_media":12389,"template":"","meta":{"_et_pb_use_builder":"","_et_pb_old_content":"","_et_gb_content_width":""},"product_cat":[210,246],"product_tag":[],"class_list":{"0":"post-12388","1":"product","2":"type-product","3":"status-publish","4":"has-post-thumbnail","6":"product_cat-caza","7":"product_cat-rifles-pcp","9":"first","10":"instock","11":"shipping-taxable","12":"purchasable","13":"product-type-simple"},"_links":{"self":[{"href":"https:\/\/www.militarychile.cl\/index.php?rest_route=\/wp\/v2\/product\/12388"}],"collection":[{"href":"https:\/\/www.militarychile.cl\/index.php?rest_route=\/wp\/v2\/product"}],"about":[{"href":"https:\/\/www.militarychile.cl\/index.php?rest_route=\/wp\/v2\/types\/product"}],"wp:featuredmedia":[{"embeddable":true,"href":"https:\/\/www.militarychile.cl\/index.php?rest_route=\/wp\/v2\/media\/12389"}],"wp:attachment":[{"href":"https:\/\/www.militarychile.cl\/index.php?rest_route=%2Fwp%2Fv2%2Fmedia&parent=12388"}],"wp:term":[{"taxonomy":"product_cat","embeddable":true,"href":"https:\/\/www.militarychile.cl\/index.php?rest_route=%2Fwp%2Fv2%2Fproduct_cat&post=12388"},{"taxonomy":"product_tag","embeddable":true,"href":"https:\/\/www.militarychile.cl\/index.php?rest_route=%2Fwp%2Fv2%2Fproduct_tag&post=12388"}],"curies":[{"name":"wp","href":"https:\/\/api.w.org\/{rel}","templated":true}]}}