{"id":4455,"date":"2021-03-30T15:30:07","date_gmt":"2021-03-30T18:30:07","guid":{"rendered":"https:\/\/www.militarychile.cl\/?post_type=product&#038;p=4455"},"modified":"2026-05-04T11:09:22","modified_gmt":"2026-05-04T15:09:22","slug":"rifle-nova-vista-leviathan-ps-r2-pcp","status":"publish","type":"product","link":"https:\/\/www.militarychile.cl\/?product=rifle-nova-vista-leviathan-ps-r2-pcp","title":{"rendered":"Rifle Nova Vista Leviathan PS-R2 PCP"},"content":{"rendered":"<p>&nbsp;<\/p>\n<p><strong>Rifle Nova Vista Leviathan PS-R2 PCP<\/strong><\/p>\n<p>El\u00a0<strong>Leviathan PS-R2<\/strong>\u00a0es un poderoso rifle de aire comprimido PCP que ofrece todas las caracter\u00edsticas necesarias para el tiro recreativo.<\/p>\n<p>Con el man\u00f3metro incorporado y la perilla de ajuste de potencia, este vers\u00e1til rifle es f\u00e1cil de usar para que pueda disparar con confianza y precisi\u00f3n.<\/p>\n<p><strong>Caracteristicas<\/strong>:<br \/>\nRegulador incorporado<br \/>\nPerilla de ajuste de potencia<br \/>\nHasta 304m\/s<br \/>\nCulata de polimero<br \/>\nCargador rotativo<br \/>\nGatillo ajustable<br \/>\nCa\u00f1\u00f3n de acero<br \/>\nRiel de 11mm<br \/>\nLargo Total 109cm<br \/>\nPeso 2,6Kg<br \/>\nCargador 10 tiros<br \/>\nCapacidad aire 180cc<br \/>\nPresi\u00f3n de llenado 300bar\/4350psi<\/p>\n","protected":false},"excerpt":{"rendered":"<p>&nbsp; Rifle Nova Vista Leviathan PS-R2 PCP El\u00a0Leviathan PS-R2\u00a0es un poderoso rifle de aire comprimido PCP que ofrece todas las caracter\u00edsticas necesarias para el tiro recreativo. Con el man\u00f3metro incorporado y la perilla de ajuste de potencia, este vers\u00e1til rifle es f\u00e1cil de usar para que pueda disparar con confianza y precisi\u00f3n. Caracteristicas: Regulador incorporado [&hellip;]<\/p>\n","protected":false},"featured_media":10554,"template":"","meta":{"_et_pb_use_builder":"","_et_pb_old_content":"","_et_gb_content_width":""},"product_cat":[1117,246],"product_tag":[192,397,420,258],"class_list":{"0":"post-4455","1":"product","2":"type-product","3":"status-publish","4":"has-post-thumbnail","6":"product_cat-blackfriday","7":"product_cat-rifles-pcp","8":"product_tag-caza","9":"product_tag-leviathan","10":"product_tag-r2","11":"product_tag-rifle-pcp","13":"first","14":"instock","15":"sale","16":"shipping-taxable","17":"purchasable","18":"product-type-simple"},"_links":{"self":[{"href":"https:\/\/www.militarychile.cl\/index.php?rest_route=\/wp\/v2\/product\/4455"}],"collection":[{"href":"https:\/\/www.militarychile.cl\/index.php?rest_route=\/wp\/v2\/product"}],"about":[{"href":"https:\/\/www.militarychile.cl\/index.php?rest_route=\/wp\/v2\/types\/product"}],"wp:featuredmedia":[{"embeddable":true,"href":"https:\/\/www.militarychile.cl\/index.php?rest_route=\/wp\/v2\/media\/10554"}],"wp:attachment":[{"href":"https:\/\/www.militarychile.cl\/index.php?rest_route=%2Fwp%2Fv2%2Fmedia&parent=4455"}],"wp:term":[{"taxonomy":"product_cat","embeddable":true,"href":"https:\/\/www.militarychile.cl\/index.php?rest_route=%2Fwp%2Fv2%2Fproduct_cat&post=4455"},{"taxonomy":"product_tag","embeddable":true,"href":"https:\/\/www.militarychile.cl\/index.php?rest_route=%2Fwp%2Fv2%2Fproduct_tag&post=4455"}],"curies":[{"name":"wp","href":"https:\/\/api.w.org\/{rel}","templated":true}]}}