{"id":4459,"date":"2021-03-30T15:41:54","date_gmt":"2021-03-30T18:41:54","guid":{"rendered":"https:\/\/www.militarychile.cl\/?post_type=product&#038;p=4459"},"modified":"2024-07-12T15:45:08","modified_gmt":"2024-07-12T19:45:08","slug":"rifle-nova-vista-alpha-camo-pcp-55","status":"publish","type":"product","link":"https:\/\/www.militarychile.cl\/?product=rifle-nova-vista-alpha-camo-pcp-55","title":{"rendered":"Rifle Nova Vista Alpha Camo PCP 5,5"},"content":{"rendered":"<p><strong>Rifle Nova Vista Alpha Camo PCP<\/strong><\/p>\n<p>El Alpha Camo es un poderoso rifle de aire comprimido PCP que ofrece todas las caracter\u00edsticas necesarias para el tiro recreativo. Con el man\u00f3metro incorporado y la perilla de ajuste de potencia, esta pistola vers\u00e1til es f\u00e1cil de usar para que pueda disparar con confianza y precisi\u00f3n.<\/p>\n<p><strong>Caracteristicas:<\/strong><br \/>\n\u2013 Perilla de ajuste de potencia<br \/>\n\u2013 Hasta 1000 FPS<br \/>\n\u2013 Culata color camo<\/p>\n<table border=\"0\" cellspacing=\"0\" cellpadding=\"0\">\n<tbody>\n<tr>\n<td>\n<div><\/div>\n<div>Tipo de acci\u00f3n:<\/div>\n<div>Velocidad de pellet:<\/div>\n<div>Capacidad de aire:<\/div>\n<div>Tipo de barril:<\/div>\n<div>Peso:<\/div>\n<div><\/div>\n<\/td>\n<td>\n<div>PCP (neum\u00e1tico precargado)<\/div>\n<div>Hasta 1000 fps<\/div>\n<div>200ml<\/div>\n<div>Acero estriado<\/div>\n<div>3 kg<\/div>\n<\/td>\n<\/tr>\n<\/tbody>\n<\/table>\n<p>PRODUCTO EN REMATE<\/p>\n<p>!!!SIN DEVOLUCION NI GARANTIA\u00a1\u00a1\u00a1<\/p>\n","protected":false},"excerpt":{"rendered":"<p>Rifle Nova Vista Alpha Camo PCP El Alpha Camo es un poderoso rifle de aire comprimido PCP que ofrece todas las caracter\u00edsticas necesarias para el tiro recreativo. Con el man\u00f3metro incorporado y la perilla de ajuste de potencia, esta pistola vers\u00e1til es f\u00e1cil de usar para que pueda disparar con confianza y precisi\u00f3n. Caracteristicas: \u2013 [&hellip;]<\/p>\n","protected":false},"featured_media":10268,"template":"","meta":{"_et_pb_use_builder":"","_et_pb_old_content":"","_et_gb_content_width":""},"product_cat":[246],"product_tag":[422,192,292,284],"class_list":{"0":"post-4459","1":"product","2":"type-product","3":"status-publish","4":"has-post-thumbnail","6":"product_cat-rifles-pcp","7":"product_tag-alpha-camo","8":"product_tag-caza","9":"product_tag-pcp","10":"product_tag-rifle","12":"first","13":"outofstock","14":"sale","15":"shipping-taxable","16":"purchasable","17":"product-type-simple"},"_links":{"self":[{"href":"https:\/\/www.militarychile.cl\/index.php?rest_route=\/wp\/v2\/product\/4459"}],"collection":[{"href":"https:\/\/www.militarychile.cl\/index.php?rest_route=\/wp\/v2\/product"}],"about":[{"href":"https:\/\/www.militarychile.cl\/index.php?rest_route=\/wp\/v2\/types\/product"}],"wp:featuredmedia":[{"embeddable":true,"href":"https:\/\/www.militarychile.cl\/index.php?rest_route=\/wp\/v2\/media\/10268"}],"wp:attachment":[{"href":"https:\/\/www.militarychile.cl\/index.php?rest_route=%2Fwp%2Fv2%2Fmedia&parent=4459"}],"wp:term":[{"taxonomy":"product_cat","embeddable":true,"href":"https:\/\/www.militarychile.cl\/index.php?rest_route=%2Fwp%2Fv2%2Fproduct_cat&post=4459"},{"taxonomy":"product_tag","embeddable":true,"href":"https:\/\/www.militarychile.cl\/index.php?rest_route=%2Fwp%2Fv2%2Fproduct_tag&post=4459"}],"curies":[{"name":"wp","href":"https:\/\/api.w.org\/{rel}","templated":true}]}}