{"id":4852,"date":"2022-03-03T15:51:04","date_gmt":"2022-03-03T18:51:04","guid":{"rendered":"https:\/\/www.militarychile.cl\/?post_type=product&#038;p=4852"},"modified":"2025-11-10T16:08:33","modified_gmt":"2025-11-10T19:08:33","slug":"nebo-davinci-potente-linterna-led-de-mano","status":"publish","type":"product","link":"https:\/\/www.militarychile.cl\/?product=nebo-davinci-potente-linterna-led-de-mano","title":{"rendered":"NEBO Davinci 1000 RECARGABLE"},"content":{"rendered":"<div id=\"productOverview_feature_div\" class=\"celwidget\" data-feature-name=\"productOverview\" data-csa-c-id=\"3hi82p-2fje0n-3sjlkc-k286r\" data-cel-widget=\"productOverview_feature_div\">\n<div class=\"a-section a-spacing-small a-spacing-top-small\">\n<table class=\"a-normal a-spacing-micro\">\n<tbody>\n<tr class=\"a-spacing-small po-power_source_type\">\n<td class=\"a-span3\"><span class=\"a-size-base a-text-bold\">Fuente de alimentaci\u00f3n<\/span><\/td>\n<td class=\"a-span9\"><span class=\"a-size-base\">Funciona con bater\u00edas<\/span><\/td>\n<\/tr>\n<tr class=\"a-spacing-small po-color\">\n<td class=\"a-span3\"><span class=\"a-size-base a-text-bold\">Color<\/span><\/td>\n<td class=\"a-span9\"><span class=\"a-size-base\">Gris tormenta<\/span><\/td>\n<\/tr>\n<tr class=\"a-spacing-small po-light_source.type\">\n<td class=\"a-span3\"><span class=\"a-size-base a-text-bold\">Tipo de fuente de luz<\/span><\/td>\n<td class=\"a-span9\"><span class=\"a-size-base\">LED<\/span><\/td>\n<\/tr>\n<tr class=\"a-spacing-small po-brand\">\n<td class=\"a-span3\"><span class=\"a-size-base a-text-bold\">Marca<\/span><\/td>\n<td class=\"a-span9\"><span class=\"a-size-base\">NEBO<\/span><\/td>\n<\/tr>\n<tr class=\"a-spacing-small po-material\">\n<td class=\"a-span3\"><span class=\"a-size-base a-text-bold\">Material<\/span><\/td>\n<td class=\"a-span9\"><span class=\"a-size-base\">Aluminio<\/span><\/td>\n<\/tr>\n<\/tbody>\n<\/table>\n<\/div>\n<\/div>\n<div id=\"featurebullets_feature_div\" class=\"celwidget\" data-feature-name=\"featurebullets\" data-csa-c-id=\"c45l15-x63q2l-emtzv5-r6o9tn\" data-cel-widget=\"featurebullets_feature_div\">\n<div id=\"feature-bullets\" class=\"a-section a-spacing-medium a-spacing-top-small\">\n<hr \/>\n<h1 class=\"a-size-base-plus a-text-bold\">Sobre este art\u00edculo<\/h1>\n<ul class=\"a-unordered-list a-vertical a-spacing-mini\">\n<li><span class=\"a-list-item\">NEBO Ilumina el mundo con productos LED de alta calidad a un precio rentable<\/span><\/li>\n<li><span class=\"a-list-item\">DAVINCI 1000 | Ofrece una iluminaci\u00f3n intensa, precisa y ajustable con un dial selector de control de energ\u00eda inteligente patentado con un dise\u00f1o elegante<\/span><\/li>\n<li><span class=\"a-list-item\">Totalmente recargable: la bater\u00eda incluida permite hasta 20 horas de funcionamiento entre cargas. La linterna se carga con el cable de carga micro USB incluido<\/span><\/li>\n<li><span class=\"a-list-item\">Resistente al agua y al polvo: el aluminio anodizado de grado aeron\u00e1utico es resistente al agua y al polvo, asegurando un uso a largo plazo y durabilidad<\/span><\/li>\n<li><span class=\"a-list-item\">Incluye: cable de carga micro USB, cord\u00f3n desmontable, bater\u00eda recargable<\/span><\/li>\n<\/ul>\n<\/div>\n<\/div>\n","protected":false},"excerpt":{"rendered":"<p>Fuente de alimentaci\u00f3n Funciona con bater\u00edas Color Gris tormenta Tipo de fuente de luz LED Marca NEBO Material Aluminio Sobre este art\u00edculo NEBO Ilumina el mundo con productos LED de alta calidad a un precio rentable DAVINCI 1000 | Ofrece una iluminaci\u00f3n intensa, precisa y ajustable con un dial selector de control de energ\u00eda inteligente [&hellip;]<\/p>\n","protected":false},"featured_media":4853,"template":"","meta":{"_et_pb_use_builder":"","_et_pb_old_content":"","_et_gb_content_width":""},"product_cat":[80],"product_tag":[479,433,81,429],"class_list":{"0":"post-4852","1":"product","2":"type-product","3":"status-publish","4":"has-post-thumbnail","6":"product_cat-linternas","7":"product_tag-1000lumenes","8":"product_tag-led","9":"product_tag-linterna","10":"product_tag-nebo","12":"first","13":"instock","14":"shipping-taxable","15":"purchasable","16":"product-type-simple"},"_links":{"self":[{"href":"https:\/\/www.militarychile.cl\/index.php?rest_route=\/wp\/v2\/product\/4852"}],"collection":[{"href":"https:\/\/www.militarychile.cl\/index.php?rest_route=\/wp\/v2\/product"}],"about":[{"href":"https:\/\/www.militarychile.cl\/index.php?rest_route=\/wp\/v2\/types\/product"}],"wp:featuredmedia":[{"embeddable":true,"href":"https:\/\/www.militarychile.cl\/index.php?rest_route=\/wp\/v2\/media\/4853"}],"wp:attachment":[{"href":"https:\/\/www.militarychile.cl\/index.php?rest_route=%2Fwp%2Fv2%2Fmedia&parent=4852"}],"wp:term":[{"taxonomy":"product_cat","embeddable":true,"href":"https:\/\/www.militarychile.cl\/index.php?rest_route=%2Fwp%2Fv2%2Fproduct_cat&post=4852"},{"taxonomy":"product_tag","embeddable":true,"href":"https:\/\/www.militarychile.cl\/index.php?rest_route=%2Fwp%2Fv2%2Fproduct_tag&post=4852"}],"curies":[{"name":"wp","href":"https:\/\/api.w.org\/{rel}","templated":true}]}}