{"id":4989,"date":"2022-06-02T14:12:44","date_gmt":"2022-06-02T18:12:44","guid":{"rendered":"https:\/\/www.militarychile.cl\/?post_type=product&#038;p=4989"},"modified":"2026-02-23T12:05:31","modified_gmt":"2026-02-23T15:05:31","slug":"foco-led-nebo-omni-2000-lumenes-recargable","status":"publish","type":"product","link":"https:\/\/www.militarychile.cl\/?product=foco-led-nebo-omni-2000-lumenes-recargable","title":{"rendered":"Foco Led NEBO Omni 2000 Lumenes Recargable"},"content":{"rendered":"<p><img decoding=\"async\" src=\"https:\/\/fs.amplifi.io\/\/file?id=8f8f3cdd-f992-4336-b03c-36783b45d4bf&amp;variant=small\" alt=\"\" \/><\/p>\n<div>La OMNI 2K es la \u00faltima luz de trabajo omnidireccional que cuenta con una potente salida COB dual de 2000 l\u00famenes con una funci\u00f3n de peligro roja. El OMNI cuenta con asas magn\u00e9ticas para proporcionar un transporte conveniente, un accesorio magn\u00e9tico o una base resistente para la luz de manos libres. Cada panel COB y mango magn\u00e9tico giran para proporcionar luz en todos los lugares que la necesite, y los controles de atenuaci\u00f3n le brindan la cantidad adecuada de luz. Completamente recargable, el OMNI 2K tambi\u00e9n cuenta con un banco de energ\u00eda para cargar sus dispositivos alimentados por USB.<\/div>\n<div>Espacio<\/div>\n<div><strong>Caracter\u00edsticas:<\/strong><\/div>\n<div>\u2022 Potente Luz Led con salida Dual COB de 2000 L\u00famenes<br \/>\n\u2022 6 Modos de Luz: Dual (alta y baja), Single (Alta y baja), Rojo, e intermitente<br \/>\n\u2022 Bot\u00f3n de encendido \/ apagado en la parte trasera y 2 botones para brillo ajustable<br \/>\n\u2022 Banco de energ\u00eda de 4000 mAh incluido para cargar tus dispositivos inteligentes<br \/>\n\u2022 Asas magn\u00e9ticas y\u00a0Paneles COB giratorios<br \/>\n\u2022 Resistente al agua (IPX4) y a los impactos de hasta 1 Metro<br \/>\n\u2022 Revestimiento de goma antideslizante<br \/>\n\u2022 Totalmente recargable. Incluye Cable de Carga USB-C. El tiempo de recarga de bater\u00eda es de 2 A 8 horas con indicador de carga.<\/div>\n<div>Espacio<\/div>\n<div><strong>Modos de Luz:<\/strong><\/div>\n<table>\n<tbody>\n<tr>\n<td>\n<div><strong>Modos<\/strong><\/div>\n<\/td>\n<td>\n<div><strong>L\u00famenes<\/strong><\/div>\n<\/td>\n<td>\n<div><strong>Horas<\/strong><\/div>\n<\/td>\n<td>\n<div><strong>Metros<\/strong><\/div>\n<\/td>\n<\/tr>\n<tr>\n<td>\n<div>Dual Alto<\/div>\n<\/td>\n<td>\n<div>2000<\/div>\n<\/td>\n<td>\n<div>1.3<\/div>\n<\/td>\n<td>\n<div>70<\/div>\n<\/td>\n<\/tr>\n<tr>\n<td>\n<div>Dual Bajo<\/div>\n<\/td>\n<td>\n<div>250<\/div>\n<\/td>\n<td>\n<div>5.5<\/div>\n<\/td>\n<td>\n<div>22<\/div>\n<\/td>\n<\/tr>\n<tr>\n<td>\n<div>Single Alta<\/div>\n<\/td>\n<td>\n<div>1100<\/div>\n<\/td>\n<td>\n<div>2<\/div>\n<\/td>\n<td>\n<div>50<\/div>\n<\/td>\n<\/tr>\n<tr>\n<td>\n<div>Single Baja<\/div>\n<\/td>\n<td>\n<div>150<\/div>\n<\/td>\n<td>\n<div>9<\/div>\n<\/td>\n<td>\n<div>18<\/div>\n<\/td>\n<\/tr>\n<tr>\n<td>\n<div>Luz Roja<\/div>\n<\/td>\n<td>\n<div>20<\/div>\n<\/td>\n<td>\n<div>11<\/div>\n<\/td>\n<td>\n<div>8<\/div>\n<\/td>\n<\/tr>\n<tr>\n<td>\n<div>Luz Roja Intermitente<\/div>\n<\/td>\n<td>\n<div>20<\/div>\n<\/td>\n<td>\n<div>20<\/div>\n<\/td>\n<td>\n<div>8<\/div>\n<\/td>\n<\/tr>\n<\/tbody>\n<\/table>\n<div>Espacio<\/div>\n<div><strong>Peso:<\/strong>\u00a00.558 Kg<\/div>\n<div><strong>Dimensiones:<\/strong><\/div>\n<div>\u2022\u00a0Alto: abierto: 21 cm \/ cerrado 12.5 cm<\/div>\n<div>\u2022\u00a0Ancho: 16 cm<\/div>\n<div>\u2022\u00a0Di\u00e1metro: abierto: 3.7 cm \/ cerrado: 4.5 cm<\/div>\n","protected":false},"excerpt":{"rendered":"<p>La OMNI 2K es la \u00faltima luz de trabajo omnidireccional que cuenta con una potente salida COB dual de 2000 l\u00famenes con una funci\u00f3n de peligro roja. El OMNI cuenta con asas magn\u00e9ticas para proporcionar un transporte conveniente, un accesorio magn\u00e9tico o una base resistente para la luz de manos libres. Cada panel COB y [&hellip;]<\/p>\n","protected":false},"featured_media":4993,"template":"","meta":{"_et_pb_use_builder":"","_et_pb_old_content":"","_et_gb_content_width":""},"product_cat":[255,80],"product_tag":[523,433,81,429],"class_list":{"0":"post-4989","1":"product","2":"type-product","3":"status-publish","4":"has-post-thumbnail","6":"product_cat-focos","7":"product_cat-linternas","8":"product_tag-foco","9":"product_tag-led","10":"product_tag-linterna","11":"product_tag-nebo","13":"first","14":"outofstock","15":"sale","16":"shipping-taxable","17":"purchasable","18":"product-type-simple"},"_links":{"self":[{"href":"https:\/\/www.militarychile.cl\/index.php?rest_route=\/wp\/v2\/product\/4989"}],"collection":[{"href":"https:\/\/www.militarychile.cl\/index.php?rest_route=\/wp\/v2\/product"}],"about":[{"href":"https:\/\/www.militarychile.cl\/index.php?rest_route=\/wp\/v2\/types\/product"}],"wp:featuredmedia":[{"embeddable":true,"href":"https:\/\/www.militarychile.cl\/index.php?rest_route=\/wp\/v2\/media\/4993"}],"wp:attachment":[{"href":"https:\/\/www.militarychile.cl\/index.php?rest_route=%2Fwp%2Fv2%2Fmedia&parent=4989"}],"wp:term":[{"taxonomy":"product_cat","embeddable":true,"href":"https:\/\/www.militarychile.cl\/index.php?rest_route=%2Fwp%2Fv2%2Fproduct_cat&post=4989"},{"taxonomy":"product_tag","embeddable":true,"href":"https:\/\/www.militarychile.cl\/index.php?rest_route=%2Fwp%2Fv2%2Fproduct_tag&post=4989"}],"curies":[{"name":"wp","href":"https:\/\/api.w.org\/{rel}","templated":true}]}}