{"id":4997,"date":"2022-06-02T14:33:51","date_gmt":"2022-06-02T18:33:51","guid":{"rendered":"https:\/\/www.militarychile.cl\/?post_type=product&#038;p=4997"},"modified":"2024-06-04T16:27:58","modified_gmt":"2024-06-04T20:27:58","slug":"linterna-recargable-12k-12000-lumenes-nebo","status":"publish","type":"product","link":"https:\/\/www.militarychile.cl\/?product=linterna-recargable-12k-12000-lumenes-nebo","title":{"rendered":"Linterna Recargable 12K 12000 L\u00famenes Nebo"},"content":{"rendered":"<p>turbo (12.000 l\u00famenes): 30 segundos \/ 220 metros<br \/>\nAlto (7000 l\u00famenes): 2 horas \/ 164 metros<br \/>\nMedio (3000 l\u00famenes): 3 horas \/ 114 metros<br \/>\nBajo (300 l\u00famenes): 12 horas \/ 36 metros<br \/>\nEstrobosc\u00f3pico (12.000 l\u00famenes): 2 horas \/ 220 metros<\/p>\n<table class=\"jsx-428502957 specification-table\">\n<tbody class=\"jsx-428502957\">\n<tr class=\"jsx-428502957\">\n<td class=\"jsx-428502957 property-name\">Marca Web<\/td>\n<td class=\"jsx-428502957 property-value\">Nebo Tools<\/td>\n<\/tr>\n<tr class=\"jsx-428502957\">\n<td class=\"jsx-428502957 property-name\">Ancho<\/td>\n<td class=\"jsx-428502957 property-value\">6 cm<\/td>\n<\/tr>\n<tr class=\"jsx-428502957\">\n<td class=\"jsx-428502957 property-name\">Alto<\/td>\n<td class=\"jsx-428502957 property-value\">6 cm<\/td>\n<\/tr>\n<tr class=\"jsx-428502957\">\n<td class=\"jsx-428502957 property-name\">Largo<\/td>\n<td class=\"jsx-428502957 property-value\">28 cm<\/td>\n<\/tr>\n<tr class=\"jsx-428502957\">\n<td class=\"jsx-428502957 property-name\">Material<\/td>\n<td class=\"jsx-428502957 property-value\">Aluminio anodizado de calidad aeron\u00e1utica<\/td>\n<\/tr>\n<tr class=\"jsx-428502957\">\n<td class=\"jsx-428502957 property-name\">Color<\/td>\n<td class=\"jsx-428502957 property-value\">Storm Gray<\/td>\n<\/tr>\n<tr class=\"jsx-428502957\">\n<td class=\"jsx-428502957 property-name\">Color de luz<\/td>\n<td class=\"jsx-428502957 property-value\">C\u00e1lida o fr\u00eda<\/td>\n<\/tr>\n<tr class=\"jsx-428502957\">\n<td class=\"jsx-428502957 property-name\">Flujo luminoso<\/td>\n<td class=\"jsx-428502957 property-value\">5.000<\/td>\n<\/tr>\n<tr class=\"jsx-428502957\">\n<td class=\"jsx-428502957 property-name\">Uso<\/td>\n<td class=\"jsx-428502957 property-value\">Nocturno, camping, emrgencia.<\/td>\n<\/tr>\n<tr class=\"jsx-428502957\">\n<td class=\"jsx-428502957 property-name\">Garant\u00eda<\/td>\n<td class=\"jsx-428502957 property-value\">6 meses<\/td>\n<\/tr>\n<tr class=\"jsx-428502957\">\n<td class=\"jsx-428502957 property-name\">Caracter\u00edsticas<\/td>\n<td class=\"jsx-428502957 property-value\">Recargable, resistente al agua (IP67) y extremadamente potente, el 12K genera 12 000 l\u00famenes con nuestra tecnolog\u00eda C\u00bfO\u00bfB optimizada. Los 5 modos de luz impresionantes se cambian sin problemas a trav\u00e9s de Smart Power Control. El bot\u00f3n retroiluminado sirve como indicador de encendido, bater\u00eda y carga.<\/td>\n<\/tr>\n<tr class=\"jsx-428502957\">\n<td class=\"jsx-428502957 property-name\">Cuenta con radio<\/td>\n<td class=\"jsx-428502957 property-value\">No<\/td>\n<\/tr>\n<\/tbody>\n<\/table>\n","protected":false},"excerpt":{"rendered":"<p>turbo (12.000 l\u00famenes): 30 segundos \/ 220 metros Alto (7000 l\u00famenes): 2 horas \/ 164 metros Medio (3000 l\u00famenes): 3 horas \/ 114 metros Bajo (300 l\u00famenes): 12 horas \/ 36 metros Estrobosc\u00f3pico (12.000 l\u00famenes): 2 horas \/ 220 metros Marca Web Nebo Tools Ancho 6 cm Alto 6 cm Largo 28 cm Material Aluminio [&hellip;]<\/p>\n","protected":false},"featured_media":5006,"template":"","meta":{"_et_pb_use_builder":"","_et_pb_old_content":"","_et_gb_content_width":""},"product_cat":[80],"product_tag":[433,81,429,524],"class_list":{"0":"post-4997","1":"product","2":"type-product","3":"status-publish","4":"has-post-thumbnail","6":"product_cat-linternas","7":"product_tag-led","8":"product_tag-linterna","9":"product_tag-nebo","10":"product_tag-recargable","12":"first","13":"instock","14":"sale","15":"shipping-taxable","16":"purchasable","17":"product-type-simple"},"_links":{"self":[{"href":"https:\/\/www.militarychile.cl\/index.php?rest_route=\/wp\/v2\/product\/4997"}],"collection":[{"href":"https:\/\/www.militarychile.cl\/index.php?rest_route=\/wp\/v2\/product"}],"about":[{"href":"https:\/\/www.militarychile.cl\/index.php?rest_route=\/wp\/v2\/types\/product"}],"wp:featuredmedia":[{"embeddable":true,"href":"https:\/\/www.militarychile.cl\/index.php?rest_route=\/wp\/v2\/media\/5006"}],"wp:attachment":[{"href":"https:\/\/www.militarychile.cl\/index.php?rest_route=%2Fwp%2Fv2%2Fmedia&parent=4997"}],"wp:term":[{"taxonomy":"product_cat","embeddable":true,"href":"https:\/\/www.militarychile.cl\/index.php?rest_route=%2Fwp%2Fv2%2Fproduct_cat&post=4997"},{"taxonomy":"product_tag","embeddable":true,"href":"https:\/\/www.militarychile.cl\/index.php?rest_route=%2Fwp%2Fv2%2Fproduct_tag&post=4997"}],"curies":[{"name":"wp","href":"https:\/\/api.w.org\/{rel}","templated":true}]}}