{"id":5007,"date":"2022-06-02T14:38:05","date_gmt":"2022-06-02T18:38:05","guid":{"rendered":"https:\/\/www.militarychile.cl\/?post_type=product&#038;p=5007"},"modified":"2022-06-02T14:38:05","modified_gmt":"2022-06-02T18:38:05","slug":"linterna-led-nebo-luxtreme-500-lumenes-recargable","status":"publish","type":"product","link":"https:\/\/www.militarychile.cl\/?product=linterna-led-nebo-luxtreme-500-lumenes-recargable","title":{"rendered":"Linterna Led NEBO Luxtreme 500 Lumenes Recargable"},"content":{"rendered":"<div style=\"text-align: left;\" data-sanitized-=\"\" data-sanitized-data-mce-style=\"text-align: left;\">LUXTREME de NEBO tiene 500 l\u00famenes, USB-C recargable y cuenta con la \u00f3ptica m\u00e1s avanzada jam\u00e1s incorporada en una linterna NEBO. Puede que 500 l\u00famenes no parezcan mucho, pero esta linterna realmente recorre la distancia de hasta 900 metros de distancia. Combine eso con un cuerpo de aluminio anodizado de grado aeron\u00e1utico en el color insignia gris tormenta de NEBO, as\u00ed como una bater\u00eda recargable USB-C de 4.000 mAh y obtendr\u00e1 una de las mejores luces que NEBO haya fabricado.<\/div>\n<div style=\"text-align: left;\" data-sanitized-=\"\" data-sanitized-data-mce-style=\"text-align: left;\">espacio<\/div>\n<div style=\"text-align: left;\" data-sanitized-=\"\" data-sanitized-data-mce-style=\"text-align: left;\"><strong>Caracter\u00edsticas:<\/strong><\/div>\n<div style=\"text-align: left;\" data-sanitized-=\"\" data-sanitized-data-mce-style=\"text-align: left;\">espacio<\/div>\n<div data-sanitized-=\"\">\u2022 Potente Luz de 500 L\u00famenes<\/div>\n<div data-sanitized-=\"\">\u2022 4 Modos de Luz: Alto, Medio, Bajo y Estrobosc\u00f3pico<\/div>\n<div data-sanitized-=\"\">\u2022 Explosi\u00f3n de luz recorre 900 metros de distancia<\/div>\n<div data-sanitized-=\"\">\u2022 Control de potencia inteligente (SPC)<\/div>\n<div data-sanitized-=\"\">\u2022 Construcci\u00f3n de aluminio anodizado de calidad aeron\u00e1utica<\/div>\n<div data-sanitized-=\"\">\u2022 Resistente a la lluvia intensa y al polvo (IP66)<\/div>\n<div data-sanitized-=\"\">\u2022 Clasificaci\u00f3n de resistencia al impacto de hasta 1 Metro de altura<\/div>\n<div data-sanitized-=\"\">\u2022 El bot\u00f3n de posici\u00f3n lateral controla la potencia y los modos<\/div>\n<div data-sanitized-=\"\">\u2022 Totalmente Recargable. Incluye cable de carga USB-C<\/div>\n<div data-sanitized-=\"\">\u2022 Tiempo de recarga bater\u00eda: 4,5 horas<\/div>\n<div data-sanitized-=\"\">espacio<\/div>\n<div data-sanitized-=\"\"><strong>Modos de Luz:<\/strong><\/div>\n<div data-sanitized-=\"\">espacio<\/div>\n<div data-sanitized-=\"\"><strong>Modo L\u00famenes Horas Metros<\/strong><\/div>\n<div data-sanitized-=\"\">Alto 500 3 900<br \/>\nMedio 250 6 636<br \/>\nBajo 50 15 201<br \/>\nEstrobosc\u00f3pico 400 4 805<\/div>\n<div data-sanitized-=\"\">espacio<\/div>\n<div data-sanitized-=\"\"><strong>Especificaciones:<\/strong><\/div>\n<div data-sanitized-=\"\"><strong>espacio<\/strong><\/div>\n<div>Peso: 0.34 Kg<br \/>\nDimensiones: 20 x 5.8 x 5.8 cm (Largo x Ancho x Alto)<\/div>\n","protected":false},"excerpt":{"rendered":"<p>LUXTREME de NEBO tiene 500 l\u00famenes, USB-C recargable y cuenta con la \u00f3ptica m\u00e1s avanzada jam\u00e1s incorporada en una linterna NEBO. Puede que 500 l\u00famenes no parezcan mucho, pero esta linterna realmente recorre la distancia de hasta 900 metros de distancia. Combine eso con un cuerpo de aluminio anodizado de grado aeron\u00e1utico en el color [&hellip;]<\/p>\n","protected":false},"featured_media":5012,"template":"","meta":{"_et_pb_use_builder":"","_et_pb_old_content":"","_et_gb_content_width":""},"product_cat":[80],"product_tag":[525,81,429,524],"class_list":{"0":"post-5007","1":"product","2":"type-product","3":"status-publish","4":"has-post-thumbnail","6":"product_cat-linternas","7":"product_tag-900mts","8":"product_tag-linterna","9":"product_tag-nebo","10":"product_tag-recargable","12":"first","13":"instock","14":"shipping-taxable","15":"purchasable","16":"product-type-simple"},"_links":{"self":[{"href":"https:\/\/www.militarychile.cl\/index.php?rest_route=\/wp\/v2\/product\/5007"}],"collection":[{"href":"https:\/\/www.militarychile.cl\/index.php?rest_route=\/wp\/v2\/product"}],"about":[{"href":"https:\/\/www.militarychile.cl\/index.php?rest_route=\/wp\/v2\/types\/product"}],"wp:featuredmedia":[{"embeddable":true,"href":"https:\/\/www.militarychile.cl\/index.php?rest_route=\/wp\/v2\/media\/5012"}],"wp:attachment":[{"href":"https:\/\/www.militarychile.cl\/index.php?rest_route=%2Fwp%2Fv2%2Fmedia&parent=5007"}],"wp:term":[{"taxonomy":"product_cat","embeddable":true,"href":"https:\/\/www.militarychile.cl\/index.php?rest_route=%2Fwp%2Fv2%2Fproduct_cat&post=5007"},{"taxonomy":"product_tag","embeddable":true,"href":"https:\/\/www.militarychile.cl\/index.php?rest_route=%2Fwp%2Fv2%2Fproduct_tag&post=5007"}],"curies":[{"name":"wp","href":"https:\/\/api.w.org\/{rel}","templated":true}]}}