{"id":5083,"date":"2022-06-14T16:45:46","date_gmt":"2022-06-14T20:45:46","guid":{"rendered":"https:\/\/www.militarychile.cl\/?post_type=product&#038;p=5083"},"modified":"2026-04-12T10:35:18","modified_gmt":"2026-04-12T14:35:18","slug":"carrete-13f-creed-gt-4000","status":"publish","type":"product","link":"https:\/\/www.militarychile.cl\/?product=carrete-13f-creed-gt-4000","title":{"rendered":"CARRETE 13F CREED GT 4000"},"content":{"rendered":"<p>El carrete giratorio\u00a0 Creed GT 4000 sube la apuesta inicial y recoge la l\u00ednea con un carrete r\u00e1pido de 6.2: 1. Al igual que sus probados primos de lanzamiento de cebo, los carretes giratorios GT est\u00e1n construidos con componentes de precisi\u00f3n y tecnolog\u00eda de ingenier\u00eda actualizada. Un mango de carbono Air Foil m\u00e1s delgado reduce significativamente el peso del Creed GT sin sacrificar la resistencia. Las perillas Evolve EVA Tech reducen a\u00fan m\u00e1s el peso y agregan comodidad sin sacrificar la durabilidad. Con todas las caracter\u00edsticas del Creed X, el GT agrega m\u00e1s fuerza mientras reduce el peso con el rotor de carbono Air Flow. El sistema de gesti\u00f3n de l\u00ednea plana CNC permite que los nudos de respaldo se asienten al ras dentro del carrete, lo que resulta en una mejor gesti\u00f3n de la l\u00ednea.<\/p>\n<p>Caracter\u00edsticas del carrete giratorio Creed GT 4000:<\/p>\n<p>&#8211; 247 gramos<\/p>\n<p>&#8211; Engranajes japoneses de corte Hamai<\/p>\n<p>&#8211; Cuadro, rotor y manija de carbono Air Foil<\/p>\n<p>&#8211; 10+ Rodamientos de bolas de acero inoxidable<\/p>\n<p>&#8211; Perillas de EVA Tech Carrete de aluminio superportado<\/p>\n<p>&#8211; Alambre de fianza de grasa<\/p>\n<p>&#8211; Tren motriz resistente a la corrosi\u00f3n<\/p>\n<p>&#8211; Sistema de gesti\u00f3n de l\u00ednea plana CNC<\/p>\n<p>&#8211; Sistema de arrastre Carbon Six Disk<\/p>\n","protected":false},"excerpt":{"rendered":"<p>El carrete giratorio\u00a0 Creed GT 4000 sube la apuesta inicial y recoge la l\u00ednea con un carrete r\u00e1pido de 6.2: 1. Al igual que sus probados primos de lanzamiento de cebo, los carretes giratorios GT est\u00e1n construidos con componentes de precisi\u00f3n y tecnolog\u00eda de ingenier\u00eda actualizada. Un mango de carbono Air Foil m\u00e1s delgado reduce [&hellip;]<\/p>\n","protected":false},"featured_media":5084,"template":"","meta":{"_et_pb_use_builder":"","_et_pb_old_content":"","_et_gb_content_width":""},"product_cat":[1117,1092,249,248],"product_tag":[],"class_list":{"0":"post-5083","1":"product","2":"type-product","3":"status-publish","4":"has-post-thumbnail","6":"product_cat-blackfriday","7":"product_cat-carrete-rio-lago","8":"product_cat-carretes","9":"product_cat-pesca","11":"first","12":"outofstock","13":"sale","14":"shipping-taxable","15":"purchasable","16":"product-type-simple"},"_links":{"self":[{"href":"https:\/\/www.militarychile.cl\/index.php?rest_route=\/wp\/v2\/product\/5083"}],"collection":[{"href":"https:\/\/www.militarychile.cl\/index.php?rest_route=\/wp\/v2\/product"}],"about":[{"href":"https:\/\/www.militarychile.cl\/index.php?rest_route=\/wp\/v2\/types\/product"}],"wp:featuredmedia":[{"embeddable":true,"href":"https:\/\/www.militarychile.cl\/index.php?rest_route=\/wp\/v2\/media\/5084"}],"wp:attachment":[{"href":"https:\/\/www.militarychile.cl\/index.php?rest_route=%2Fwp%2Fv2%2Fmedia&parent=5083"}],"wp:term":[{"taxonomy":"product_cat","embeddable":true,"href":"https:\/\/www.militarychile.cl\/index.php?rest_route=%2Fwp%2Fv2%2Fproduct_cat&post=5083"},{"taxonomy":"product_tag","embeddable":true,"href":"https:\/\/www.militarychile.cl\/index.php?rest_route=%2Fwp%2Fv2%2Fproduct_tag&post=5083"}],"curies":[{"name":"wp","href":"https:\/\/api.w.org\/{rel}","templated":true}]}}