{"id":5123,"date":"2022-06-16T13:58:31","date_gmt":"2022-06-16T17:58:31","guid":{"rendered":"https:\/\/www.militarychile.cl\/?post_type=product&#038;p=5123"},"modified":"2026-02-23T12:04:58","modified_gmt":"2026-02-23T15:04:58","slug":"cana-okuma-slv-3-80-4-2-44m","status":"publish","type":"product","link":"https:\/\/www.militarychile.cl\/?product=cana-okuma-slv-3-80-4-2-44m","title":{"rendered":"Ca\u00f1a Okuma Slv 3-80-4 2.44m"},"content":{"rendered":"<h2>Descripci\u00f3n<\/h2>\n<p><strong>CA\u00d1A OKUMA SLV 3-80-4 2.44M<\/strong><\/p>\n<p>Las Ca\u00f1as de Fly ( Mosca ) Okuma SLV est\u00e1n construidas en blancos de acci\u00f3n moderadamente r\u00e1pidos. El dise\u00f1o de la barra de 4 piezas es para viajes compactos. Las Ca\u00f1as de Fly ( Mosca ) SLV se encuentran igualmente en Inicio en un peque\u00f1o arroyo, en los grandes r\u00edos occidentales y en las agua salada .<\/p>\n<p>\u2013 Construcci\u00f3n de grafito ligero<br \/>\n\u2013 Dise\u00f1o de varilla de 4 piezas.<br \/>\n\u2013 Gu\u00eda decapante de \u00f3xido de titanio.<br \/>\n\u2013 Gu\u00edas de serpiente de acero inoxidable.<br \/>\n\u2013 Asiento del carrete de aluminio con capuchas de aluminio.<br \/>\n\u2013 Construcci\u00f3n de fibra de carbono en blanco.<br \/>\n\u2013 Bolsa de varilla Okuma<\/p>\n<p><strong>FICHA TECNICA<\/strong><\/p>\n<table width=\"624\">\n<tbody>\n<tr>\n<td width=\"107\">MODELO<\/td>\n<td width=\"108\">MATERIAL<\/td>\n<td width=\"89\">MEDIDAS<\/td>\n<td width=\"88\">TRAMOS<\/td>\n<td width=\"83\">PESO<\/td>\n<td width=\"149\">LINEAS<\/td>\n<\/tr>\n<tr>\n<td width=\"107\">SLV 3-80-4<\/td>\n<td width=\"108\">GRAFITO<\/td>\n<td width=\"89\">2,45M<\/td>\n<td width=\"88\">4<\/td>\n<td width=\"83\">111g<\/td>\n<td width=\"149\">\u00a02\/3<\/td>\n<\/tr>\n<\/tbody>\n<\/table>\n","protected":false},"excerpt":{"rendered":"<p>Descripci\u00f3n CA\u00d1A OKUMA SLV 3-80-4 2.44M Las Ca\u00f1as de Fly ( Mosca ) Okuma SLV est\u00e1n construidas en blancos de acci\u00f3n moderadamente r\u00e1pidos. El dise\u00f1o de la barra de 4 piezas es para viajes compactos. Las Ca\u00f1as de Fly ( Mosca ) SLV se encuentran igualmente en Inicio en un peque\u00f1o arroyo, en los grandes [&hellip;]<\/p>\n","protected":false},"featured_media":5125,"template":"","meta":{"_et_pb_use_builder":"","_et_pb_old_content":"","_et_gb_content_width":""},"product_cat":[696],"product_tag":[536,537,538],"class_list":{"0":"post-5123","1":"product","2":"type-product","3":"status-publish","4":"has-post-thumbnail","6":"product_cat-canas-fly-fishing","7":"product_tag-cana-pesca-con-mosca","8":"product_tag-okuma","9":"product_tag-slv","11":"first","12":"outofstock","13":"shipping-taxable","14":"purchasable","15":"product-type-simple"},"_links":{"self":[{"href":"https:\/\/www.militarychile.cl\/index.php?rest_route=\/wp\/v2\/product\/5123"}],"collection":[{"href":"https:\/\/www.militarychile.cl\/index.php?rest_route=\/wp\/v2\/product"}],"about":[{"href":"https:\/\/www.militarychile.cl\/index.php?rest_route=\/wp\/v2\/types\/product"}],"wp:featuredmedia":[{"embeddable":true,"href":"https:\/\/www.militarychile.cl\/index.php?rest_route=\/wp\/v2\/media\/5125"}],"wp:attachment":[{"href":"https:\/\/www.militarychile.cl\/index.php?rest_route=%2Fwp%2Fv2%2Fmedia&parent=5123"}],"wp:term":[{"taxonomy":"product_cat","embeddable":true,"href":"https:\/\/www.militarychile.cl\/index.php?rest_route=%2Fwp%2Fv2%2Fproduct_cat&post=5123"},{"taxonomy":"product_tag","embeddable":true,"href":"https:\/\/www.militarychile.cl\/index.php?rest_route=%2Fwp%2Fv2%2Fproduct_tag&post=5123"}],"curies":[{"name":"wp","href":"https:\/\/api.w.org\/{rel}","templated":true}]}}