{"id":5218,"date":"2022-07-01T13:25:38","date_gmt":"2022-07-01T17:25:38","guid":{"rendered":"https:\/\/www.militarychile.cl\/?post_type=product&#038;p=5218"},"modified":"2025-07-18T14:02:48","modified_gmt":"2025-07-18T18:02:48","slug":"tebo-artificial-powerbait","status":"publish","type":"product","link":"https:\/\/www.militarychile.cl\/?product=tebo-artificial-powerbait","title":{"rendered":"TEBO ARTIFICIAL POWERBAIT"},"content":{"rendered":"<p>Carnada Berkley Sparkle Honey Worm Natural<\/p>\n<p>Carnada que simula un gusano<\/p>\n<p>Excelentes resultados en pesca de agua dulce (Truchas, Salmones, Pejerrey) y salada<\/p>\n<p>Cantidad por envase: 55<\/p>\n<p>Color: Natural con brillo<\/p>\n<p>Dura 5 veces m\u00e1s que un Tebo en el anzuelo<\/p>\n<p>Eligiendo este tipo de carnadas estar\u00e1s ayudando a proteger el \u00e1rbol del Tebo<\/p>\n","protected":false},"excerpt":{"rendered":"<p>Carnada Berkley Sparkle Honey Worm Natural Carnada que simula un gusano Excelentes resultados en pesca de agua dulce (Truchas, Salmones, Pejerrey) y salada Cantidad por envase: 55 Color: Natural con brillo Dura 5 veces m\u00e1s que un Tebo en el anzuelo Eligiendo este tipo de carnadas estar\u00e1s ayudando a proteger el \u00e1rbol del Tebo<\/p>\n","protected":false},"featured_media":5220,"template":"","meta":{"_et_pb_use_builder":"","_et_pb_old_content":"","_et_gb_content_width":""},"product_cat":[899,898,248,335],"product_tag":[557,555,556],"class_list":{"0":"post-5218","1":"product","2":"type-product","3":"status-publish","4":"has-post-thumbnail","6":"product_cat-agua-dulce","7":"product_cat-agua-salada","8":"product_cat-pesca","9":"product_cat-senuelos","10":"product_tag-berkley","11":"product_tag-gusano-tebo","12":"product_tag-tebo","14":"first","15":"outofstock","16":"shipping-taxable","17":"purchasable","18":"product-type-simple"},"_links":{"self":[{"href":"https:\/\/www.militarychile.cl\/index.php?rest_route=\/wp\/v2\/product\/5218"}],"collection":[{"href":"https:\/\/www.militarychile.cl\/index.php?rest_route=\/wp\/v2\/product"}],"about":[{"href":"https:\/\/www.militarychile.cl\/index.php?rest_route=\/wp\/v2\/types\/product"}],"wp:featuredmedia":[{"embeddable":true,"href":"https:\/\/www.militarychile.cl\/index.php?rest_route=\/wp\/v2\/media\/5220"}],"wp:attachment":[{"href":"https:\/\/www.militarychile.cl\/index.php?rest_route=%2Fwp%2Fv2%2Fmedia&parent=5218"}],"wp:term":[{"taxonomy":"product_cat","embeddable":true,"href":"https:\/\/www.militarychile.cl\/index.php?rest_route=%2Fwp%2Fv2%2Fproduct_cat&post=5218"},{"taxonomy":"product_tag","embeddable":true,"href":"https:\/\/www.militarychile.cl\/index.php?rest_route=%2Fwp%2Fv2%2Fproduct_tag&post=5218"}],"curies":[{"name":"wp","href":"https:\/\/api.w.org\/{rel}","templated":true}]}}