{"id":5381,"date":"2022-08-26T15:53:17","date_gmt":"2022-08-26T19:53:17","guid":{"rendered":"https:\/\/www.militarychile.cl\/?post_type=product&#038;p=5381"},"modified":"2024-09-09T17:09:33","modified_gmt":"2024-09-09T20:09:33","slug":"cytac-porta-cargador-ar-15-m4-m16","status":"publish","type":"product","link":"https:\/\/www.militarychile.cl\/?product=cytac-porta-cargador-ar-15-m4-m16","title":{"rendered":"Cytac Porta cargador AR-15, M4, M16"},"content":{"rendered":"<h2>Descripci\u00f3n<\/h2>\n<p>Un incre\u00edble porta cargador single fabricado de pol\u00edmero de grado militar para la linea de AR-15 , M16, M4. Este se puede ajustar para una mayor o menor tensi\u00f3n seg\u00fan sea el requerimiento del tirador. Puede ser acoplado sobre otro porta cargador de la misma linea. Compatible con los accesorios y plataformas de la linea Thumbsmart.<\/p>\n","protected":false},"excerpt":{"rendered":"<p>Descripci\u00f3n Un incre\u00edble porta cargador single fabricado de pol\u00edmero de grado militar para la linea de AR-15 , M16, M4. Este se puede ajustar para una mayor o menor tensi\u00f3n seg\u00fan sea el requerimiento del tirador. Puede ser acoplado sobre otro porta cargador de la misma linea. Compatible con los accesorios y plataformas de la [&hellip;]<\/p>\n","protected":false},"featured_media":5385,"template":"","meta":{"_et_pb_use_builder":"","_et_pb_old_content":"","_et_gb_content_width":""},"product_cat":[34],"product_tag":[194,620,619],"class_list":{"0":"post-5381","1":"product","2":"type-product","3":"status-publish","4":"has-post-thumbnail","6":"product_cat-cytac","7":"product_tag-m4","8":"product_tag-porta-cargador","9":"product_tag-porta-mag","11":"first","12":"instock","13":"shipping-taxable","14":"purchasable","15":"product-type-simple"},"_links":{"self":[{"href":"https:\/\/www.militarychile.cl\/index.php?rest_route=\/wp\/v2\/product\/5381"}],"collection":[{"href":"https:\/\/www.militarychile.cl\/index.php?rest_route=\/wp\/v2\/product"}],"about":[{"href":"https:\/\/www.militarychile.cl\/index.php?rest_route=\/wp\/v2\/types\/product"}],"wp:featuredmedia":[{"embeddable":true,"href":"https:\/\/www.militarychile.cl\/index.php?rest_route=\/wp\/v2\/media\/5385"}],"wp:attachment":[{"href":"https:\/\/www.militarychile.cl\/index.php?rest_route=%2Fwp%2Fv2%2Fmedia&parent=5381"}],"wp:term":[{"taxonomy":"product_cat","embeddable":true,"href":"https:\/\/www.militarychile.cl\/index.php?rest_route=%2Fwp%2Fv2%2Fproduct_cat&post=5381"},{"taxonomy":"product_tag","embeddable":true,"href":"https:\/\/www.militarychile.cl\/index.php?rest_route=%2Fwp%2Fv2%2Fproduct_tag&post=5381"}],"curies":[{"name":"wp","href":"https:\/\/api.w.org\/{rel}","templated":true}]}}