{"id":5444,"date":"2022-09-30T16:55:34","date_gmt":"2022-09-30T19:55:34","guid":{"rendered":"https:\/\/www.militarychile.cl\/?post_type=product&#038;p=5444"},"modified":"2022-09-30T16:55:34","modified_gmt":"2022-09-30T19:55:34","slug":"colchon-inflable-2-plazas-zenite-ntk","status":"publish","type":"product","link":"https:\/\/www.militarychile.cl\/?product=colchon-inflable-2-plazas-zenite-ntk","title":{"rendered":"COLCHON INFLABLE 2 PLAZAS ZENITE NTK"},"content":{"rendered":"<div class=\"jsx-133031097 additionInformation-container fa--product-additional-info\">\n<div class=\"jsx-3459521287 swatch \">\n<div id=\"productInfoContainer\" class=\"jsx-4151168483 productInfoContainer\">\n<div class=\"jsx-4151168483 specification specification-2-column\">\n<section class=\"jsx-1944012472 container\">\n<div class=\"jsx-1944012472 mkp-headerContainer\"><span class=\"jsx-1944012472\">Especificaciones<\/span><\/div>\n<div class=\"jsx-1944012472 bodyContainer\">\n<table class=\"jsx-428502957 specification-table\">\n<tbody class=\"jsx-428502957\">\n<tr class=\"jsx-428502957\">\n<td class=\"jsx-428502957 property-name\">Detalle de la condici\u00f3n<\/td>\n<td class=\"jsx-428502957 property-value\">Nuevo<\/td>\n<\/tr>\n<tr class=\"jsx-428502957\">\n<td class=\"jsx-428502957 property-name\">Condicion del producto<\/td>\n<td class=\"jsx-428502957 property-value\">Nuevo<\/td>\n<\/tr>\n<\/tbody>\n<\/table>\n<\/div>\n<\/section>\n<\/div>\n<div class=\"jsx-4151168483 description description-2-column\">\n<section class=\"jsx-1944012472 container\">\n<div class=\"jsx-1944012472 mkp-headerContainer\"><span class=\"jsx-1944012472\">Informaci\u00f3n del Producto<\/span><\/div>\n<div class=\"jsx-1944012472 bodyContainer\">\n<div class=\"fb-product-information__product-information-tab\">\n<div class=\"fb-product-information-tab__copy\">\n<p>&nbsp;<\/p>\n<p>Colch\u00f3n inflable 2 plazas Zenite 2.-NAUTIKA 157579 Colch\u00f3n inflable tama\u00f1o single. Con inflador incorporado. Posee v\u00e1lvula de seguridad adosada. Sistema con v\u00e1lvula de r\u00e1pido desinflado. Incluye kit de reparaci\u00f3n. MODELO : Zenite 2. ALTO: 23 cm. ANCHO : 132 cm. LARGO : 187 cm. TIPO: Inflable. CAPACIDAD: 2 plazas. PESO : 3,9 kilos. MATERIAL : PVC aterciopelado\/PVC. CONTENIDO : 1 colch\u00f3n inflable. ORIGEN : Importado. GARANT\u00cdA : 3 meses (por falla de fabricaci\u00f3n). Dise\u00f1ado por ZOCO LTDA<\/p>\n<p>&nbsp;<\/p>\n<p>Material: Pl\u00e1stico-Capacidad: 2 Plazas-Para uso en interiores y exteriores-Con inflador incorporado-V\u00e1lvula para un r\u00e1pido inflado\/desinflado.-Parche de reparaci\u00f3n extra fuerte incluido.-Resistente fabricaci\u00f3n en estructura en forma tabular.<\/p>\n<\/div>\n<\/div>\n<\/div>\n<\/section>\n<\/div>\n<\/div>\n<\/div>\n<\/div>\n<div id=\"carrusel-recs-7\" class=\"jsx-133031097\"><\/div>\n<div id=\"carrusel-recs-8\" class=\"jsx-133031097\"><\/div>\n<div id=\"carrusel-recs-9\" class=\"jsx-133031097\"><\/div>\n<div class=\"jsx-133031097 additionInformation-container fa--bazaarvoice\">\n<div data-bv-show=\"reviews\" data-bv-product-id=\"113667715\" data-bv-ready=\"true\">\n<div id=\"BVRRSearchContainer\"><\/div>\n<div id=\"BVRRContainer\">\n<div class=\"bv-cleanslate bv-cv2-cleanslate\">\n<div class=\"bv-shared bv-core-container-622\" data-bv-v=\"contentList:1\" data-product-id=\"113667715\">\n<div class=\"bv-compat bv-scroll-spy\" data-bv-target=\"review\">\n<div class=\"bv-content-list-container\">\n<div class=\"bv-header\"><\/div>\n<\/div>\n<\/div>\n<\/div>\n<\/div>\n<\/div>\n<\/div>\n<\/div>\n","protected":false},"excerpt":{"rendered":"<p>Especificaciones Detalle de la condici\u00f3n Nuevo Condicion del producto Nuevo Informaci\u00f3n del Producto &nbsp; Colch\u00f3n inflable 2 plazas Zenite 2.-NAUTIKA 157579 Colch\u00f3n inflable tama\u00f1o single. Con inflador incorporado. Posee v\u00e1lvula de seguridad adosada. Sistema con v\u00e1lvula de r\u00e1pido desinflado. Incluye kit de reparaci\u00f3n. MODELO : Zenite 2. ALTO: 23 cm. ANCHO : 132 cm. LARGO [&hellip;]<\/p>\n","protected":false},"featured_media":5448,"template":"","meta":{"_et_pb_use_builder":"","_et_pb_old_content":"","_et_gb_content_width":""},"product_cat":[482],"product_tag":[636],"class_list":{"0":"post-5444","1":"product","2":"type-product","3":"status-publish","4":"has-post-thumbnail","6":"product_cat-colchones","7":"product_tag-colchon-2-plazas","9":"first","10":"instock","11":"shipping-taxable","12":"purchasable","13":"product-type-simple"},"_links":{"self":[{"href":"https:\/\/www.militarychile.cl\/index.php?rest_route=\/wp\/v2\/product\/5444"}],"collection":[{"href":"https:\/\/www.militarychile.cl\/index.php?rest_route=\/wp\/v2\/product"}],"about":[{"href":"https:\/\/www.militarychile.cl\/index.php?rest_route=\/wp\/v2\/types\/product"}],"wp:featuredmedia":[{"embeddable":true,"href":"https:\/\/www.militarychile.cl\/index.php?rest_route=\/wp\/v2\/media\/5448"}],"wp:attachment":[{"href":"https:\/\/www.militarychile.cl\/index.php?rest_route=%2Fwp%2Fv2%2Fmedia&parent=5444"}],"wp:term":[{"taxonomy":"product_cat","embeddable":true,"href":"https:\/\/www.militarychile.cl\/index.php?rest_route=%2Fwp%2Fv2%2Fproduct_cat&post=5444"},{"taxonomy":"product_tag","embeddable":true,"href":"https:\/\/www.militarychile.cl\/index.php?rest_route=%2Fwp%2Fv2%2Fproduct_tag&post=5444"}],"curies":[{"name":"wp","href":"https:\/\/api.w.org\/{rel}","templated":true}]}}