{"id":5445,"date":"2022-09-30T16:59:21","date_gmt":"2022-09-30T19:59:21","guid":{"rendered":"https:\/\/www.militarychile.cl\/?post_type=product&#038;p=5445"},"modified":"2023-10-03T12:08:44","modified_gmt":"2023-10-03T15:08:44","slug":"colchoneta-autoinflable-ziggy","status":"publish","type":"product","link":"https:\/\/www.militarychile.cl\/?product=colchoneta-autoinflable-ziggy","title":{"rendered":"Colchoneta Autoinflable Ziggy"},"content":{"rendered":"<div class=\"Producto_label_descripcion__QVjMs\">Descripci\u00f3n:<\/div>\n<div class=\"Producto_descripcion__MeXnQ\">\n<div>Informaci\u00f3n general:<\/div>\n<div><\/div>\n<div>Fabricado en poli\u00e9ster ripstop tafet\u00e1n 190 T.<\/div>\n<div>Con espuma de poliuretano en el interior.<\/div>\n<div>Tiene la forma rectangular y es autoinflable.<\/div>\n<div>Cerrado es compacto y extremadamente ligero.<\/div>\n<div>La espuma de poliuretano memoriza el estado \u00ablleno de aire\u00bb.<\/div>\n<div>Por lo que se recomienda mantener inflado antes de salir para el viaje, y enrollar s\u00f3lo el d\u00eda del viaje, esto permitir\u00e1 que se infle m\u00e1s r\u00e1pido.<\/div>\n<div>Dispone de una boquilla que permite complementar el llenado y que sea m\u00e1s c\u00f3modo.<\/div>\n<div><\/div>\n<div>Medidas<\/div>\n<div>Longitud: 1,83 mts<\/div>\n<div>Anchura: 52 cms<\/div>\n<div>Altura: 3 cms<\/div>\n<div>Peso: 1.2 kgs<\/div>\n<\/div>\n","protected":false},"excerpt":{"rendered":"<p>Descripci\u00f3n: Informaci\u00f3n general: Fabricado en poli\u00e9ster ripstop tafet\u00e1n 190 T. Con espuma de poliuretano en el interior. Tiene la forma rectangular y es autoinflable. Cerrado es compacto y extremadamente ligero. La espuma de poliuretano memoriza el estado \u00ablleno de aire\u00bb. Por lo que se recomienda mantener inflado antes de salir para el viaje, y enrollar [&hellip;]<\/p>\n","protected":false},"featured_media":5449,"template":"","meta":{"_et_pb_use_builder":"","_et_pb_old_content":"","_et_gb_content_width":""},"product_cat":[482],"product_tag":[637],"class_list":{"0":"post-5445","1":"product","2":"type-product","3":"status-publish","4":"has-post-thumbnail","6":"product_cat-colchones","7":"product_tag-colchoneta-autoinflable","9":"first","10":"instock","11":"sale","12":"shipping-taxable","13":"purchasable","14":"product-type-simple"},"_links":{"self":[{"href":"https:\/\/www.militarychile.cl\/index.php?rest_route=\/wp\/v2\/product\/5445"}],"collection":[{"href":"https:\/\/www.militarychile.cl\/index.php?rest_route=\/wp\/v2\/product"}],"about":[{"href":"https:\/\/www.militarychile.cl\/index.php?rest_route=\/wp\/v2\/types\/product"}],"wp:featuredmedia":[{"embeddable":true,"href":"https:\/\/www.militarychile.cl\/index.php?rest_route=\/wp\/v2\/media\/5449"}],"wp:attachment":[{"href":"https:\/\/www.militarychile.cl\/index.php?rest_route=%2Fwp%2Fv2%2Fmedia&parent=5445"}],"wp:term":[{"taxonomy":"product_cat","embeddable":true,"href":"https:\/\/www.militarychile.cl\/index.php?rest_route=%2Fwp%2Fv2%2Fproduct_cat&post=5445"},{"taxonomy":"product_tag","embeddable":true,"href":"https:\/\/www.militarychile.cl\/index.php?rest_route=%2Fwp%2Fv2%2Fproduct_tag&post=5445"}],"curies":[{"name":"wp","href":"https:\/\/api.w.org\/{rel}","templated":true}]}}