{"id":5460,"date":"2022-09-30T17:27:14","date_gmt":"2022-09-30T20:27:14","guid":{"rendered":"https:\/\/www.militarychile.cl\/?post_type=product&#038;p=5460"},"modified":"2022-09-30T18:13:27","modified_gmt":"2022-09-30T21:13:27","slug":"cocinilla-portatil-encendido-electrico","status":"publish","type":"product","link":"https:\/\/www.militarychile.cl\/?product=cocinilla-portatil-encendido-electrico","title":{"rendered":"COCINILLA PORTATIL ENCENDIDO ELECTRICO"},"content":{"rendered":"<p>Hecho de acero inoxidable, puede soportar altas temperaturas y peso.<br \/>\nV\u00e1lvula de control de llama ajustable.<br \/>\nENCENDIDO autom\u00e1tico piezoel\u00e9ctrico<br \/>\nSoporte resistente para un soporte estable.<br \/>\nDise\u00f1o ligero y plegable para facilitar el transporte.<br \/>\nSaco de almacenamiento incluido<br \/>\nAdecuado para camping, senderismo, monta\u00f1ismo y otras actividades al aire libre.<\/p>\n","protected":false},"excerpt":{"rendered":"<p>Hecho de acero inoxidable, puede soportar altas temperaturas y peso. V\u00e1lvula de control de llama ajustable. ENCENDIDO autom\u00e1tico piezoel\u00e9ctrico Soporte resistente para un soporte estable. Dise\u00f1o ligero y plegable para facilitar el transporte. Saco de almacenamiento incluido Adecuado para camping, senderismo, monta\u00f1ismo y otras actividades al aire libre.<\/p>\n","protected":false},"featured_media":5462,"template":"","meta":{"_et_pb_use_builder":"","_et_pb_old_content":"","_et_gb_content_width":""},"product_cat":[484],"product_tag":[],"class_list":{"0":"post-5460","1":"product","2":"type-product","3":"status-publish","4":"has-post-thumbnail","6":"product_cat-accesorios-outdoor","8":"first","9":"instock","10":"shipping-taxable","11":"purchasable","12":"product-type-simple"},"_links":{"self":[{"href":"https:\/\/www.militarychile.cl\/index.php?rest_route=\/wp\/v2\/product\/5460"}],"collection":[{"href":"https:\/\/www.militarychile.cl\/index.php?rest_route=\/wp\/v2\/product"}],"about":[{"href":"https:\/\/www.militarychile.cl\/index.php?rest_route=\/wp\/v2\/types\/product"}],"wp:featuredmedia":[{"embeddable":true,"href":"https:\/\/www.militarychile.cl\/index.php?rest_route=\/wp\/v2\/media\/5462"}],"wp:attachment":[{"href":"https:\/\/www.militarychile.cl\/index.php?rest_route=%2Fwp%2Fv2%2Fmedia&parent=5460"}],"wp:term":[{"taxonomy":"product_cat","embeddable":true,"href":"https:\/\/www.militarychile.cl\/index.php?rest_route=%2Fwp%2Fv2%2Fproduct_cat&post=5460"},{"taxonomy":"product_tag","embeddable":true,"href":"https:\/\/www.militarychile.cl\/index.php?rest_route=%2Fwp%2Fv2%2Fproduct_tag&post=5460"}],"curies":[{"name":"wp","href":"https:\/\/api.w.org\/{rel}","templated":true}]}}