{"id":5475,"date":"2022-09-30T18:10:18","date_gmt":"2022-09-30T21:10:18","guid":{"rendered":"https:\/\/www.militarychile.cl\/?post_type=product&#038;p=5475"},"modified":"2023-07-18T18:29:38","modified_gmt":"2023-07-18T22:29:38","slug":"lampara-linterna-compacta-1w-quail","status":"publish","type":"product","link":"https:\/\/www.militarychile.cl\/?product=lampara-linterna-compacta-1w-quail","title":{"rendered":"LAMPARA LINTERNA COMPACTA 1W  QUAIL"},"content":{"rendered":"<h2>Descripci\u00f3n<\/h2>\n<div class=\"page\" title=\"Page 28\">\n<div class=\"layoutArea\">\n<div class=\"column\">\n<p><strong>LAMPARA \/ LINTERNA COMPACTA 1W QUAIL<\/strong><\/p>\n<div class=\"page\" title=\"Page 28\">\n<div class=\"layoutArea\">\n<div class=\"column\">Puede ser utilizado como linterna o<br \/>\nL\u00e1mpara indistintamente.<br \/>\nFoco 1W potencia (60 lumenes).<br \/>\nLinterna de alta capacidad luminosa.<br \/>\nSistema compacto colapsable 1 w high power.<br \/>\nAmigable con el medio ambiente, con un bajo consumo de energ\u00eda.<br \/>\nMaterial cuerpo abs, gancho pl\u00e1stico y manilla met\u00e1licas.<br \/>\nIncluye im\u00e1n.<br \/>\nUtiliza 3 pilas AA (no incluidas).<br \/>\nResistente a la lluvia.<\/div>\n<\/div>\n<\/div>\n<\/div>\n<\/div>\n<\/div>\n","protected":false},"excerpt":{"rendered":"<p>Descripci\u00f3n LAMPARA \/ LINTERNA COMPACTA 1W QUAIL Puede ser utilizado como linterna o L\u00e1mpara indistintamente. Foco 1W potencia (60 lumenes). Linterna de alta capacidad luminosa. Sistema compacto colapsable 1 w high power. Amigable con el medio ambiente, con un bajo consumo de energ\u00eda. Material cuerpo abs, gancho pl\u00e1stico y manilla met\u00e1licas. Incluye im\u00e1n. Utiliza 3 [&hellip;]<\/p>\n","protected":false},"featured_media":5476,"template":"","meta":{"_et_pb_use_builder":"","_et_pb_old_content":"","_et_gb_content_width":""},"product_cat":[484,79,80],"product_tag":[],"class_list":{"0":"post-5475","1":"product","2":"type-product","3":"status-publish","4":"has-post-thumbnail","6":"product_cat-accesorios-outdoor","7":"product_cat-camping","8":"product_cat-linternas","10":"first","11":"instock","12":"shipping-taxable","13":"purchasable","14":"product-type-simple"},"_links":{"self":[{"href":"https:\/\/www.militarychile.cl\/index.php?rest_route=\/wp\/v2\/product\/5475"}],"collection":[{"href":"https:\/\/www.militarychile.cl\/index.php?rest_route=\/wp\/v2\/product"}],"about":[{"href":"https:\/\/www.militarychile.cl\/index.php?rest_route=\/wp\/v2\/types\/product"}],"wp:featuredmedia":[{"embeddable":true,"href":"https:\/\/www.militarychile.cl\/index.php?rest_route=\/wp\/v2\/media\/5476"}],"wp:attachment":[{"href":"https:\/\/www.militarychile.cl\/index.php?rest_route=%2Fwp%2Fv2%2Fmedia&parent=5475"}],"wp:term":[{"taxonomy":"product_cat","embeddable":true,"href":"https:\/\/www.militarychile.cl\/index.php?rest_route=%2Fwp%2Fv2%2Fproduct_cat&post=5475"},{"taxonomy":"product_tag","embeddable":true,"href":"https:\/\/www.militarychile.cl\/index.php?rest_route=%2Fwp%2Fv2%2Fproduct_tag&post=5475"}],"curies":[{"name":"wp","href":"https:\/\/api.w.org\/{rel}","templated":true}]}}