{"id":5532,"date":"2022-10-24T12:48:54","date_gmt":"2022-10-24T15:48:54","guid":{"rendered":"https:\/\/www.militarychile.cl\/?post_type=product&#038;p=5532"},"modified":"2024-12-02T00:00:15","modified_gmt":"2024-12-02T03:00:15","slug":"saco-de-dormir-coleman-silverton-4","status":"publish","type":"product","link":"https:\/\/www.militarychile.cl\/?product=saco-de-dormir-coleman-silverton-4","title":{"rendered":"SACO DE DORMIR COLEMAN SILVERTON -4\u00b0"},"content":{"rendered":"<p>Saco de dormir Momia Silverton 25 de Coleman con una temperatura m\u00ednima de confort de hasta\u00a0 (25\u00b0 F). Dise\u00f1o tipo Momia con el \u00e1rea de los pies en forma de caja para tener m\u00e1s espacio para moverse y capucha semi-moldeada que permite una mejor conservaci\u00f3n del calor. Se ajusta a una persona que mide hasta 1,88 mts.<\/p>\n<p>Caracter\u00edsticas<br \/>\nMantente c\u00f3modo cuando hace 25 \u00b0 F afuera<br \/>\nDise\u00f1ado para personas de hasta 6 pies y 2 pulgadas de altura<br \/>\nCremallera ZipPlow \u2122 para una apertura y cierre sin enganches<br \/>\nEl aislamiento de poli\u00e9ster hueco Coletherm\u00ae proporciona una mejor retenci\u00f3n de calor con menos peso<br \/>\nLa capucha ajustable te permite encontrar la combinaci\u00f3n perfecta de calidez y ventilaci\u00f3n.<br \/>\nLa construcci\u00f3n de edred\u00f3n offset de doble guata elimina los posibles puntos fr\u00edos<br \/>\nEl pr\u00e1ctico bolsillo de la almohada se puede rellenar f\u00e1cilmente para mayor comodidad.<br \/>\nLa cremallera de 2 v\u00edas te permite abrir la parte inferior para una mayor ventilaci\u00f3n.<br \/>\nLa resistente cubierta de poli\u00e9ster reforzado con ripstop resiste los desgarros.<br \/>\nPie en forma de caja para mayor espacio para moverse.<\/p>\n","protected":false},"excerpt":{"rendered":"<p>Saco de dormir Momia Silverton 25 de Coleman con una temperatura m\u00ednima de confort de hasta\u00a0 (25\u00b0 F). Dise\u00f1o tipo Momia con el \u00e1rea de los pies en forma de caja para tener m\u00e1s espacio para moverse y capucha semi-moldeada que permite una mejor conservaci\u00f3n del calor. Se ajusta a una persona que mide hasta [&hellip;]<\/p>\n","protected":false},"featured_media":5533,"template":"","meta":{"_et_pb_use_builder":"","_et_pb_old_content":"","_et_gb_content_width":""},"product_cat":[16,79,481,480],"product_tag":[],"class_list":{"0":"post-5532","1":"product","2":"type-product","3":"status-publish","4":"has-post-thumbnail","6":"product_cat-sin-categorizar","7":"product_cat-camping","8":"product_cat-carpas","9":"product_cat-outdoor","11":"first","12":"instock","13":"shipping-taxable","14":"purchasable","15":"product-type-simple"},"_links":{"self":[{"href":"https:\/\/www.militarychile.cl\/index.php?rest_route=\/wp\/v2\/product\/5532"}],"collection":[{"href":"https:\/\/www.militarychile.cl\/index.php?rest_route=\/wp\/v2\/product"}],"about":[{"href":"https:\/\/www.militarychile.cl\/index.php?rest_route=\/wp\/v2\/types\/product"}],"wp:featuredmedia":[{"embeddable":true,"href":"https:\/\/www.militarychile.cl\/index.php?rest_route=\/wp\/v2\/media\/5533"}],"wp:attachment":[{"href":"https:\/\/www.militarychile.cl\/index.php?rest_route=%2Fwp%2Fv2%2Fmedia&parent=5532"}],"wp:term":[{"taxonomy":"product_cat","embeddable":true,"href":"https:\/\/www.militarychile.cl\/index.php?rest_route=%2Fwp%2Fv2%2Fproduct_cat&post=5532"},{"taxonomy":"product_tag","embeddable":true,"href":"https:\/\/www.militarychile.cl\/index.php?rest_route=%2Fwp%2Fv2%2Fproduct_tag&post=5532"}],"curies":[{"name":"wp","href":"https:\/\/api.w.org\/{rel}","templated":true}]}}