{"id":5626,"date":"2022-11-23T15:22:44","date_gmt":"2022-11-23T18:22:44","guid":{"rendered":"https:\/\/www.militarychile.cl\/?post_type=product&#038;p=5626"},"modified":"2026-02-13T18:06:22","modified_gmt":"2026-02-13T21:06:22","slug":"carrete-yokozuna-bravo-s-30fd","status":"publish","type":"product","link":"https:\/\/www.militarychile.cl\/?product=carrete-yokozuna-bravo-s-30fd","title":{"rendered":"CARRETE YOKOZUNA BRAVO S 30FD"},"content":{"rendered":"<p>DESCRIPCI\u00d3N<\/p>\n<p>&#8211; Fabricado en grafito resistente a la corrosi\u00f3n.<br \/>\n&#8211; 1 rodamiento de bolas.<br \/>\n&#8211; Freno frontal microajustable con muelle.<br \/>\n&#8211; Rotor equilibrado. Gu\u00eda-hilos sobredimensionado.<br \/>\n&#8211; Bobina de grafito con hilo inclu\u00eddo.<\/p>\n","protected":false},"excerpt":{"rendered":"<p>DESCRIPCI\u00d3N &#8211; Fabricado en grafito resistente a la corrosi\u00f3n. &#8211; 1 rodamiento de bolas. &#8211; Freno frontal microajustable con muelle. &#8211; Rotor equilibrado. Gu\u00eda-hilos sobredimensionado. &#8211; Bobina de grafito con hilo inclu\u00eddo.<\/p>\n","protected":false},"featured_media":5619,"template":"","meta":{"_et_pb_use_builder":"","_et_pb_old_content":"","_et_gb_content_width":""},"product_cat":[1092,249],"product_tag":[250,193,649,650],"class_list":{"0":"post-5626","1":"product","2":"type-product","3":"status-publish","4":"has-post-thumbnail","6":"product_cat-carrete-rio-lago","7":"product_cat-carretes","8":"product_tag-carrete","9":"product_tag-pesca","10":"product_tag-pokee","11":"product_tag-yokozuna","13":"first","14":"outofstock","15":"shipping-taxable","16":"purchasable","17":"product-type-simple"},"_links":{"self":[{"href":"https:\/\/www.militarychile.cl\/index.php?rest_route=\/wp\/v2\/product\/5626"}],"collection":[{"href":"https:\/\/www.militarychile.cl\/index.php?rest_route=\/wp\/v2\/product"}],"about":[{"href":"https:\/\/www.militarychile.cl\/index.php?rest_route=\/wp\/v2\/types\/product"}],"wp:featuredmedia":[{"embeddable":true,"href":"https:\/\/www.militarychile.cl\/index.php?rest_route=\/wp\/v2\/media\/5619"}],"wp:attachment":[{"href":"https:\/\/www.militarychile.cl\/index.php?rest_route=%2Fwp%2Fv2%2Fmedia&parent=5626"}],"wp:term":[{"taxonomy":"product_cat","embeddable":true,"href":"https:\/\/www.militarychile.cl\/index.php?rest_route=%2Fwp%2Fv2%2Fproduct_cat&post=5626"},{"taxonomy":"product_tag","embeddable":true,"href":"https:\/\/www.militarychile.cl\/index.php?rest_route=%2Fwp%2Fv2%2Fproduct_tag&post=5626"}],"curies":[{"name":"wp","href":"https:\/\/api.w.org\/{rel}","templated":true}]}}