{"id":5640,"date":"2022-11-23T16:39:19","date_gmt":"2022-11-23T19:39:19","guid":{"rendered":"https:\/\/www.militarychile.cl\/?post_type=product&#038;p=5640"},"modified":"2024-03-25T16:17:06","modified_gmt":"2024-03-25T19:17:06","slug":"cana-tele-yokozuna-bot-210","status":"publish","type":"product","link":"https:\/\/www.militarychile.cl\/?product=cana-tele-yokozuna-bot-210","title":{"rendered":"CA\u00d1A TELE. YOKOZUNA BOT 210"},"content":{"rendered":"<p>DESCRIPCI\u00d3N<\/p>\n<p>Ca\u00f1a especial para modalidad de pesca de agua dulce para trucha, ideal para la iniciaci\u00f3n.<\/p>\n","protected":false},"excerpt":{"rendered":"<p>DESCRIPCI\u00d3N Ca\u00f1a especial para modalidad de pesca de agua dulce para trucha, ideal para la iniciaci\u00f3n.<\/p>\n","protected":false},"featured_media":5601,"template":"","meta":{"_et_pb_use_builder":"","_et_pb_old_content":"","_et_gb_content_width":""},"product_cat":[253,1028,1027],"product_tag":[251,513,650],"class_list":{"0":"post-5640","1":"product","2":"type-product","3":"status-publish","4":"has-post-thumbnail","6":"product_cat-canas","7":"product_cat-cana-bote-y-kayak","8":"product_cat-canas-rio-y-lago","9":"product_tag-cana","10":"product_tag-telescopica","11":"product_tag-yokozuna","13":"first","14":"instock","15":"shipping-taxable","16":"purchasable","17":"product-type-simple"},"_links":{"self":[{"href":"https:\/\/www.militarychile.cl\/index.php?rest_route=\/wp\/v2\/product\/5640"}],"collection":[{"href":"https:\/\/www.militarychile.cl\/index.php?rest_route=\/wp\/v2\/product"}],"about":[{"href":"https:\/\/www.militarychile.cl\/index.php?rest_route=\/wp\/v2\/types\/product"}],"wp:featuredmedia":[{"embeddable":true,"href":"https:\/\/www.militarychile.cl\/index.php?rest_route=\/wp\/v2\/media\/5601"}],"wp:attachment":[{"href":"https:\/\/www.militarychile.cl\/index.php?rest_route=%2Fwp%2Fv2%2Fmedia&parent=5640"}],"wp:term":[{"taxonomy":"product_cat","embeddable":true,"href":"https:\/\/www.militarychile.cl\/index.php?rest_route=%2Fwp%2Fv2%2Fproduct_cat&post=5640"},{"taxonomy":"product_tag","embeddable":true,"href":"https:\/\/www.militarychile.cl\/index.php?rest_route=%2Fwp%2Fv2%2Fproduct_tag&post=5640"}],"curies":[{"name":"wp","href":"https:\/\/api.w.org\/{rel}","templated":true}]}}