{"id":5722,"date":"2022-11-29T18:43:30","date_gmt":"2022-11-29T21:43:30","guid":{"rendered":"https:\/\/www.militarychile.cl\/?post_type=product&#038;p=5722"},"modified":"2023-07-25T16:48:30","modified_gmt":"2023-07-25T20:48:30","slug":"chispa-yokozuna-sharkie-26g-c-10","status":"publish","type":"product","link":"https:\/\/www.militarychile.cl\/?product=chispa-yokozuna-sharkie-26g-c-10","title":{"rendered":"CABALLITO YOKOZUNA SHARKIE"},"content":{"rendered":"<p>Lipless vibrador de peque\u00f1o tama\u00f1o y gran peso. Ideal para tentar depredadores tanto de interior como de agua salada. Utiliz\u00e1ndolo en recogidas lineales con pausas, obtendremos el mejor resultado.<\/p>\n<p>TAMA\u00d1O 9 CM<\/p>\n<p>PESO 26GR<\/p>\n","protected":false},"excerpt":{"rendered":"<p>Lipless vibrador de peque\u00f1o tama\u00f1o y gran peso. Ideal para tentar depredadores tanto de interior como de agua salada. Utiliz\u00e1ndolo en recogidas lineales con pausas, obtendremos el mejor resultado. TAMA\u00d1O 9 CM PESO 26GR<\/p>\n","protected":false},"featured_media":5724,"template":"","meta":{"_et_pb_use_builder":"","_et_pb_old_content":"","_et_gb_content_width":""},"product_cat":[898,248,335,979],"product_tag":[672,654,653,652,671],"class_list":{"0":"post-5722","1":"product","2":"type-product","3":"status-publish","4":"has-post-thumbnail","6":"product_cat-agua-salada","7":"product_cat-pesca","8":"product_cat-senuelos","9":"product_cat-vib","10":"product_tag-caballito","11":"product_tag-chispa","12":"product_tag-jig","13":"product_tag-senuelo","14":"product_tag-sharkie","16":"first","17":"instock","18":"shipping-taxable","19":"purchasable","20":"product-type-variable"},"_links":{"self":[{"href":"https:\/\/www.militarychile.cl\/index.php?rest_route=\/wp\/v2\/product\/5722"}],"collection":[{"href":"https:\/\/www.militarychile.cl\/index.php?rest_route=\/wp\/v2\/product"}],"about":[{"href":"https:\/\/www.militarychile.cl\/index.php?rest_route=\/wp\/v2\/types\/product"}],"wp:featuredmedia":[{"embeddable":true,"href":"https:\/\/www.militarychile.cl\/index.php?rest_route=\/wp\/v2\/media\/5724"}],"wp:attachment":[{"href":"https:\/\/www.militarychile.cl\/index.php?rest_route=%2Fwp%2Fv2%2Fmedia&parent=5722"}],"wp:term":[{"taxonomy":"product_cat","embeddable":true,"href":"https:\/\/www.militarychile.cl\/index.php?rest_route=%2Fwp%2Fv2%2Fproduct_cat&post=5722"},{"taxonomy":"product_tag","embeddable":true,"href":"https:\/\/www.militarychile.cl\/index.php?rest_route=%2Fwp%2Fv2%2Fproduct_tag&post=5722"}],"curies":[{"name":"wp","href":"https:\/\/api.w.org\/{rel}","templated":true}]}}