{"id":5840,"date":"2022-12-16T11:00:44","date_gmt":"2022-12-16T14:00:44","guid":{"rendered":"https:\/\/www.militarychile.cl\/?post_type=product&#038;p=5840"},"modified":"2026-02-09T10:57:43","modified_gmt":"2026-02-09T13:57:43","slug":"rapala-countdown-elite-5-5-gdbt","status":"publish","type":"product","link":"https:\/\/www.militarychile.cl\/?product=rapala-countdown-elite-5-5-gdbt","title":{"rendered":"RAPALA COUNTDOWN ELITE 5.5 GDBT"},"content":{"rendered":"<p>El CountDown\u00ae Elite utiliza m\u00e1s de 80 a\u00f1os de se\u00f1uelo convirtiendo la artesan\u00eda en un se\u00f1uelo de balsa premium. Cuenta con el legendario m\u00e9todo de hundimiento lento controlado del CountDown\u00ae original. El nuevo CountDown\u00ae Elite est\u00e1 construido con una construcci\u00f3n moderna para una distancia y precisi\u00f3n de lanzamiento m\u00e1ximas, durabilidad y versatilidad mejoradas, y un aleteo en la ca\u00edda. Los patrones de color combinan chapado met\u00e1lico, impresi\u00f3n HD y nuevos dise\u00f1os, llevando el aspecto a un nivel totalmente nuevo.<\/p>\n<p>Marca: Rapala<br \/>\nModelo:\u00a0Countdown Elite<br \/>\nColor: GDBT \/ Gilded Brown Trout<br \/>\nTama\u00f1o: 5.5 Cm<br \/>\nPeso: 5 Gr<br \/>\nProfundidad: 0.9 \u2013 1.2 Metros<\/p>\n<p><iframe loading=\"lazy\" title=\"LEGEND 2.0 - the CountDown\u00ae Elite | Rapala\u00ae (Eng captions)\" width=\"1080\" height=\"608\" src=\"https:\/\/www.youtube.com\/embed\/JaTsdBVaL18?feature=oembed\"  allow=\"accelerometer; autoplay; clipboard-write; encrypted-media; gyroscope; picture-in-picture; web-share\" allowfullscreen><\/iframe><\/p>\n","protected":false},"excerpt":{"rendered":"<p>El CountDown\u00ae Elite utiliza m\u00e1s de 80 a\u00f1os de se\u00f1uelo convirtiendo la artesan\u00eda en un se\u00f1uelo de balsa premium. Cuenta con el legendario m\u00e9todo de hundimiento lento controlado del CountDown\u00ae original. El nuevo CountDown\u00ae Elite est\u00e1 construido con una construcci\u00f3n moderna para una distancia y precisi\u00f3n de lanzamiento m\u00e1ximas, durabilidad y versatilidad mejoradas, y un [&hellip;]<\/p>\n","protected":false},"featured_media":5835,"template":"","meta":{"_et_pb_use_builder":"","_et_pb_old_content":"","_et_gb_content_width":""},"product_cat":[899,248,996,335],"product_tag":[282,1017,652],"class_list":{"0":"post-5840","1":"product","2":"type-product","3":"status-publish","4":"has-post-thumbnail","6":"product_cat-agua-dulce","7":"product_cat-pesca","8":"product_cat-rapala-elite","9":"product_cat-senuelos","10":"product_tag-rapala","11":"product_tag-rapala-elite","12":"product_tag-senuelo","14":"first","15":"instock","16":"sale","17":"shipping-taxable","18":"purchasable","19":"product-type-simple"},"_links":{"self":[{"href":"https:\/\/www.militarychile.cl\/index.php?rest_route=\/wp\/v2\/product\/5840"}],"collection":[{"href":"https:\/\/www.militarychile.cl\/index.php?rest_route=\/wp\/v2\/product"}],"about":[{"href":"https:\/\/www.militarychile.cl\/index.php?rest_route=\/wp\/v2\/types\/product"}],"wp:featuredmedia":[{"embeddable":true,"href":"https:\/\/www.militarychile.cl\/index.php?rest_route=\/wp\/v2\/media\/5835"}],"wp:attachment":[{"href":"https:\/\/www.militarychile.cl\/index.php?rest_route=%2Fwp%2Fv2%2Fmedia&parent=5840"}],"wp:term":[{"taxonomy":"product_cat","embeddable":true,"href":"https:\/\/www.militarychile.cl\/index.php?rest_route=%2Fwp%2Fv2%2Fproduct_cat&post=5840"},{"taxonomy":"product_tag","embeddable":true,"href":"https:\/\/www.militarychile.cl\/index.php?rest_route=%2Fwp%2Fv2%2Fproduct_tag&post=5840"}],"curies":[{"name":"wp","href":"https:\/\/api.w.org\/{rel}","templated":true}]}}