{"id":5848,"date":"2022-12-16T12:25:55","date_gmt":"2022-12-16T15:25:55","guid":{"rendered":"https:\/\/www.militarychile.cl\/?post_type=product&#038;p=5848"},"modified":"2025-09-30T12:24:49","modified_gmt":"2025-09-30T15:24:49","slug":"senuelo-rapala-xrcd07-tr","status":"publish","type":"product","link":"https:\/\/www.militarychile.cl\/?product=senuelo-rapala-xrcd07-tr","title":{"rendered":"SE\u00d1UELO RAPALA  X-RAP CD07 TR"},"content":{"rendered":"<p>Basado en el m\u00e9todo CountDown introducido por Rapala en la d\u00e9cada de 1960, el X-Rap CountDown aporta acabados y detalles modernos de estilo X al juego.\u00a0Nada con una fuerte acci\u00f3n de balanceo y revolotea hacia abajo en la pausa.\u00a0El X-Rap CountDown se hunde un 30% m\u00e1s r\u00e1pido que el CD cl\u00e1sico.\u00a0Debido a su peso y dise\u00f1o del cuerpo, el X-Rap CountDown tambi\u00e9n es de lanzamiento muy largo.<\/p>\n<p>TAMA\u00d1O: 7CM<\/p>\n<p>PESO: 10GR<\/p>\n<p>PROFUNDIDAD: 0,9-1.5CM<\/p>\n","protected":false},"excerpt":{"rendered":"<p>Basado en el m\u00e9todo CountDown introducido por Rapala en la d\u00e9cada de 1960, el X-Rap CountDown aporta acabados y detalles modernos de estilo X al juego.\u00a0Nada con una fuerte acci\u00f3n de balanceo y revolotea hacia abajo en la pausa.\u00a0El X-Rap CountDown se hunde un 30% m\u00e1s r\u00e1pido que el CD cl\u00e1sico.\u00a0Debido a su peso y [&hellip;]<\/p>\n","protected":false},"featured_media":5849,"template":"","meta":{"_et_pb_use_builder":"","_et_pb_old_content":"","_et_gb_content_width":""},"product_cat":[899,248,998,335],"product_tag":[282,652],"class_list":{"0":"post-5848","1":"product","2":"type-product","3":"status-publish","4":"has-post-thumbnail","6":"product_cat-agua-dulce","7":"product_cat-pesca","8":"product_cat-rapala-x-rap","9":"product_cat-senuelos","10":"product_tag-rapala","11":"product_tag-senuelo","13":"first","14":"instock","15":"sale","16":"shipping-taxable","17":"purchasable","18":"product-type-simple"},"_links":{"self":[{"href":"https:\/\/www.militarychile.cl\/index.php?rest_route=\/wp\/v2\/product\/5848"}],"collection":[{"href":"https:\/\/www.militarychile.cl\/index.php?rest_route=\/wp\/v2\/product"}],"about":[{"href":"https:\/\/www.militarychile.cl\/index.php?rest_route=\/wp\/v2\/types\/product"}],"wp:featuredmedia":[{"embeddable":true,"href":"https:\/\/www.militarychile.cl\/index.php?rest_route=\/wp\/v2\/media\/5849"}],"wp:attachment":[{"href":"https:\/\/www.militarychile.cl\/index.php?rest_route=%2Fwp%2Fv2%2Fmedia&parent=5848"}],"wp:term":[{"taxonomy":"product_cat","embeddable":true,"href":"https:\/\/www.militarychile.cl\/index.php?rest_route=%2Fwp%2Fv2%2Fproduct_cat&post=5848"},{"taxonomy":"product_tag","embeddable":true,"href":"https:\/\/www.militarychile.cl\/index.php?rest_route=%2Fwp%2Fv2%2Fproduct_tag&post=5848"}],"curies":[{"name":"wp","href":"https:\/\/api.w.org\/{rel}","templated":true}]}}