{"id":5852,"date":"2022-12-16T12:38:22","date_gmt":"2022-12-16T15:38:22","guid":{"rendered":"https:\/\/www.militarychile.cl\/?post_type=product&#038;p=5852"},"modified":"2025-10-28T09:57:10","modified_gmt":"2025-10-28T12:57:10","slug":"senuelo-rapala-x-rap-cd05-rt","status":"publish","type":"product","link":"https:\/\/www.militarychile.cl\/?product=senuelo-rapala-x-rap-cd05-rt","title":{"rendered":"SE\u00d1UELO RAPALA X-RAP CD05 RT"},"content":{"rendered":"<p>Basado en el m\u00e9todo CountDown introducido por Rapala en la d\u00e9cada de 1960, el X-Rap CountDown aporta acabados y detalles modernos de estilo X al juego.\u00a0Nada con una fuerte acci\u00f3n de balanceo y revolotea hacia abajo en la pausa.\u00a0El X-Rap CountDown se hunde un 30% m\u00e1s r\u00e1pido que el CD cl\u00e1sico.\u00a0Debido a su peso y dise\u00f1o del cuerpo, el X-Rap CountDown tambi\u00e9n es de lanzamiento muy largo.<\/p>\n<p>TAMA\u00d1O: 5CM<\/p>\n<p>PESO: 4GR<\/p>\n<p>PROFUNDIDAD: 0,6-1.2CM<\/p>\n","protected":false},"excerpt":{"rendered":"<p>Basado en el m\u00e9todo CountDown introducido por Rapala en la d\u00e9cada de 1960, el X-Rap CountDown aporta acabados y detalles modernos de estilo X al juego.\u00a0Nada con una fuerte acci\u00f3n de balanceo y revolotea hacia abajo en la pausa.\u00a0El X-Rap CountDown se hunde un 30% m\u00e1s r\u00e1pido que el CD cl\u00e1sico.\u00a0Debido a su peso y [&hellip;]<\/p>\n","protected":false},"featured_media":5854,"template":"","meta":{"_et_pb_use_builder":"","_et_pb_old_content":"","_et_gb_content_width":""},"product_cat":[899,248,998,335],"product_tag":[282,669],"class_list":{"0":"post-5852","1":"product","2":"type-product","3":"status-publish","4":"has-post-thumbnail","6":"product_cat-agua-dulce","7":"product_cat-pesca","8":"product_cat-rapala-x-rap","9":"product_cat-senuelos","10":"product_tag-rapala","11":"product_tag-senuelos","13":"first","14":"instock","15":"sale","16":"shipping-taxable","17":"purchasable","18":"product-type-simple"},"_links":{"self":[{"href":"https:\/\/www.militarychile.cl\/index.php?rest_route=\/wp\/v2\/product\/5852"}],"collection":[{"href":"https:\/\/www.militarychile.cl\/index.php?rest_route=\/wp\/v2\/product"}],"about":[{"href":"https:\/\/www.militarychile.cl\/index.php?rest_route=\/wp\/v2\/types\/product"}],"wp:featuredmedia":[{"embeddable":true,"href":"https:\/\/www.militarychile.cl\/index.php?rest_route=\/wp\/v2\/media\/5854"}],"wp:attachment":[{"href":"https:\/\/www.militarychile.cl\/index.php?rest_route=%2Fwp%2Fv2%2Fmedia&parent=5852"}],"wp:term":[{"taxonomy":"product_cat","embeddable":true,"href":"https:\/\/www.militarychile.cl\/index.php?rest_route=%2Fwp%2Fv2%2Fproduct_cat&post=5852"},{"taxonomy":"product_tag","embeddable":true,"href":"https:\/\/www.militarychile.cl\/index.php?rest_route=%2Fwp%2Fv2%2Fproduct_tag&post=5852"}],"curies":[{"name":"wp","href":"https:\/\/api.w.org\/{rel}","templated":true}]}}