{"id":6038,"date":"2023-01-30T15:37:31","date_gmt":"2023-01-30T18:37:31","guid":{"rendered":"https:\/\/www.militarychile.cl\/?post_type=product&#038;p=6038"},"modified":"2025-10-09T15:58:31","modified_gmt":"2025-10-09T18:58:31","slug":"cana-crazy-inshore-kayak-195","status":"publish","type":"product","link":"https:\/\/www.militarychile.cl\/?product=cana-crazy-inshore-kayak-195","title":{"rendered":"CA\u00d1A CRAZY INSHORE KAYAK 195"},"content":{"rendered":"<p>La ca\u00f1a\u00a0<strong>Cinnetic Crazy Inshore Kayak<\/strong>\u00a0est\u00e1 enfocada a t\u00e9cnicas que requieran acciones m\u00e1s espec\u00edficas como light jigging, drifting o light trolling. Dispone de anillas Fuji MNOG y portacarretes Fuji DPS.<\/p>\n<p><strong>Caracter\u00edsticas modelo 195:<\/strong><\/p>\n<ul>\n<li>Longitud: 1,95 m.<\/li>\n<li>Tramos: 2.<\/li>\n<li>Plegado: 1,43 m.<\/li>\n<li>Acci\u00f3n: 40-160 g.<\/li>\n<li>Peso: 205 g.<\/li>\n<\/ul>\n","protected":false},"excerpt":{"rendered":"<p>La ca\u00f1a\u00a0Cinnetic Crazy Inshore Kayak\u00a0est\u00e1 enfocada a t\u00e9cnicas que requieran acciones m\u00e1s espec\u00edficas como light jigging, drifting o light trolling. Dispone de anillas Fuji MNOG y portacarretes Fuji DPS. Caracter\u00edsticas modelo 195: Longitud: 1,95 m. Tramos: 2. Plegado: 1,43 m. Acci\u00f3n: 40-160 g. Peso: 205 g.<\/p>\n","protected":false},"featured_media":6039,"template":"","meta":{"_et_pb_use_builder":"","_et_pb_old_content":"","_et_gb_content_width":""},"product_cat":[253,1028,248],"product_tag":[],"class_list":{"0":"post-6038","1":"product","2":"type-product","3":"status-publish","4":"has-post-thumbnail","6":"product_cat-canas","7":"product_cat-cana-bote-y-kayak","8":"product_cat-pesca","10":"first","11":"instock","12":"shipping-taxable","13":"purchasable","14":"product-type-simple"},"_links":{"self":[{"href":"https:\/\/www.militarychile.cl\/index.php?rest_route=\/wp\/v2\/product\/6038"}],"collection":[{"href":"https:\/\/www.militarychile.cl\/index.php?rest_route=\/wp\/v2\/product"}],"about":[{"href":"https:\/\/www.militarychile.cl\/index.php?rest_route=\/wp\/v2\/types\/product"}],"wp:featuredmedia":[{"embeddable":true,"href":"https:\/\/www.militarychile.cl\/index.php?rest_route=\/wp\/v2\/media\/6039"}],"wp:attachment":[{"href":"https:\/\/www.militarychile.cl\/index.php?rest_route=%2Fwp%2Fv2%2Fmedia&parent=6038"}],"wp:term":[{"taxonomy":"product_cat","embeddable":true,"href":"https:\/\/www.militarychile.cl\/index.php?rest_route=%2Fwp%2Fv2%2Fproduct_cat&post=6038"},{"taxonomy":"product_tag","embeddable":true,"href":"https:\/\/www.militarychile.cl\/index.php?rest_route=%2Fwp%2Fv2%2Fproduct_tag&post=6038"}],"curies":[{"name":"wp","href":"https:\/\/api.w.org\/{rel}","templated":true}]}}