{"id":7097,"date":"2023-07-11T11:55:42","date_gmt":"2023-07-11T15:55:42","guid":{"rendered":"https:\/\/www.militarychile.cl\/?post_type=product&#038;p=7097"},"modified":"2024-12-17T12:27:30","modified_gmt":"2024-12-17T15:27:30","slug":"mira-westhunter-hd-c-3-9x40","status":"publish","type":"product","link":"https:\/\/www.militarychile.cl\/?product=mira-westhunter-hd-c-3-9x40","title":{"rendered":"MIRA WESTHUNTER HD-C 3-9X40"},"content":{"rendered":"<div id=\"ppd\">\n<div id=\"centerCol\" class=\"centerColAlign \">\n<div id=\"featurebullets_feature_div\" class=\"celwidget\" data-feature-name=\"featurebullets\" data-csa-c-type=\"widget\" data-csa-c-content-id=\"featurebullets\" data-csa-c-slot-id=\"featurebullets_feature_div\" data-csa-c-asin=\"B0BV2GGF9J\" data-csa-c-is-in-initial-active-row=\"false\" data-csa-c-id=\"jcjgyq-r4xnz7-eaa66r-qkxsro\" data-cel-widget=\"featurebullets_feature_div\">\n<div id=\"feature-bullets\" class=\"a-section a-spacing-medium a-spacing-top-small\">\n<ul class=\"a-unordered-list a-vertical a-spacing-mini\">\n<li class=\"a-spacing-mini\"><span class=\"a-list-item\">El alcance HD-C 3-9&#215;40 SFP maximiza la relaci\u00f3n calidad a costo, crea una gran precisi\u00f3n y valor al menor costo<\/span><\/li>\n<li class=\"a-spacing-mini\"><span class=\"a-list-item\">Segundo plano focal (SFP), alivio ocular largo (3.937-3.740\u00a0in), ret\u00edcula WDC-HKS, campo de visi\u00f3n (36.7-12.22 pies @100 yardas), valor de clic est\u00e1ndar para E\/W es 1\/4 MOA, gran rendimiento a prueba de golpes<\/span><\/li>\n<li class=\"a-spacing-mini\"><span class=\"a-list-item\">Cristal de alta transmisi\u00f3n totalmente multicapa que aumenta la transmisi\u00f3n de luz, proporcionando im\u00e1genes n\u00edtidas y brillantes<\/span><\/li>\n<li class=\"a-spacing-mini\"><span class=\"a-list-item\">Con torretas de reinicio r\u00e1pido con bloqueo el\u00e1stico, y con un clic audible n\u00edtido al ajustar, ser\u00e1 capaz de restablecer r\u00e1pidamente a cero despu\u00e9s de ver en<\/span><\/li>\n<li class=\"a-spacing-mini\"><span class=\"a-list-item\"><span class=\"a-list-item\">Hecho de aleaci\u00f3n de aluminio anodizado 6061 T6 de grado aeron\u00e1utico, tubo sellado cargado de nitr\u00f3geno. El rendimiento a prueba de golpes, impermeable, a prueba de niebla y a la intemperie ha pasado estrictas pruebas. \u00d3ptica muy rentable de WestHunter<\/span><\/span><br \/>\n<h2 class=\"default\">Descripci\u00f3n del producto<\/h2>\n<div id=\"productDescription\" class=\"a-section a-spacing-small\">\n<p>Especificaciones:<br \/>\nMarca: WestHunter<br \/>\nN\u00famero de modelo: HD-C 3-9&#215;40 SFP<br \/>\nAmpliaci\u00f3n: 3-9x<br \/>\nDi\u00e1metro del tubo: 1.000\u00a0in \/ 1 pulgada<br \/>\nPlano focal: segundo plano focal<br \/>\nAjuste de dioptr\u00eda: +1.75 \/ -2<br \/>\nDi\u00e1metro de la lente objetivo: 1.575\u00a0in<br \/>\nDi\u00e1metro de la lente ocular: 1.417\u00a0in<br \/>\nLongitud: 1.201\u00a0in<br \/>\nPeso: 13.93\u00a0oz<br \/>\nRango de elevaci\u00f3n: 50 MOA<br \/>\nRango de viento: 50 MOA<br \/>\nClic Valor: 1\/4 MOA<br \/>\nAlivio ocular: 3.937\u00a0in-3.740\u00a0in<br \/>\nPupila de salida: 13.3-4.44<br \/>\nCampo de visi\u00f3n: 36.7-12.22 pies @ 100 yardas<br \/>\nRevestimiento \u00f3ptico: totalmente multicapa<\/p>\n<\/div>\n<\/li>\n<\/ul>\n<\/div>\n<\/div>\n<div id=\"globalStoreInfoBullets_feature_div\" class=\"celwidget\" data-feature-name=\"globalStoreInfoBullets\" data-csa-c-type=\"widget\" data-csa-c-content-id=\"globalStoreInfoBullets\" data-csa-c-slot-id=\"globalStoreInfoBullets_feature_div\" data-csa-c-asin=\"B0BV2GGF9J\" data-csa-c-is-in-initial-active-row=\"false\" data-csa-c-id=\"4k7sah-bkefg3-qy89m9-14cpd4\" data-cel-widget=\"globalStoreInfoBullets_feature_div\"><\/div>\n<div id=\"HLCXComparisonJumplink_feature_div\"><\/div>\n<div id=\"addOnItem_feature_div\" class=\"celwidget\" data-feature-name=\"addOnItem\" data-csa-c-type=\"widget\" data-csa-c-content-id=\"addOnItem\" data-csa-c-slot-id=\"addOnItem_feature_div\" data-csa-c-asin=\"B0BV2GGF9J\" data-csa-c-is-in-initial-active-row=\"false\" data-csa-c-id=\"8qdgy3-i8suvg-k2rmqb-ba3via\" data-cel-widget=\"addOnItem_feature_div\"><\/div>\n<div id=\"giftcard-holiday-availability-messaging_feature_div\" class=\"celwidget\" data-feature-name=\"giftCardHolidayAvailabilityMessaging\" data-csa-c-type=\"widget\" data-csa-c-content-id=\"giftCardHolidayAvailabilityMessaging\" data-csa-c-slot-id=\"giftcard-holiday-availability-messaging_feature_div\" data-csa-c-asin=\"B0BV2GGF9J\" data-csa-c-is-in-initial-active-row=\"false\" data-csa-c-id=\"2b0pbi-ii3550-kgx4aw-fgezyg\" data-cel-widget=\"giftcard-holiday-availability-messaging_feature_div\"><\/div>\n<div id=\"andonCord_feature_div\" class=\"celwidget\" data-feature-name=\"andonCord\" data-csa-c-type=\"widget\" data-csa-c-content-id=\"andonCord\" data-csa-c-slot-id=\"andonCord_feature_div\" data-csa-c-asin=\"B0BV2GGF9J\" data-csa-c-is-in-initial-active-row=\"false\" data-csa-c-id=\"69ha6p-j2mi44-gal900-80z3k7\" data-cel-widget=\"andonCord_feature_div\"><\/div>\n<div id=\"olp_feature_div\" class=\"celwidget\" data-feature-name=\"olp\" data-csa-c-type=\"widget\" data-csa-c-content-id=\"olp\" data-csa-c-slot-id=\"olp_feature_div\" data-csa-c-asin=\"B0BV2GGF9J\" data-csa-c-is-in-initial-active-row=\"false\" data-csa-c-id=\"rhx7xx-nqnl8i-hgzq7f-xbs9ie\" data-cel-widget=\"olp_feature_div\">\n<div id=\"all-offers-display\" class=\"a-section\"><\/div>\n<\/div>\n<div id=\"buyingOptionNostosBadge_feature_div\" class=\"celwidget\" data-feature-name=\"buyingOptionNostosBadge\" data-csa-c-type=\"widget\" data-csa-c-content-id=\"buyingOptionNostosBadge\" data-csa-c-slot-id=\"buyingOptionNostosBadge_feature_div\" data-csa-c-asin=\"B0BV2GGF9J\" data-csa-c-is-in-initial-active-row=\"false\" data-csa-c-id=\"om7ebi-j0eou1-i3sjwc-fx1cvu\" data-cel-widget=\"buyingOptionNostosBadge_feature_div\"><\/div>\n<div id=\"edpIngress_feature_div\" class=\"celwidget\" data-feature-name=\"edpIngress\" data-csa-c-type=\"widget\" data-csa-c-content-id=\"edpIngress\" data-csa-c-slot-id=\"edpIngress_feature_div\" data-csa-c-asin=\"B0BV2GGF9J\" data-csa-c-is-in-initial-active-row=\"false\" data-csa-c-id=\"iogbjq-7ex9a8-gqhnw6-a89fr8\" data-cel-widget=\"edpIngress_feature_div\"><\/div>\n<div id=\"newerVersion_feature_div\" class=\"celwidget\" data-feature-name=\"newerVersion\" data-csa-c-type=\"widget\" data-csa-c-content-id=\"newerVersion\" data-csa-c-slot-id=\"newerVersion_feature_div\" data-csa-c-asin=\"B0BV2GGF9J\" data-csa-c-is-in-initial-active-row=\"false\" data-csa-c-id=\"6nmrxd-to8y45-xgi6d-w1fub9\" data-cel-widget=\"newerVersion_feature_div\"><\/div>\n<div id=\"valuePick_feature_div\" class=\"celwidget\" data-feature-name=\"valuePick\" data-csa-c-type=\"widget\" data-csa-c-content-id=\"valuePick\" data-csa-c-slot-id=\"valuePick_feature_div\" data-csa-c-asin=\"B0BV2GGF9J\" data-csa-c-is-in-initial-active-row=\"false\" data-csa-c-id=\"4hswn5-i1ggcd-aehsyy-b31g20\" data-cel-widget=\"valuePick_feature_div\"><\/div>\n<div id=\"certifiedRefurbishedVersion_feature_div\" class=\"celwidget\" data-feature-name=\"certifiedRefurbishedVersion\" data-csa-c-type=\"widget\" data-csa-c-content-id=\"certifiedRefurbishedVersion\" data-csa-c-slot-id=\"certifiedRefurbishedVersion_feature_div\" data-csa-c-asin=\"B0BV2GGF9J\" data-csa-c-is-in-initial-active-row=\"false\" data-csa-c-id=\"ofni5w-pxbkjg-d4hp63-jda8pb\" data-cel-widget=\"certifiedRefurbishedVersion_feature_div\"><\/div>\n<div id=\"recommendations_feature_div\" class=\"celwidget\" data-feature-name=\"recommendations\" data-csa-c-type=\"widget\" data-csa-c-content-id=\"recommendations\" data-csa-c-slot-id=\"recommendations_feature_div\" data-csa-c-asin=\"B0BV2GGF9J\" data-csa-c-is-in-initial-active-row=\"false\" data-csa-c-id=\"bpzgqr-tjh3au-4i4plu-9osx4h\" data-cel-widget=\"recommendations_feature_div\"><\/div>\n<div id=\"productAlert_feature_div\" class=\"celwidget\" data-feature-name=\"productAlert\" data-csa-c-type=\"widget\" data-csa-c-content-id=\"productAlert\" data-csa-c-slot-id=\"productAlert_feature_div\" data-csa-c-asin=\"B0BV2GGF9J\" data-csa-c-is-in-initial-active-row=\"false\" data-csa-c-id=\"6m2tv9-gf474r-hnpoo8-sr7m7t\" data-cel-widget=\"productAlert_feature_div\"><\/div>\n<div id=\"pwController_feature_div\" class=\"celwidget\" data-feature-name=\"pwController\" data-csa-c-type=\"widget\" data-csa-c-content-id=\"pwController\" data-csa-c-slot-id=\"pwController_feature_div\" data-csa-c-asin=\"B0BV2GGF9J\" data-csa-c-is-in-initial-active-row=\"false\" data-csa-c-id=\"kcwgyl-kpk8ga-ya1fkg-785gt2\" data-cel-widget=\"pwController_feature_div\"><\/div>\n<div id=\"promotionalAddon_feature_div\" class=\"celwidget\" data-feature-name=\"promotionalAddon\" data-csa-c-type=\"widget\" data-csa-c-content-id=\"promotionalAddon\" data-csa-c-slot-id=\"promotionalAddon_feature_div\" data-csa-c-asin=\"B0BV2GGF9J\" data-csa-c-is-in-initial-active-row=\"false\" data-csa-c-id=\"phrvkc-p0c3pk-oftcgd-nhfb6a\" data-cel-widget=\"promotionalAddon_feature_div\"><\/div>\n<\/div>\n<div id=\"hqpWrapper\" class=\"centerColAlign \">\n<div id=\"heroQuickPromo_feature_div\" class=\"celwidget\" data-feature-name=\"heroQuickPromo\" data-csa-c-type=\"widget\" data-csa-c-content-id=\"heroQuickPromo\" data-csa-c-slot-id=\"heroQuickPromo_feature_div\" data-csa-c-asin=\"B0BV2GGF9J\" data-csa-c-is-in-initial-active-row=\"false\" data-csa-c-id=\"u2j1a7-oz5mbe-hy08ic-liqtsj\" data-cel-widget=\"heroQuickPromo_feature_div\"><\/div>\n<\/div>\n<\/div>\n<div id=\"hover-zoom-end\" class=\"a-section a-spacing-small a-padding-mini\"><\/div>\n<div id=\"ATFCriticalFeaturesDataContainer\">\n<div id=\"twisterJsInitializer_feature_div\" class=\"celwidget\" data-feature-name=\"twisterJsInitializer\" data-csa-c-type=\"widget\" data-csa-c-content-id=\"twisterJsInitializer\" data-csa-c-slot-id=\"twisterJsInitializer_feature_div\" data-csa-c-asin=\"B0BV2GGF9J\" data-csa-c-is-in-initial-active-row=\"false\" data-csa-c-id=\"ll4j2b-oe0yi8-4g75lg-kvrysm\" data-cel-widget=\"twisterJsInitializer_feature_div\"><\/div>\n<div id=\"imageBlockVariations_feature_div\" class=\"celwidget\" data-feature-name=\"imageBlockVariations\" data-csa-c-type=\"widget\" data-csa-c-content-id=\"imageBlockVariations\" data-csa-c-slot-id=\"imageBlockVariations_feature_div\" data-csa-c-asin=\"B0BV2GGF9J\" data-csa-c-is-in-initial-active-row=\"false\" data-csa-c-id=\"z1o289-isdddb-45fgrd-5p98p8\" data-cel-widget=\"imageBlockVariations_feature_div\"><\/div>\n<\/div>\n<div id=\"bottomRow\">\n<div id=\"iconfarmv2SecondaryViews_feature_div\" class=\"celwidget\" data-feature-name=\"iconfarmv2SecondaryViews\" data-csa-c-type=\"widget\" data-csa-c-content-id=\"iconfarmv2SecondaryViews\" data-csa-c-slot-id=\"iconfarmv2SecondaryViews_feature_div\" data-csa-c-asin=\"B0BV2GGF9J\" data-csa-c-is-in-initial-active-row=\"false\" data-csa-c-id=\"gjy3b9-7qwa6u-h9z2dh-wwprvd\" data-cel-widget=\"iconfarmv2SecondaryViews_feature_div\"><\/div>\n<div id=\"regionalAnalytics_feature_div\" class=\"celwidget\" data-feature-name=\"regionalAnalytics\" data-csa-c-type=\"widget\" data-csa-c-content-id=\"regionalAnalytics\" data-csa-c-slot-id=\"regionalAnalytics_feature_div\" data-csa-c-asin=\"B0BV2GGF9J\" data-csa-c-is-in-initial-active-row=\"false\" data-csa-c-id=\"q4hcy9-2g68u8-ajrn3-tx42x1\" data-cel-widget=\"regionalAnalytics_feature_div\"><\/div>\n<\/div>\n<div id=\"emit-js_feature_div\" class=\"celwidget\" data-feature-name=\"emit-js\" data-csa-c-type=\"widget\" data-csa-c-content-id=\"emit-js\" data-csa-c-slot-id=\"emit-js_feature_div\" data-csa-c-asin=\"\" data-csa-c-is-in-initial-active-row=\"false\" data-csa-c-id=\"6po8bg-pvl1lo-j8c267-etde8s\" data-cel-widget=\"emit-js_feature_div\"><\/div>\n<div id=\"bundleV2_feature_div\" class=\"celwidget\" data-feature-name=\"bundleV2\" data-csa-c-type=\"widget\" data-csa-c-content-id=\"bundleV2\" data-csa-c-slot-id=\"bundleV2_feature_div\" data-csa-c-asin=\"\" data-csa-c-is-in-initial-active-row=\"false\" data-csa-c-id=\"2zm77u-yqym4-ulogwp-2a32gn\" data-cel-widget=\"bundleV2_feature_div\"><\/div>\n<div id=\"similarities_feature_div\" class=\"celwidget\" data-feature-name=\"similarities\" data-csa-c-type=\"widget\" data-csa-c-content-id=\"similarities\" data-csa-c-slot-id=\"similarities_feature_div\" data-csa-c-asin=\"\" data-csa-c-is-in-initial-active-row=\"false\" data-csa-c-id=\"3sl5ii-795qv5-pgpqxm-llma6y\" data-cel-widget=\"similarities_feature_div\">\n<div class=\"celwidget\" data-csa-c-id=\"96gep9-fowc47-mmtthr-b749l0\" data-cel-widget=\"sims-consolidated-1_csm_instrumentation_wrapper\">\n<div class=\"celwidget pd_rd_w-gy1pb content-id-amzn1.sym.a400618b-650b-4c39-a4fe-66c3e0813a14 pf_rd_p-a400618b-650b-4c39-a4fe-66c3e0813a14 pf_rd_r-GE7HCB4E9SFXWAF1028Q pd_rd_wg-EsCME pd_rd_r-c00c39e9-cf5e-43d0-a79e-8e4356f6ecc0 c-f\" data-csa-op-log-render=\"\" data-csa-c-content-id=\"amzn1.sym.a400618b-650b-4c39-a4fe-66c3e0813a14\" data-csa-c-slot-id=\"product-bundle-1\" data-csa-c-type=\"widget\" data-csa-c-painter=\"p13n-desktop-sims-fbt-cards\" data-csa-c-id=\"7d9bg9-1uidna-464unc-kai8vy\" data-cel-widget=\"p13n-desktop-sims-fbt_DPSims_0\">\n<div id=\"CardInstancexw_ZhdjS3JeSCgrVymLcJw\" data-card-metrics-id=\"p13n-desktop-sims-fbt_DPSims_0\" data-mix-claimed=\"true\">\n<div class=\"cardRoot bucket\" data-count=\"2\" data-components=\"{&quot;1&quot;:{&quot;checked&quot;:true,&quot;minQuantity&quot;:1,&quot;showPrice&quot;:false,&quot;suppressed&quot;:false},&quot;2&quot;:{&quot;checked&quot;:true,&quot;minQuantity&quot;:1,&quot;price&quot;:{&quot;currencyCode&quot;:&quot;USD&quot;,&quot;currencySymbol&quot;:&quot;US$&quot;,&quot;currencySymbolPosition&quot;:&quot;Left&quot;,&quot;decimalSeparator&quot;:&quot;.&quot;,&quot;displayString&quot;:&quot;US$12.96&quot;,&quot;fractionalValue&quot;:&quot;96&quot;,&quot;wholeValue&quot;:&quot;12&quot;},&quot;showPrice&quot;:true,&quot;suppressed&quot;:false}}\" data-add-to-cart=\"[&quot;Agregar al Carrito&quot;,&quot;Agregar ambos al carrito&quot;,&quot;Agregar los 3 al carrito&quot;]\" data-price-totals=\"{&quot;2&quot;:&quot;US$12.96&quot;}\" data-points-total=\"{}\" data-punt=\"true\"><\/div>\n<\/div>\n<\/div>\n<\/div>\n<\/div>\n<div id=\"miraiBTFShopByLook_feature_div\" class=\"celwidget\" data-feature-name=\"miraiBTFShopByLook\" data-csa-c-type=\"widget\" data-csa-c-content-id=\"miraiBTFShopByLook\" data-csa-c-slot-id=\"miraiBTFShopByLook_feature_div\" data-csa-c-asin=\"\" data-csa-c-is-in-initial-active-row=\"false\" data-csa-c-id=\"jswmws-lu12f7-bcizsv-vs11yj\" data-cel-widget=\"miraiBTFShopByLook_feature_div\"><\/div>\n<div id=\"similarities_feature_div\" class=\"celwidget\" data-feature-name=\"similarities\" data-csa-c-type=\"widget\" data-csa-c-content-id=\"similarities\" data-csa-c-slot-id=\"similarities_feature_div\" data-csa-c-asin=\"\" data-csa-c-is-in-initial-active-row=\"false\" data-csa-c-id=\"urfofc-qnetc8-w5wufb-uma8sb\" data-cel-widget=\"similarities_feature_div\"><\/div>\n<div id=\"similarities_feature_div\" class=\"celwidget\" data-feature-name=\"similarities\" data-csa-c-type=\"widget\" data-csa-c-content-id=\"similarities\" data-csa-c-slot-id=\"similarities_feature_div\" data-csa-c-asin=\"\" data-csa-c-is-in-initial-active-row=\"false\" data-csa-c-id=\"gmal6d-vpd7e9-paqt5w-1eroo7\" data-cel-widget=\"similarities_feature_div\"><\/div>\n<div id=\"promotions_feature_div\" class=\"celwidget\" data-feature-name=\"promotionsNotIN\" data-csa-c-type=\"widget\" data-csa-c-content-id=\"promotionsNotIN\" data-csa-c-slot-id=\"promotions_feature_div\" data-csa-c-asin=\"\" data-csa-c-is-in-initial-active-row=\"false\" data-csa-c-id=\"pdi4gc-21env3-fkpk95-1tonlh\" data-cel-widget=\"promotions_feature_div\"><\/div>\n<div id=\"px-acquisition_feature_div\" class=\"celwidget\" data-feature-name=\"px-acquisition\" data-csa-c-type=\"widget\" data-csa-c-content-id=\"px-acquisition\" data-csa-c-slot-id=\"px-acquisition_feature_div\" data-csa-c-asin=\"\" data-csa-c-is-in-initial-active-row=\"false\" data-csa-c-id=\"xxv4p7-el63yq-hu9v6m-v07dx2\" data-cel-widget=\"px-acquisition_feature_div\"><\/div>\n<div id=\"cpsia-product-safety-warning_feature_div\" class=\"celwidget\" data-feature-name=\"cpsia-product-safety-warning\" data-csa-c-type=\"widget\" data-csa-c-content-id=\"cpsia-product-safety-warning\" data-csa-c-slot-id=\"cpsia-product-safety-warning_feature_div\" data-csa-c-asin=\"\" data-csa-c-is-in-initial-active-row=\"false\" data-csa-c-id=\"gr7kd6-434tvp-5oc4he-92b5v8\" data-cel-widget=\"cpsia-product-safety-warning_feature_div\"><\/div>\n<div id=\"climatePledgeFriendlyBTF_feature_div\" class=\"celwidget\" data-feature-name=\"climatePledgeFriendlyBTF\" data-csa-c-type=\"widget\" data-csa-c-content-id=\"climatePledgeFriendlyBTF\" data-csa-c-slot-id=\"climatePledgeFriendlyBTF_feature_div\" data-csa-c-asin=\"\" data-csa-c-is-in-initial-active-row=\"false\" data-csa-c-id=\"rtpj8i-qhp0i2-8cd64s-disycl\" data-cel-widget=\"climatePledgeFriendlyBTF_feature_div\"><\/div>\n<div id=\"aplusBrandStory_feature_div\" class=\"celwidget\" data-feature-name=\"aplusBrandStory\" data-csa-c-type=\"widget\" data-csa-c-content-id=\"aplusBrandStory\" data-csa-c-slot-id=\"aplusBrandStory_feature_div\" data-csa-c-asin=\"\" data-csa-c-is-in-initial-active-row=\"false\" data-csa-c-id=\"1a2bf8-drvgfq-3jlggd-ojkdzf\" data-cel-widget=\"aplusBrandStory_feature_div\"><\/div>\n<div id=\"aplus_feature_div\" class=\"celwidget\" data-feature-name=\"aplus\" data-csa-c-type=\"widget\" data-csa-c-content-id=\"aplus\" data-csa-c-slot-id=\"aplus_feature_div\" data-csa-c-asin=\"\" data-csa-c-is-in-initial-active-row=\"false\" data-csa-c-id=\"bg2pdp-s8o0fd-lffaws-yo0wix\" data-cel-widget=\"aplus_feature_div\"><\/div>\n<div id=\"aplusSustainabilityStory_feature_div\" class=\"celwidget\" data-feature-name=\"aplusSustainabilityStory\" data-csa-c-type=\"widget\" data-csa-c-content-id=\"aplusSustainabilityStory\" data-csa-c-slot-id=\"aplusSustainabilityStory_feature_div\" data-csa-c-asin=\"\" data-csa-c-is-in-initial-active-row=\"false\" data-csa-c-id=\"jvqpzm-9z2028-uswuso-yvyye6\" data-cel-widget=\"aplusSustainabilityStory_feature_div\"><\/div>\n<div id=\"hoverBoardDisclaimer_feature_div\" class=\"celwidget\" data-feature-name=\"hoverBoardDisclaimer\" data-csa-c-type=\"widget\" data-csa-c-content-id=\"hoverBoardDisclaimer\" data-csa-c-slot-id=\"hoverBoardDisclaimer_feature_div\" data-csa-c-asin=\"\" data-csa-c-is-in-initial-active-row=\"false\" data-csa-c-id=\"wgnt4k-ufq6kr-xyirpj-kw3pa0\" data-cel-widget=\"hoverBoardDisclaimer_feature_div\"><\/div>\n<div id=\"legal_feature_div\" class=\"celwidget\" data-feature-name=\"legal\" data-csa-c-type=\"widget\" data-csa-c-content-id=\"legal\" data-csa-c-slot-id=\"legal_feature_div\" data-csa-c-asin=\"\" data-csa-c-is-in-initial-active-row=\"false\" data-csa-c-id=\"dgufi4-8adaz2-bgnuux-bs95x9\" data-cel-widget=\"legal_feature_div\"><\/div>\n<div id=\"productDescription_feature_div\" class=\"celwidget\" data-feature-name=\"productDescription\" data-csa-c-type=\"widget\" data-csa-c-content-id=\"productDescription\" data-csa-c-slot-id=\"productDescription_feature_div\" data-csa-c-asin=\"\" data-csa-c-is-in-initial-active-row=\"false\" data-csa-c-id=\"970on1-xwne84-3en9j7-g0lajj\" data-cel-widget=\"productDescription_feature_div\">\n<div>\n<div id=\"productDescription_feature_div\" class=\"a-row feature\" data-feature-name=\"productDescription\" data-template-name=\"productDescription\" data-cel-widget=\"productDescription_feature_div\">\n<div class=\"a-divider a-divider-section\"><\/div>\n<\/div>\n<\/div>\n<\/div>\n","protected":false},"excerpt":{"rendered":"<p>El alcance HD-C 3-9&#215;40 SFP maximiza la relaci\u00f3n calidad a costo, crea una gran precisi\u00f3n y valor al menor costo Segundo plano focal (SFP), alivio ocular largo (3.937-3.740\u00a0in), ret\u00edcula WDC-HKS, campo de visi\u00f3n (36.7-12.22 pies @100 yardas), valor de clic est\u00e1ndar para E\/W es 1\/4 MOA, gran rendimiento a prueba de golpes Cristal de alta [&hellip;]<\/p>\n","protected":false},"featured_media":7098,"template":"","meta":{"_et_pb_use_builder":"","_et_pb_old_content":"","_et_gb_content_width":""},"product_cat":[858],"product_tag":[87,206,534,515],"class_list":{"0":"post-7097","1":"product","2":"type-product","3":"status-publish","4":"has-post-thumbnail","6":"product_cat-miras-telescopicas","7":"product_tag-mira","8":"product_tag-mira-telescopica","9":"product_tag-mira-west-hunter","10":"product_tag-west-hunter","12":"first","13":"outofstock","14":"shipping-taxable","15":"purchasable","16":"product-type-simple"},"_links":{"self":[{"href":"https:\/\/www.militarychile.cl\/index.php?rest_route=\/wp\/v2\/product\/7097"}],"collection":[{"href":"https:\/\/www.militarychile.cl\/index.php?rest_route=\/wp\/v2\/product"}],"about":[{"href":"https:\/\/www.militarychile.cl\/index.php?rest_route=\/wp\/v2\/types\/product"}],"wp:featuredmedia":[{"embeddable":true,"href":"https:\/\/www.militarychile.cl\/index.php?rest_route=\/wp\/v2\/media\/7098"}],"wp:attachment":[{"href":"https:\/\/www.militarychile.cl\/index.php?rest_route=%2Fwp%2Fv2%2Fmedia&parent=7097"}],"wp:term":[{"taxonomy":"product_cat","embeddable":true,"href":"https:\/\/www.militarychile.cl\/index.php?rest_route=%2Fwp%2Fv2%2Fproduct_cat&post=7097"},{"taxonomy":"product_tag","embeddable":true,"href":"https:\/\/www.militarychile.cl\/index.php?rest_route=%2Fwp%2Fv2%2Fproduct_tag&post=7097"}],"curies":[{"name":"wp","href":"https:\/\/api.w.org\/{rel}","templated":true}]}}