{"id":7101,"date":"2023-07-11T12:09:17","date_gmt":"2023-07-11T16:09:17","guid":{"rendered":"https:\/\/www.militarychile.cl\/?post_type=product&#038;p=7101"},"modified":"2026-02-23T11:50:33","modified_gmt":"2026-02-23T14:50:33","slug":"mira-westhunter-hd-4-16x44-ffp-wd-tfn-black","status":"publish","type":"product","link":"https:\/\/www.militarychile.cl\/?product=mira-westhunter-hd-4-16x44-ffp-wd-tfn-black","title":{"rendered":"MIRA WESTHUNTER HD 4-16X44 FFP WD-TFN\/BLACK"},"content":{"rendered":"<h1 class=\"a-size-base-plus a-text-bold\">Sobre este art\u00edculo<\/h1>\n<ul class=\"a-unordered-list a-vertical a-spacing-mini\">\n<li class=\"a-spacing-mini\"><span class=\"a-list-item\">El alcance Tactical HD 4-16&#215;44 FFP maximiza la relaci\u00f3n calidad a costo, crea una precisi\u00f3n y valor incre\u00edbles al menor costo. (Nota: la opci\u00f3n est\u00e1 equipada con 1 \u00abSunshade\u00bb, 2 x \u00abLens Covers\u00bb, 1 x \u00abSide Parallax Wheel\u00bb, 1 x \u00abThrow Lever\u00bb, 1 x \u00abPicatinny Scope Rings\u00bb)<\/span><\/li>\n<li class=\"a-spacing-mini\"><span class=\"a-list-item\">Primer plano focal (FFP), alivio ocular largo (3.780\u00a0in), ret\u00edcula de vidrio grabado, amplio campo de visi\u00f3n (27.3 a 6.8 pies @100 yardas), valor de clic est\u00e1ndar para E\/W es de 1\/10 mil, excelente rendimiento a prueba de golpes<\/span><\/li>\n<li class=\"a-spacing-mini\"><span class=\"a-list-item\">Cristal de alta transmisi\u00f3n totalmente multicapa que aumenta la transmisi\u00f3n de luz, proporcionando im\u00e1genes n\u00edtidas y brillantes<\/span><\/li>\n<li class=\"a-spacing-mini\"><span class=\"a-list-item\">Con torretas de reinicio r\u00e1pido con bloqueo el\u00e1stico, y con un clic audible n\u00edtido al ajustar, ser\u00e1 capaz de restablecer r\u00e1pidamente a cero despu\u00e9s de ver en<\/span><\/li>\n<li class=\"a-spacing-mini\"><span class=\"a-list-item\">Hecho de aleaci\u00f3n de aluminio anodizado 6061 T6 de grado aeron\u00e1utico, tubo sellado cargado de nitr\u00f3geno. El rendimiento a prueba de golpes, impermeable, a prueba de niebla y a la intemperie ha pasado estrictas pruebas. \u00d3ptica muy rentable de WestHunter.<\/span><\/li>\n<li>\n<h2 class=\"default\">Descripci\u00f3n del producto<\/h2>\n<div id=\"productDescription\" class=\"a-section a-spacing-small\">\n<p>Especificaciones:<br \/>\nMarca: WestHunter<br \/>\nModelo: HD 4-16&#215;44 FFP<br \/>\nAmpliaci\u00f3n: 4X-16X<br \/>\nDi\u00e1metro de la lente objetivo: 1.732\u00a0in \/ 1.73 pulgadas.<br \/>\nDi\u00e1metro del objetivo: 2.008\u00a0in \/ 2 pulgadas.<br \/>\nDi\u00e1metro del tubo: 1.181\u00a0in<br \/>\nRango de dioptr\u00edas +\/-: 2<br \/>\nDistancia de la pupila de salida (mm): 96<br \/>\nValor de clic est\u00e1ndar para E\/W: 1\/10 mil.<br \/>\nElevaci\u00f3n total del viaje (@ 100 yardas): \u226545 MOA<br \/>\nViento total del viaje (@ 100 yardas): \u226545 MOA<br \/>\nCompensaci\u00f3n de paralaje: 15 yds-<br \/>\nLongitud: 12.52 pulgadas \/ 12.520\u00a0in<br \/>\nPeso neto de la \u00f3ptica: 20.46 oz \/ 580 g<br \/>\nTratamiento superficial: anodizado duro<br \/>\nOcular de enfoque r\u00e1pido: s\u00ed<br \/>\nGas de sellado utilizado: nitr\u00f3geno<br \/>\nAumento m\u00ednimo de apertura transparente (mm): 44<br \/>\nAumento m\u00e1ximo de apertura transparente (mm): 44<br \/>\nEff. di\u00e1metro de la pupila de salida @min. aumento \u00b1 3%: 11.00<br \/>\nEff. di\u00e1metro de la pupila de salida @max. aumento \u00b1 3%: 2.75<br \/>\nResoluci\u00f3n m\u00e1xima en Arc. Segundo (m\u00edn. Aumento): 4<br \/>\nResoluci\u00f3n m\u00e1xima en Arc. Segundo (m\u00e1x. Aumento): 4<br \/>\nRango de temperatura de funci\u00f3n (la unidad todav\u00eda se puede operar): -13.0\u00a0\u00b0F\/+131.0\u00a0\u00b0F<br \/>\nTemperatura de almacenamiento: -40.0\u00a0\u00b0F a +185.0\u00a0\u00b0F<br \/>\nRango de compensaci\u00f3n di\u00f3ptrica +\/- dpt: 2<br \/>\nCompensaci\u00f3n di\u00f3ptrica de retroceso permitida: &lt;0.25dpt<br \/>\nCampo de visi\u00f3n objetivo @ min aumento (pies @100yds): 27.3<br \/>\nCampo de visi\u00f3n objetivo @ aumento m\u00e1ximo (pies a 100 yardas): 6.8<br \/>\nCambio del punto de impacto despu\u00e9s del cambio de aumento (MOA): 1<br \/>\nAlisado de la ret\u00edcula: \u00b12\u00b0<br \/>\nRevestimiento: FMC<br \/>\nLongitud \u00f3ptica a infinito y cero dioptr\u00edas (mm): 313<\/p>\n<p>WestHunter, vale la pena. Elige WestHunter, \u00a1disfruta de tu tiro!<\/p>\n<\/div>\n<\/li>\n<\/ul>\n","protected":false},"excerpt":{"rendered":"<p>Sobre este art\u00edculo El alcance Tactical HD 4-16&#215;44 FFP maximiza la relaci\u00f3n calidad a costo, crea una precisi\u00f3n y valor incre\u00edbles al menor costo. (Nota: la opci\u00f3n est\u00e1 equipada con 1 \u00abSunshade\u00bb, 2 x \u00abLens Covers\u00bb, 1 x \u00abSide Parallax Wheel\u00bb, 1 x \u00abThrow Lever\u00bb, 1 x \u00abPicatinny Scope Rings\u00bb) Primer plano focal (FFP), alivio [&hellip;]<\/p>\n","protected":false},"featured_media":7102,"template":"","meta":{"_et_pb_use_builder":"","_et_pb_old_content":"","_et_gb_content_width":""},"product_cat":[858],"product_tag":[87,534,515],"class_list":{"0":"post-7101","1":"product","2":"type-product","3":"status-publish","4":"has-post-thumbnail","6":"product_cat-miras-telescopicas","7":"product_tag-mira","8":"product_tag-mira-west-hunter","9":"product_tag-west-hunter","11":"first","12":"outofstock","13":"shipping-taxable","14":"purchasable","15":"product-type-simple"},"_links":{"self":[{"href":"https:\/\/www.militarychile.cl\/index.php?rest_route=\/wp\/v2\/product\/7101"}],"collection":[{"href":"https:\/\/www.militarychile.cl\/index.php?rest_route=\/wp\/v2\/product"}],"about":[{"href":"https:\/\/www.militarychile.cl\/index.php?rest_route=\/wp\/v2\/types\/product"}],"wp:featuredmedia":[{"embeddable":true,"href":"https:\/\/www.militarychile.cl\/index.php?rest_route=\/wp\/v2\/media\/7102"}],"wp:attachment":[{"href":"https:\/\/www.militarychile.cl\/index.php?rest_route=%2Fwp%2Fv2%2Fmedia&parent=7101"}],"wp:term":[{"taxonomy":"product_cat","embeddable":true,"href":"https:\/\/www.militarychile.cl\/index.php?rest_route=%2Fwp%2Fv2%2Fproduct_cat&post=7101"},{"taxonomy":"product_tag","embeddable":true,"href":"https:\/\/www.militarychile.cl\/index.php?rest_route=%2Fwp%2Fv2%2Fproduct_tag&post=7101"}],"curies":[{"name":"wp","href":"https:\/\/api.w.org\/{rel}","templated":true}]}}