{"id":7135,"date":"2023-07-12T17:16:52","date_gmt":"2023-07-12T21:16:52","guid":{"rendered":"https:\/\/www.militarychile.cl\/?post_type=product&#038;p=7135"},"modified":"2023-07-12T18:41:31","modified_gmt":"2023-07-12T22:41:31","slug":"7135","status":"publish","type":"product","link":"https:\/\/www.militarychile.cl\/?product=7135","title":{"rendered":"Mug Huron 2.0 Sake 473ml"},"content":{"rendered":"<div>El Mug CONTIGO Huron es perfecto para llevar tus bebidas en todas tus actividades del d\u00eda. Gracias a la tecnolog\u00eda SNAPSEAL este mug te entrega una garant\u00eda de 100% anti derrames.<\/div>\n<div><\/div>\n<div>&#8211; Perfecto para beber con una sola mano.<\/div>\n<div>&#8211; Mantiene las bebidas calientes hasta por 6 horas y fr\u00edas hasta por 12 horas gracias a la Tecnolog\u00eda THERMALOCK de Acero Inoxidable con doble pared aislado al vac\u00edo.<\/div>\n<div>&#8211; Dise\u00f1o sofisticado para complementar tu look.<\/div>\n<div>&#8211; Se adapta a la mayor\u00eda de los portavasos de los autos<\/div>\n<div>&#8211; Puede lavarse en la rejilla superior del lavavajillas.<\/div>\n<div>&#8211; Hecho de acero inoxidable.<\/div>\n<div>&#8211; Tapa pl\u00e1stica libre de BPA<\/div>\n","protected":false},"excerpt":{"rendered":"<p>El Mug CONTIGO Huron es perfecto para llevar tus bebidas en todas tus actividades del d\u00eda. Gracias a la tecnolog\u00eda SNAPSEAL este mug te entrega una garant\u00eda de 100% anti derrames. &#8211; Perfecto para beber con una sola mano. &#8211; Mantiene las bebidas calientes hasta por 6 horas y fr\u00edas hasta por 12 horas gracias [&hellip;]<\/p>\n","protected":false},"featured_media":7137,"template":"","meta":{"_et_pb_use_builder":"","_et_pb_old_content":"","_et_gb_content_width":""},"product_cat":[784],"product_tag":[],"class_list":{"0":"post-7135","1":"product","2":"type-product","3":"status-publish","4":"has-post-thumbnail","6":"product_cat-termos-y-mug","8":"first","9":"instock","10":"shipping-taxable","11":"purchasable","12":"product-type-variable"},"_links":{"self":[{"href":"https:\/\/www.militarychile.cl\/index.php?rest_route=\/wp\/v2\/product\/7135"}],"collection":[{"href":"https:\/\/www.militarychile.cl\/index.php?rest_route=\/wp\/v2\/product"}],"about":[{"href":"https:\/\/www.militarychile.cl\/index.php?rest_route=\/wp\/v2\/types\/product"}],"wp:featuredmedia":[{"embeddable":true,"href":"https:\/\/www.militarychile.cl\/index.php?rest_route=\/wp\/v2\/media\/7137"}],"wp:attachment":[{"href":"https:\/\/www.militarychile.cl\/index.php?rest_route=%2Fwp%2Fv2%2Fmedia&parent=7135"}],"wp:term":[{"taxonomy":"product_cat","embeddable":true,"href":"https:\/\/www.militarychile.cl\/index.php?rest_route=%2Fwp%2Fv2%2Fproduct_cat&post=7135"},{"taxonomy":"product_tag","embeddable":true,"href":"https:\/\/www.militarychile.cl\/index.php?rest_route=%2Fwp%2Fv2%2Fproduct_tag&post=7135"}],"curies":[{"name":"wp","href":"https:\/\/api.w.org\/{rel}","templated":true}]}}