{"id":7213,"date":"2023-07-13T11:14:11","date_gmt":"2023-07-13T15:14:11","guid":{"rendered":"https:\/\/www.militarychile.cl\/?post_type=product&#038;p=7213"},"modified":"2025-09-12T13:08:28","modified_gmt":"2025-09-12T16:08:28","slug":"termo-explorer-mod-t8-1-3lts","status":"publish","type":"product","link":"https:\/\/www.militarychile.cl\/?product=termo-explorer-mod-t8-1-3lts","title":{"rendered":"TERMO EXPLORER MOD T8 1.3LTS"},"content":{"rendered":"<ul>\n<li>Capacidad: 1,3 Litro.<\/li>\n<li>Material: Acero inoxidable.<\/li>\n<li>24 hs tu bebida fria.<\/li>\n<li>24 hs tu bebida caliente.<\/li>\n<li>120 hs tu bebida helada.<\/li>\n<li>Alto: 40 cm.<\/li>\n<li>Di\u00e1metro de la base: 9,5 cm.<\/li>\n<li>Tapa a rosca a prueba de fugas.<\/li>\n<li>F\u00e1cil de transportar.<\/li>\n<li>Acero inoxidable de alta calidad.<\/li>\n<li>Tapa aislante funciona como vaso.<\/li>\n<li>Manija de pol\u00edmero.<\/li>\n<li>Libre de BPA.<\/li>\n<\/ul>\n","protected":false},"excerpt":{"rendered":"<p>Capacidad: 1,3 Litro. Material: Acero inoxidable. 24 hs tu bebida fria. 24 hs tu bebida caliente. 120 hs tu bebida helada. Alto: 40 cm. Di\u00e1metro de la base: 9,5 cm. Tapa a rosca a prueba de fugas. F\u00e1cil de transportar. Acero inoxidable de alta calidad. Tapa aislante funciona como vaso. Manija de pol\u00edmero. Libre de [&hellip;]<\/p>\n","protected":false},"featured_media":7218,"template":"","meta":{"_et_pb_use_builder":"","_et_pb_old_content":"","_et_gb_content_width":""},"product_cat":[784],"product_tag":[],"class_list":{"0":"post-7213","1":"product","2":"type-product","3":"status-publish","4":"has-post-thumbnail","6":"product_cat-termos-y-mug","8":"first","9":"instock","10":"shipping-taxable","11":"purchasable","12":"product-type-variable","13":"has-default-attributes"},"_links":{"self":[{"href":"https:\/\/www.militarychile.cl\/index.php?rest_route=\/wp\/v2\/product\/7213"}],"collection":[{"href":"https:\/\/www.militarychile.cl\/index.php?rest_route=\/wp\/v2\/product"}],"about":[{"href":"https:\/\/www.militarychile.cl\/index.php?rest_route=\/wp\/v2\/types\/product"}],"wp:featuredmedia":[{"embeddable":true,"href":"https:\/\/www.militarychile.cl\/index.php?rest_route=\/wp\/v2\/media\/7218"}],"wp:attachment":[{"href":"https:\/\/www.militarychile.cl\/index.php?rest_route=%2Fwp%2Fv2%2Fmedia&parent=7213"}],"wp:term":[{"taxonomy":"product_cat","embeddable":true,"href":"https:\/\/www.militarychile.cl\/index.php?rest_route=%2Fwp%2Fv2%2Fproduct_cat&post=7213"},{"taxonomy":"product_tag","embeddable":true,"href":"https:\/\/www.militarychile.cl\/index.php?rest_route=%2Fwp%2Fv2%2Fproduct_tag&post=7213"}],"curies":[{"name":"wp","href":"https:\/\/api.w.org\/{rel}","templated":true}]}}