{"id":7240,"date":"2023-07-13T12:14:10","date_gmt":"2023-07-13T16:14:10","guid":{"rendered":"https:\/\/www.militarychile.cl\/?post_type=product&#038;p=7240"},"modified":"2023-07-17T18:19:50","modified_gmt":"2023-07-17T22:19:50","slug":"swiza-all-black-d03","status":"publish","type":"product","link":"https:\/\/www.militarychile.cl\/?product=swiza-all-black-d03","title":{"rendered":"SWIZA ALL BLACK D03"},"content":{"rendered":"<div align=\"left\"><span style=\"color: #000000; font-family: Arial; font-size: small;\">Fabricadas en acero endurecido de alta calidad, las pinzas tienen la punta biselada para una mayor precisi\u00f3n. Es la herramienta ideal para extraer astillas de madera y espinas. El acero m\u00e1s grueso en la zona de la empu\u00f1adura mejora la elasticidad y la forma bien pensada de la curva permite un manejo \u00f3ptimo.<\/span><\/div>\n<div align=\"left\"><\/div>\n<div align=\"left\"><span style=\"color: #000000; font-family: Arial; font-size: small;\">Detalles:<\/span><\/div>\n<div align=\"left\"><span style=\"color: #000000; font-family: Arial; font-size: small;\">Hoja de acero inoxidable con cierre de seguridad.<\/span><\/div>\n<div align=\"left\"><span style=\"color: #000000; font-family: Arial; font-size: small;\">Pinzas.<\/span><\/div>\n<div align=\"left\"><span style=\"color: #000000; font-family: Arial; font-size: small;\">Punz\u00f3n para perforar y taladrar.<\/span><\/div>\n<div align=\"left\"><span style=\"color: #000000; font-family: Arial; font-size: small;\">Abrelatas\/ destornillador n\u00ba 1.<\/span><\/div>\n<div align=\"left\"><span style=\"color: #000000; font-family: Arial; font-size: small;\">Abrebotellas\/destornillador n\u00ba 3.<\/span><\/div>\n<div align=\"left\"><span style=\"color: #000000; font-family: Arial; font-size: small;\">Punz\u00f3n de costura.<\/span><\/div>\n<div align=\"left\"><span style=\"color: #000000; font-family: Arial; font-size: small;\">Asas de tacto suave.<\/span><\/div>\n<div align=\"left\"><span style=\"color: #000000; font-family: Arial; font-size: small;\">F\u00e1cil de abrir para zurdos y diestros.<\/span><\/div>\n<div align=\"left\"><span style=\"color: #000000; font-family: Arial; font-size: small;\">Se puede lavar en el lavavajillas hasta 80\u00b0C.<\/span><\/div>\n","protected":false},"excerpt":{"rendered":"<p>Fabricadas en acero endurecido de alta calidad, las pinzas tienen la punta biselada para una mayor precisi\u00f3n. Es la herramienta ideal para extraer astillas de madera y espinas. El acero m\u00e1s grueso en la zona de la empu\u00f1adura mejora la elasticidad y la forma bien pensada de la curva permite un manejo \u00f3ptimo. Detalles: Hoja [&hellip;]<\/p>\n","protected":false},"featured_media":7241,"template":"","meta":{"_et_pb_use_builder":"","_et_pb_old_content":"","_et_gb_content_width":""},"product_cat":[35,848],"product_tag":[],"class_list":{"0":"post-7240","1":"product","2":"type-product","3":"status-publish","4":"has-post-thumbnail","6":"product_cat-cuchillos-y-navajas","7":"product_cat-swiza","9":"first","10":"instock","11":"shipping-taxable","12":"purchasable","13":"product-type-simple"},"_links":{"self":[{"href":"https:\/\/www.militarychile.cl\/index.php?rest_route=\/wp\/v2\/product\/7240"}],"collection":[{"href":"https:\/\/www.militarychile.cl\/index.php?rest_route=\/wp\/v2\/product"}],"about":[{"href":"https:\/\/www.militarychile.cl\/index.php?rest_route=\/wp\/v2\/types\/product"}],"wp:featuredmedia":[{"embeddable":true,"href":"https:\/\/www.militarychile.cl\/index.php?rest_route=\/wp\/v2\/media\/7241"}],"wp:attachment":[{"href":"https:\/\/www.militarychile.cl\/index.php?rest_route=%2Fwp%2Fv2%2Fmedia&parent=7240"}],"wp:term":[{"taxonomy":"product_cat","embeddable":true,"href":"https:\/\/www.militarychile.cl\/index.php?rest_route=%2Fwp%2Fv2%2Fproduct_cat&post=7240"},{"taxonomy":"product_tag","embeddable":true,"href":"https:\/\/www.militarychile.cl\/index.php?rest_route=%2Fwp%2Fv2%2Fproduct_tag&post=7240"}],"curies":[{"name":"wp","href":"https:\/\/api.w.org\/{rel}","templated":true}]}}