{"id":7315,"date":"2023-07-13T16:08:31","date_gmt":"2023-07-13T20:08:31","guid":{"rendered":"https:\/\/www.militarychile.cl\/?post_type=product&#038;p=7315"},"modified":"2023-07-14T11:28:18","modified_gmt":"2023-07-14T15:28:18","slug":"linterna-led-lenser-p14-800lumenes","status":"publish","type":"product","link":"https:\/\/www.militarychile.cl\/?product=linterna-led-lenser-p14-800lumenes","title":{"rendered":"LINTERNA LED LENSER P14 800LUMENES"},"content":{"rendered":"<p><strong>LINTERNA LEDLENSER P14 NEW 800lm<\/strong><\/p>\n<p>Cuatro baterias AA. El Ledlenser P14 no necesita m\u00e1s para convertir la noche en d\u00eda. Con un flujo luminoso de hasta 800 lm \u00a0, se ilumina hasta los 350 m. Adem\u00e1s, la P14, como todas las l\u00e1mparas de la serie P, tiene una gama estandarizada de funciones, ideal para cualquier persona que aprecie un buen dise\u00f1o combinado con una funcionalidad sin complicaciones.<\/p>\n<p><strong>Especificaciones<\/strong><\/p>\n<div class=\"ui technical-data\">\n<p class=\"led title with-icon\"><em>LED<\/em><\/p>\n<ul class=\"list\">\n<li class=\"item\"><span class=\"name\">Luminosidad\u00a0<\/span><span class=\"value\">MAX 800 lm 350mts\/ 1hora<\/span><\/li>\n<li>luminosidad 250 lm 230mts \/ 4 horas<\/li>\n<li>luminosidad 40 lm 110 mts \/ 50horas<\/li>\n<li class=\"item\"><span class=\"name\">Rango de iluminaci\u00f3n\u00a0<\/span><span class=\"value\">MAX 350 mts \u2013 MIN 110 mts<\/span><\/li>\n<\/ul>\n<\/div>\n<div class=\"ui technical-data\">\n<p class=\"battery title with-icon\"><em>Bateria y carcasa<\/em><\/p>\n<ul class=\"list\">\n<li class=\"item\"><span class=\"name\">Bater\u00eda<\/span><span class=\"value\"> (AA) x4 <strong>no incluidas\u00a0<\/strong><\/span><\/li>\n<li class=\"item\"><span class=\"value\">IPX4 a prueba de <\/span><span class=\"name\">agua<\/span><\/li>\n<li class=\"item\"><span class=\"name\">Recargable <\/span><span class=\"value\">no<\/span><\/li>\n<\/ul>\n<\/div>\n<div class=\"ui technical-data\">\n<p class=\"size title with-icon\"><em>Dimensiones y peso<\/em><\/p>\n<ul class=\"list\">\n<li class=\"item\"><span class=\"name\">Longitud (desenfocado)<\/span><span class=\"value\">198 mm<\/span><\/li>\n<li class=\"item\"><span class=\"name\">Di\u00e1metro de la cabeza<\/span><span class=\"value\">47 mm<\/span><\/li>\n<li class=\"item\"><span class=\"name\">Peso<\/span><span class=\"value\">350 g<\/span><\/li>\n<\/ul>\n<\/div>\n","protected":false},"excerpt":{"rendered":"<p>LINTERNA LEDLENSER P14 NEW 800lm Cuatro baterias AA. El Ledlenser P14 no necesita m\u00e1s para convertir la noche en d\u00eda. Con un flujo luminoso de hasta 800 lm \u00a0, se ilumina hasta los 350 m. Adem\u00e1s, la P14, como todas las l\u00e1mparas de la serie P, tiene una gama estandarizada de funciones, ideal para cualquier [&hellip;]<\/p>\n","protected":false},"featured_media":7316,"template":"","meta":{"_et_pb_use_builder":"","_et_pb_old_content":"","_et_gb_content_width":""},"product_cat":[80],"product_tag":[800,81,202],"class_list":{"0":"post-7315","1":"product","2":"type-product","3":"status-publish","4":"has-post-thumbnail","6":"product_cat-linternas","7":"product_tag-led-lenser","8":"product_tag-linterna","9":"product_tag-linterna-led","11":"first","12":"instock","13":"shipping-taxable","14":"product-type-simple"},"_links":{"self":[{"href":"https:\/\/www.militarychile.cl\/index.php?rest_route=\/wp\/v2\/product\/7315"}],"collection":[{"href":"https:\/\/www.militarychile.cl\/index.php?rest_route=\/wp\/v2\/product"}],"about":[{"href":"https:\/\/www.militarychile.cl\/index.php?rest_route=\/wp\/v2\/types\/product"}],"wp:featuredmedia":[{"embeddable":true,"href":"https:\/\/www.militarychile.cl\/index.php?rest_route=\/wp\/v2\/media\/7316"}],"wp:attachment":[{"href":"https:\/\/www.militarychile.cl\/index.php?rest_route=%2Fwp%2Fv2%2Fmedia&parent=7315"}],"wp:term":[{"taxonomy":"product_cat","embeddable":true,"href":"https:\/\/www.militarychile.cl\/index.php?rest_route=%2Fwp%2Fv2%2Fproduct_cat&post=7315"},{"taxonomy":"product_tag","embeddable":true,"href":"https:\/\/www.militarychile.cl\/index.php?rest_route=%2Fwp%2Fv2%2Fproduct_tag&post=7315"}],"curies":[{"name":"wp","href":"https:\/\/api.w.org\/{rel}","templated":true}]}}