{"id":7318,"date":"2023-07-13T16:17:49","date_gmt":"2023-07-13T20:17:49","guid":{"rendered":"https:\/\/www.militarychile.cl\/?post_type=product&#038;p=7318"},"modified":"2025-12-03T12:18:47","modified_gmt":"2025-12-03T15:18:47","slug":"nebo-motion-sensor-light","status":"publish","type":"product","link":"https:\/\/www.militarychile.cl\/?product=nebo-motion-sensor-light","title":{"rendered":"NEBO MOTION SENSOR LIGHT"},"content":{"rendered":"<div class=\"product-block\">\n<div class=\"rte\">\n<p>Perfecto para pasillos, armarios y escaleras, cualquier \u00e1rea que necesite iluminaci\u00f3n automatizada con manos libres. La luz nocturna del sensor de movimiento operada por la bater\u00eda se enciende autom\u00e1ticamente si se detecta alg\u00fan movimiento y se apaga en 15 segundos despu\u00e9s de que termina el movimiento. Equipado con 2 modos de luz y control de potencia inteligente, la luz nocturna del sensor de movimiento tiene un dise\u00f1o elegante y de bajo perfil que combina perfectamente con la est\u00e9tica de cualquier espacio.<\/p>\n<p><strong>2 Modos de Luz<br \/>\n<\/strong>\u2022 Alto (30 l\u00famenes): 15 segundos<br \/>\n\u2022 Medio (8 l\u00famenes): 15 segundos<\/p>\n<p><strong>Dise\u00f1o<\/strong><br \/>\n\u2022 Control de potencia inteligente.<br \/>\n\u2022 Cuerpo de pl\u00e1stico de ABS duradero.<br \/>\n\u2022 Luz blanca c\u00e1lida.<\/p>\n<p><strong>Operaci\u00f3n<\/strong><br \/>\n\u2022 Sensor de movimiento positivo delantero.<\/p>\n<p><strong>Accesorios<\/strong><br \/>\n\u2022 Adhesivo 3M fuerte.<\/p>\n<p><strong>Bater\u00edas<\/strong><br \/>\n\u2022 3x bater\u00edas alcalinas AAA por foco. incluidas<\/p>\n<p>&nbsp;<\/p>\n<\/div>\n<\/div>\n","protected":false},"excerpt":{"rendered":"<p>Perfecto para pasillos, armarios y escaleras, cualquier \u00e1rea que necesite iluminaci\u00f3n automatizada con manos libres. La luz nocturna del sensor de movimiento operada por la bater\u00eda se enciende autom\u00e1ticamente si se detecta alg\u00fan movimiento y se apaga en 15 segundos despu\u00e9s de que termina el movimiento. Equipado con 2 modos de luz y control de [&hellip;]<\/p>\n","protected":false},"featured_media":7319,"template":"","meta":{"_et_pb_use_builder":"","_et_pb_old_content":"","_et_gb_content_width":""},"product_cat":[80],"product_tag":[81,792,429],"class_list":{"0":"post-7318","1":"product","2":"type-product","3":"status-publish","4":"has-post-thumbnail","6":"product_cat-linternas","7":"product_tag-linterna","8":"product_tag-linterna-nebo","9":"product_tag-nebo","11":"first","12":"instock","13":"sale","14":"shipping-taxable","15":"purchasable","16":"product-type-simple"},"_links":{"self":[{"href":"https:\/\/www.militarychile.cl\/index.php?rest_route=\/wp\/v2\/product\/7318"}],"collection":[{"href":"https:\/\/www.militarychile.cl\/index.php?rest_route=\/wp\/v2\/product"}],"about":[{"href":"https:\/\/www.militarychile.cl\/index.php?rest_route=\/wp\/v2\/types\/product"}],"wp:featuredmedia":[{"embeddable":true,"href":"https:\/\/www.militarychile.cl\/index.php?rest_route=\/wp\/v2\/media\/7319"}],"wp:attachment":[{"href":"https:\/\/www.militarychile.cl\/index.php?rest_route=%2Fwp%2Fv2%2Fmedia&parent=7318"}],"wp:term":[{"taxonomy":"product_cat","embeddable":true,"href":"https:\/\/www.militarychile.cl\/index.php?rest_route=%2Fwp%2Fv2%2Fproduct_cat&post=7318"},{"taxonomy":"product_tag","embeddable":true,"href":"https:\/\/www.militarychile.cl\/index.php?rest_route=%2Fwp%2Fv2%2Fproduct_tag&post=7318"}],"curies":[{"name":"wp","href":"https:\/\/api.w.org\/{rel}","templated":true}]}}