{"id":7322,"date":"2023-07-13T17:26:34","date_gmt":"2023-07-13T21:26:34","guid":{"rendered":"https:\/\/www.militarychile.cl\/?post_type=product&#038;p=7322"},"modified":"2024-06-04T16:37:15","modified_gmt":"2024-06-04T20:37:15","slug":"nebo-master-series-sl25","status":"publish","type":"product","link":"https:\/\/www.militarychile.cl\/?product=nebo-master-series-sl25","title":{"rendered":"NEBO MASTER SERIES SL25"},"content":{"rendered":"<p id=\"tw-target-text\" class=\"tw-data-text tw-text-large tw-ta\" dir=\"ltr\" data-placeholder=\"Traducci\u00f3n\"><span class=\"Y2IQFc\" lang=\"es\">Con un haz de luz de un cuarto de milla de largo, este reflector de 500 l\u00famenes<br \/>\ntambi\u00e9n cuenta con un reflector C\u2022O\u2022B para iluminaci\u00f3n de corto alcance.<br \/>\nEl dial de selecci\u00f3n de modo magn\u00e9tico, la base magn\u00e9tica, el clip reversible<br \/>\ny el soporte para tr\u00edpode agregan la m\u00e1xima versatilidad a sus soluciones de<br \/>\niluminaci\u00f3n.<\/span><\/p>\n<ul>\n<li dir=\"ltr\" data-placeholder=\"Traducci\u00f3n\">recargable<\/li>\n<li dir=\"ltr\" data-placeholder=\"Traducci\u00f3n\">waterproof 1 metro\/30minutos<\/li>\n<li dir=\"ltr\" data-placeholder=\"Traducci\u00f3n\">selector de modo<\/li>\n<li dir=\"ltr\" data-placeholder=\"Traducci\u00f3n\">base magn\u00e9tica<\/li>\n<li dir=\"ltr\" data-placeholder=\"Traducci\u00f3n\">tripode montable<\/li>\n<li>pinza de cintur\u00f3n<\/li>\n<\/ul>\n<p>cuenta con tres modos<\/p>\n<ol>\n<li>spot: 500 lumenes\/ 6.5hrs \/ 400mts<\/li>\n<li>flood: 600 lumenes\/ 6hrs \/ 38 mts<\/li>\n<li>red: 30 lumenes \/10.5hrs \/ 12mts<\/li>\n<\/ol>\n","protected":false},"excerpt":{"rendered":"<p>Con un haz de luz de un cuarto de milla de largo, este reflector de 500 l\u00famenes tambi\u00e9n cuenta con un reflector C\u2022O\u2022B para iluminaci\u00f3n de corto alcance. El dial de selecci\u00f3n de modo magn\u00e9tico, la base magn\u00e9tica, el clip reversible y el soporte para tr\u00edpode agregan la m\u00e1xima versatilidad a sus soluciones de iluminaci\u00f3n. [&hellip;]<\/p>\n","protected":false},"featured_media":7323,"template":"","meta":{"_et_pb_use_builder":"","_et_pb_old_content":"","_et_gb_content_width":""},"product_cat":[80],"product_tag":[792,789,429,790],"class_list":{"0":"post-7322","1":"product","2":"type-product","3":"status-publish","4":"has-post-thumbnail","6":"product_cat-linternas","7":"product_tag-linterna-nebo","8":"product_tag-master-series","9":"product_tag-nebo","10":"product_tag-nebo-master-series","12":"first","13":"instock","14":"sale","15":"shipping-taxable","16":"purchasable","17":"product-type-simple"},"_links":{"self":[{"href":"https:\/\/www.militarychile.cl\/index.php?rest_route=\/wp\/v2\/product\/7322"}],"collection":[{"href":"https:\/\/www.militarychile.cl\/index.php?rest_route=\/wp\/v2\/product"}],"about":[{"href":"https:\/\/www.militarychile.cl\/index.php?rest_route=\/wp\/v2\/types\/product"}],"wp:featuredmedia":[{"embeddable":true,"href":"https:\/\/www.militarychile.cl\/index.php?rest_route=\/wp\/v2\/media\/7323"}],"wp:attachment":[{"href":"https:\/\/www.militarychile.cl\/index.php?rest_route=%2Fwp%2Fv2%2Fmedia&parent=7322"}],"wp:term":[{"taxonomy":"product_cat","embeddable":true,"href":"https:\/\/www.militarychile.cl\/index.php?rest_route=%2Fwp%2Fv2%2Fproduct_cat&post=7322"},{"taxonomy":"product_tag","embeddable":true,"href":"https:\/\/www.militarychile.cl\/index.php?rest_route=%2Fwp%2Fv2%2Fproduct_tag&post=7322"}],"curies":[{"name":"wp","href":"https:\/\/api.w.org\/{rel}","templated":true}]}}