{"id":7377,"date":"2023-07-14T17:59:13","date_gmt":"2023-07-14T21:59:13","guid":{"rendered":"https:\/\/www.militarychile.cl\/?post_type=product&#038;p=7377"},"modified":"2025-12-18T15:49:23","modified_gmt":"2025-12-18T18:49:23","slug":"chaleco-t","status":"publish","type":"product","link":"https:\/\/www.militarychile.cl\/?product=chaleco-t","title":{"rendered":"CHALECO T\u00c1CTICO SCTAC MOLLE"},"content":{"rendered":"<p>Construido con nailon impermeable, ligero y resistente al desgaste.<br \/>\nCinturones de hombro y cintura ajustables, se ajustan a la mayor\u00eda de tama\u00f1os de cuerpo.<br \/>\nAcolchado de malla suave en el interior para proporcionar comodidad y transpirabilidad a su espalda.<br \/>\nSistema de suspensi\u00f3n Molle en la parte delantera y trasera para contener m\u00e1s bolsas u otros art\u00edculos.<br \/>\nR\u00e1pido, r\u00e1pido y c\u00f3modo de llevar y descargar.<br \/>\nExcelente para paintball, airsoft, caza y otras actividades al aire libre.<\/p>\n<p>Especificaciones:<br \/>\nMaterial: 900D<\/p>\n","protected":false},"excerpt":{"rendered":"<p>Construido con nailon impermeable, ligero y resistente al desgaste. Cinturones de hombro y cintura ajustables, se ajustan a la mayor\u00eda de tama\u00f1os de cuerpo. Acolchado de malla suave en el interior para proporcionar comodidad y transpirabilidad a su espalda. Sistema de suspensi\u00f3n Molle en la parte delantera y trasera para contener m\u00e1s bolsas u otros [&hellip;]<\/p>\n","protected":false},"featured_media":7379,"template":"","meta":{"_et_pb_use_builder":"","_et_pb_old_content":"","_et_gb_content_width":""},"product_cat":[21],"product_tag":[],"class_list":{"0":"post-7377","1":"product","2":"type-product","3":"status-publish","4":"has-post-thumbnail","6":"product_cat-chalecos-tacticos","8":"first","9":"instock","10":"shipping-taxable","11":"purchasable","12":"product-type-variable"},"_links":{"self":[{"href":"https:\/\/www.militarychile.cl\/index.php?rest_route=\/wp\/v2\/product\/7377"}],"collection":[{"href":"https:\/\/www.militarychile.cl\/index.php?rest_route=\/wp\/v2\/product"}],"about":[{"href":"https:\/\/www.militarychile.cl\/index.php?rest_route=\/wp\/v2\/types\/product"}],"wp:featuredmedia":[{"embeddable":true,"href":"https:\/\/www.militarychile.cl\/index.php?rest_route=\/wp\/v2\/media\/7379"}],"wp:attachment":[{"href":"https:\/\/www.militarychile.cl\/index.php?rest_route=%2Fwp%2Fv2%2Fmedia&parent=7377"}],"wp:term":[{"taxonomy":"product_cat","embeddable":true,"href":"https:\/\/www.militarychile.cl\/index.php?rest_route=%2Fwp%2Fv2%2Fproduct_cat&post=7377"},{"taxonomy":"product_tag","embeddable":true,"href":"https:\/\/www.militarychile.cl\/index.php?rest_route=%2Fwp%2Fv2%2Fproduct_tag&post=7377"}],"curies":[{"name":"wp","href":"https:\/\/api.w.org\/{rel}","templated":true}]}}