{"id":7941,"date":"2023-07-20T16:18:59","date_gmt":"2023-07-20T20:18:59","guid":{"rendered":"https:\/\/www.militarychile.cl\/?post_type=product&#038;p=7941"},"modified":"2023-07-20T16:19:00","modified_gmt":"2023-07-20T20:19:00","slug":"caja-rapture-pro-series-wire-bait-box","status":"publish","type":"product","link":"https:\/\/www.militarychile.cl\/?product=caja-rapture-pro-series-wire-bait-box","title":{"rendered":"CAJA RAPTURE PRO SERIES WIRE BAIT BOX"},"content":{"rendered":"<p>CAJA SE\u00d1UELOS RAPTURE<\/p>\n<p>DISE\u00d1ADA PARA COLGAR SE\u00d1UELOS DESDE EL ANZUELO.<\/p>\n<p>DIMENSIONES<\/p>\n<p>18.5 X 14 X 4.8 CM<\/p>\n","protected":false},"excerpt":{"rendered":"<p>CAJA SE\u00d1UELOS RAPTURE DISE\u00d1ADA PARA COLGAR SE\u00d1UELOS DESDE EL ANZUELO. DIMENSIONES 18.5 X 14 X 4.8 CM<\/p>\n","protected":false},"featured_media":7942,"template":"","meta":{"_et_pb_use_builder":"","_et_pb_old_content":"","_et_gb_content_width":""},"product_cat":[881],"product_tag":[],"class_list":{"0":"post-7941","1":"product","2":"type-product","3":"status-publish","4":"has-post-thumbnail","6":"product_cat-cajas","8":"first","9":"instock","10":"shipping-taxable","11":"purchasable","12":"product-type-simple"},"_links":{"self":[{"href":"https:\/\/www.militarychile.cl\/index.php?rest_route=\/wp\/v2\/product\/7941"}],"collection":[{"href":"https:\/\/www.militarychile.cl\/index.php?rest_route=\/wp\/v2\/product"}],"about":[{"href":"https:\/\/www.militarychile.cl\/index.php?rest_route=\/wp\/v2\/types\/product"}],"wp:featuredmedia":[{"embeddable":true,"href":"https:\/\/www.militarychile.cl\/index.php?rest_route=\/wp\/v2\/media\/7942"}],"wp:attachment":[{"href":"https:\/\/www.militarychile.cl\/index.php?rest_route=%2Fwp%2Fv2%2Fmedia&parent=7941"}],"wp:term":[{"taxonomy":"product_cat","embeddable":true,"href":"https:\/\/www.militarychile.cl\/index.php?rest_route=%2Fwp%2Fv2%2Fproduct_cat&post=7941"},{"taxonomy":"product_tag","embeddable":true,"href":"https:\/\/www.militarychile.cl\/index.php?rest_route=%2Fwp%2Fv2%2Fproduct_tag&post=7941"}],"curies":[{"name":"wp","href":"https:\/\/api.w.org\/{rel}","templated":true}]}}